{"id":13420,"date":"2025-05-28T19:26:13","date_gmt":"2025-05-28T19:26:13","guid":{"rendered":"https:\/\/wproduction.sk\/?page_id=13420"},"modified":"2025-05-28T22:14:07","modified_gmt":"2025-05-28T22:14:07","slug":"apple-mac-studio-m4-max","status":"publish","type":"page","link":"https:\/\/wproduction.sk\/hu\/technologiak\/mediaszerverek\/apple-mac-studio-m4-max\/","title":{"rendered":"Apple Mac Studio M4 MAX"},"content":{"rendered":"<div data-elementor-type=\"wp-page\" data-elementor-id=\"13420\" class=\"elementor elementor-13420\" data-elementor-post-type=\"page\">\n\t\t\t\t<div class=\"elementor-element elementor-element-19e3327 elementor-page-header border-radius-section e-flex e-con-boxed e-con e-parent\" data-id=\"19e3327\" data-element_type=\"container\" data-e-type=\"container\">\n\t\t\t\t\t<div class=\"e-con-inner\">\n\t\t<div class=\"elementor-element elementor-element-f953695 e-flex e-con-boxed e-con e-child\" data-id=\"f953695\" data-element_type=\"container\" data-e-type=\"container\" data-settings=\"{&quot;background_background&quot;:&quot;classic&quot;}\">\n\t\t\t\t\t<div class=\"e-con-inner\">\n\t\t<div class=\"elementor-element elementor-element-8dd63ed e-con-full e-flex e-con e-child\" data-id=\"8dd63ed\" data-element_type=\"container\" data-e-type=\"container\">\n\t\t\t\t<div class=\"elementor-element elementor-element-bff8899 at-heading-animation at-animation-heading-style-2 elementor-widget elementor-widget-heading\" data-id=\"bff8899\" data-element_type=\"widget\" data-e-type=\"widget\" data-settings=\"{&quot;ekit_we_effect_on&quot;:&quot;none&quot;}\" data-widget_type=\"heading.default\">\n\t\t\t\t<div class=\"elementor-widget-container\">\n\t\t\t\t\t<h1 class=\"elementor-heading-title elementor-size-default\">Apple Mac Studio M4 MAX<\/h1>\t\t\t\t<\/div>\n\t\t\t\t<\/div>\n\t\t\t\t<div class=\"elementor-element elementor-element-9971d97 page-header-breadcrumb elementor-invisible elementor-widget elementor-widget-elementskit-breadcrumb\" data-id=\"9971d97\" data-element_type=\"widget\" data-e-type=\"widget\" data-settings=\"{&quot;_animation&quot;:&quot;fadeInUp&quot;,&quot;ekit_we_effect_on&quot;:&quot;none&quot;}\" data-widget_type=\"elementskit-breadcrumb.default\">\n\t\t\t\t<div class=\"elementor-widget-container\">\n\t\t\t\t\t<div class=\"ekit-wid-con\" ><ol class=\"ekit-breadcrumb\"><li class=\"ekit_breadcrumbs_start\"><a href=\"https:\/\/wproduction.sk\/en\" data-no-translation=\"\" data-trp-gettext=\"\">Home<\/a><\/li> <li class=\"brd_sep\"> &raquo; <\/li> <li><a href=\"https:\/\/wproduction.sk\/en\/technologies\/\" title=\"Technol\u00f3gi\u00e1k\">Technol\u00f3gi\u00e1k<\/a><\/li> <li class=\"brd_sep\"> &raquo; <\/li> <li><a href=\"https:\/\/wproduction.sk\/en\/technologies\/media-servers\/\" title=\"M\u00e9dia szerverek\">M\u00e9dia szerverek<\/a><\/li> <li class=\"brd_sep\"> &raquo; <\/li>  <li>Apple Mac Studio M4 MAX<\/li><\/ol><\/div>\t\t\t\t<\/div>\n\t\t\t\t<\/div>\n\t\t\t\t<\/div>\n\t\t\t\t\t<\/div>\n\t\t\t\t<\/div>\n\t\t\t\t\t<\/div>\n\t\t\t\t<\/div>\n\t\t<div class=\"elementor-element elementor-element-016c4bd e-flex e-con-boxed e-con e-parent\" data-id=\"016c4bd\" data-element_type=\"container\" data-e-type=\"container\">\n\t\t\t\t\t<div class=\"e-con-inner\">\n\t\t<div class=\"elementor-element elementor-element-2cbfa30 e-con-full e-flex e-con e-child\" data-id=\"2cbfa30\" data-element_type=\"container\" data-e-type=\"container\">\n\t\t\t\t<div class=\"elementor-element elementor-element-315ebfb at-image-animation at-animation-image-none elementor-widget elementor-widget-image\" data-id=\"315ebfb\" data-element_type=\"widget\" data-e-type=\"widget\" data-settings=\"{&quot;ekit_we_effect_on&quot;:&quot;none&quot;}\" data-widget_type=\"image.default\">\n\t\t\t\t<div class=\"elementor-widget-container\">\n\t\t\t\t\t\t\t\t\t\t\t\t\t\t\t\t<a href=\"https:\/\/wproduction.sk\/wp-content\/uploads\/2025\/05\/apple-mac-studio-m4-max-cover.jpg\" data-elementor-open-lightbox=\"yes\" data-elementor-lightbox-title=\"apple-mac-studio-m4-max-cover\" data-e-action-hash=\"#elementor-action%3Aaction%3Dlightbox%26settings%3DeyJpZCI6MTM0NDksInVybCI6Imh0dHBzOlwvXC93cHJvZHVjdGlvbi5za1wvd3AtY29udGVudFwvdXBsb2Fkc1wvMjAyNVwvMDVcL2FwcGxlLW1hYy1zdHVkaW8tbTQtbWF4LWNvdmVyLmpwZyJ9\">\n\t\t\t\t\t\t\t<img fetchpriority=\"high\" decoding=\"async\" width=\"1920\" height=\"1080\" src=\"https:\/\/wproduction.sk\/wp-content\/uploads\/2025\/05\/apple-mac-studio-m4-max-cover.jpg\" class=\"attachment-full size-full wp-image-13449\" alt=\"\" srcset=\"https:\/\/wproduction.sk\/wp-content\/uploads\/2025\/05\/apple-mac-studio-m4-max-cover.jpg 1920w, https:\/\/wproduction.sk\/wp-content\/uploads\/2025\/05\/apple-mac-studio-m4-max-cover-300x169.jpg 300w, https:\/\/wproduction.sk\/wp-content\/uploads\/2025\/05\/apple-mac-studio-m4-max-cover-1024x576.jpg 1024w, https:\/\/wproduction.sk\/wp-content\/uploads\/2025\/05\/apple-mac-studio-m4-max-cover-768x432.jpg 768w, https:\/\/wproduction.sk\/wp-content\/uploads\/2025\/05\/apple-mac-studio-m4-max-cover-1536x864.jpg 1536w, https:\/\/wproduction.sk\/wp-content\/uploads\/2025\/05\/apple-mac-studio-m4-max-cover-18x10.jpg 18w\" sizes=\"(max-width: 1920px) 100vw, 1920px\" \/>\t\t\t\t\t\t\t\t<\/a>\n\t\t\t\t\t\t\t\t\t\t\t\t\t\t\t<\/div>\n\t\t\t\t<\/div>\n\t\t\t\t<\/div>\n\t\t<div class=\"elementor-element elementor-element-988a776 e-con-full e-flex e-con e-child\" data-id=\"988a776\" data-element_type=\"container\" data-e-type=\"container\">\n\t\t\t\t<div class=\"elementor-element elementor-element-2f67547 at-heading-animation at-animation-heading-none elementor-widget elementor-widget-heading\" data-id=\"2f67547\" data-element_type=\"widget\" data-e-type=\"widget\" data-settings=\"{&quot;ekit_we_effect_on&quot;:&quot;none&quot;}\" data-widget_type=\"heading.default\">\n\t\t\t\t<div class=\"elementor-widget-container\">\n\t\t\t\t\t<h2 class=\"elementor-heading-title elementor-size-default\">Mac Studio M4 Max chippel \u2013 teljes\u00edtm\u00e9nyforradalom a kreat\u00edv szakemberek sz\u00e1m\u00e1ra\nA Mac Studio az \u00faj M4 Max chippel \u00faj szintre emeli a teljes\u00edtm\u00e9nyt kompakt kivitelben. Vide\u00f3gy\u00e1rt\u00e1sban, 3D modellez\u00e9sben, zenei produkci\u00f3ban vagy alkalmaz\u00e1sfejleszt\u00e9sben dolgoz\u00f3 profik sz\u00e1m\u00e1ra k\u00e9sz\u00fclt \u2013 ez az asztali sz\u00e1m\u00edt\u00f3g\u00e9p leny\u0171g\u00f6z\u0151 sebess\u00e9get, hat\u00e9konys\u00e1got \u00e9s b\u0151v\u00edthet\u0151s\u00e9get k\u00edn\u00e1l minden st\u00fadi\u00f3 sz\u00e1m\u00e1ra.<\/h2>\t\t\t\t<\/div>\n\t\t\t\t<\/div>\n\t\t\t\t<\/div>\n\t\t\t\t\t<\/div>\n\t\t\t\t<\/div>\n\t\t<div class=\"elementor-element elementor-element-d02a1a6 border-radius-section e-flex e-con-boxed e-con e-parent\" data-id=\"d02a1a6\" data-element_type=\"container\" data-e-type=\"container\" data-settings=\"{&quot;background_background&quot;:&quot;classic&quot;}\">\n\t\t\t\t\t<div class=\"e-con-inner\">\n\t\t<div class=\"elementor-element elementor-element-63e1853 e-flex e-con-boxed e-con e-child\" data-id=\"63e1853\" data-element_type=\"container\" data-e-type=\"container\" data-settings=\"{&quot;background_background&quot;:&quot;classic&quot;}\">\n\t\t\t\t\t<div class=\"e-con-inner\">\n\t\t<div class=\"elementor-element elementor-element-f150048 e-con-full e-flex e-con e-child\" data-id=\"f150048\" data-element_type=\"container\" data-e-type=\"container\">\n\t\t<div class=\"elementor-element elementor-element-f00826c e-con-full e-flex e-con e-child\" data-id=\"f00826c\" data-element_type=\"container\" data-e-type=\"container\">\n\t\t\t\t<div class=\"elementor-element elementor-element-1672fe2 section-title at-heading-animation at-animation-heading-none elementor-invisible elementor-widget elementor-widget-heading\" data-id=\"1672fe2\" data-element_type=\"widget\" data-e-type=\"widget\" data-settings=\"{&quot;_animation&quot;:&quot;fadeInUp&quot;,&quot;ekit_we_effect_on&quot;:&quot;none&quot;}\" data-widget_type=\"heading.default\">\n\t\t\t\t<div class=\"elementor-widget-container\">\n\t\t\t\t\t<h3 class=\"elementor-heading-title elementor-size-default\">M\u0171szaki adatok<\/h3>\t\t\t\t<\/div>\n\t\t\t\t<\/div>\n\t\t\t\t<\/div>\n\t\t\t\t<\/div>\n\t\t<div class=\"elementor-element elementor-element-6278f44 e-con-full e-flex elementor-invisible e-con e-child\" data-id=\"6278f44\" data-element_type=\"container\" data-e-type=\"container\" data-settings=\"{&quot;animation&quot;:&quot;fadeInUp&quot;}\">\n\t\t\t\t<div class=\"elementor-element elementor-element-d369ef5 elementor-widget elementor-widget-text-editor\" data-id=\"d369ef5\" data-element_type=\"widget\" data-e-type=\"widget\" data-settings=\"{&quot;ekit_we_effect_on&quot;:&quot;none&quot;}\" data-widget_type=\"text-editor.default\">\n\t\t\t\t<div class=\"elementor-widget-container\">\n\t\t\t\t\t\t\t\t\t<p class=\"p1\"><strong>Processzor:<\/strong> Apple M4 Max chip (12 magos CPU \u2013 8 nagy teljes\u00edtm\u00e9ny\u0171 mag + 4 energiatakar\u00e9kos mag)<br \/><strong><br \/>Grafika:<\/strong> 30 magos GPU (a chipbe integr\u00e1lva)<br \/><strong><br \/>Mem\u00f3ria (RAM):<\/strong> 36 GB egyes\u00edtett RAM<br \/><strong><br \/>T\u00e1rhely:<\/strong> 512 GB SSD (Solid State Drive)<br \/><strong><br \/>Portok:<\/strong> 4x Thunderbolt 4 (USB-C), 2x USB-A, 1x HDMI, 1x 10 Gb Ethernet, 1x 3,5 mm fejhallgat\u00f3-csatlakoz\u00f3<\/p>\t\t\t\t\t\t\t\t<\/div>\n\t\t\t\t<\/div>\n\t\t\t\t<\/div>\n\t\t<div class=\"elementor-element elementor-element-e4c7c40 e-con-full e-flex elementor-invisible e-con e-child\" data-id=\"e4c7c40\" data-element_type=\"container\" data-e-type=\"container\" data-settings=\"{&quot;animation&quot;:&quot;fadeInUp&quot;}\">\n\t\t\t\t<div class=\"elementor-element elementor-element-d98d071 elementor-widget elementor-widget-text-editor\" data-id=\"d98d071\" data-element_type=\"widget\" data-e-type=\"widget\" data-settings=\"{&quot;ekit_we_effect_on&quot;:&quot;none&quot;}\" data-widget_type=\"text-editor.default\">\n\t\t\t\t<div class=\"elementor-widget-container\">\n\t\t\t\t\t\t\t\t\t<p class=\"p1\"><strong>Vezet\u00e9k n\u00e9lk\u00fcli kapcsolat:<\/strong> Wi-Fi 6E (802.11ax), Bluetooth 5.3<br \/><strong><br \/>Oper\u00e1ci\u00f3s rendszer:<\/strong> macOS Sequoia<br \/><strong><br \/>T\u00e1pegys\u00e9g:<\/strong> K\u00fcls\u0151 t\u00e1pegys\u00e9g (akkumul\u00e1tor n\u00e9lk\u00fcl \u2013 asztali sz\u00e1m\u00edt\u00f3g\u00e9p)<br \/><strong><br \/>M\u00e9retek:<\/strong> 19,7 x 19,7 x 9,5 cm<br \/><strong><br \/>S\u00faly:<\/strong> cca 2,7 kg<\/p>\t\t\t\t\t\t\t\t<\/div>\n\t\t\t\t<\/div>\n\t\t\t\t<\/div>\n\t\t\t\t\t<\/div>\n\t\t\t\t<\/div>\n\t\t\t\t\t<\/div>\n\t\t\t\t<\/div>\n\t\t\t\t<\/div>","protected":false},"excerpt":{"rendered":"<p>Domov Mac Studio s \u010dipom M4 Max \u2013 v\u00fdkonnostn\u00e1 [&hellip;]<\/p>","protected":false},"author":1,"featured_media":13449,"parent":11851,"menu_order":0,"comment_status":"closed","ping_status":"closed","template":"elementor_header_footer","meta":{"footnotes":""},"class_list":["post-13420","page","type-page","status-publish","has-post-thumbnail","hentry"],"yoast_head":"<!-- This site is optimized with the Yoast SEO Premium plugin v27.0 (Yoast SEO v27.5) - https:\/\/yoast.com\/product\/yoast-seo-premium-wordpress\/ -->\n<title>Apple Mac Studio M4 MAX | W Production<\/title>\n<meta name=\"description\" content=\"Mac Studio s \u010dipom M4 Max \u2013 v\u00fdkonnostn\u00e1 revol\u00facia pre kreat\u00edvnych profesion\u00e1lovMac Studio s nov\u00fdm \u010dipom M4 Max pos\u00fava hranice ...\" \/>\n<meta name=\"robots\" content=\"index, follow, max-snippet:-1, max-image-preview:large, max-video-preview:-1\" \/>\n<link rel=\"canonical\" href=\"https:\/\/wproduction.sk\/hu\/technologiak\/mediaszerverek\/apple-mac-studio-m4-max\/\" \/>\n<meta property=\"og:locale\" content=\"hu_HU\" \/>\n<meta property=\"og:type\" content=\"article\" \/>\n<meta property=\"og:title\" content=\"Apple Mac Studio M4 MAX\" \/>\n<meta property=\"og:description\" content=\"Mac Studio s \u010dipom M4 Max \u2013 v\u00fdkonnostn\u00e1 revol\u00facia pre kreat\u00edvnych profesion\u00e1lovMac Studio s nov\u00fdm \u010dipom M4 Max pos\u00fava hranice ...\" \/>\n<meta property=\"og:url\" content=\"https:\/\/wproduction.sk\/hu\/technologiak\/mediaszerverek\/apple-mac-studio-m4-max\/\" \/>\n<meta property=\"og:site_name\" content=\"W Production\" \/>\n<meta property=\"article:publisher\" content=\"https:\/\/www.facebook.com\/wproduction.slovakia\/\" \/>\n<meta property=\"article:modified_time\" content=\"2025-05-28T22:14:07+00:00\" \/>\n<meta property=\"og:image\" content=\"https:\/\/wproduction.sk\/wp-content\/uploads\/2025\/05\/apple-mac-studio-m4-max-cover.jpg\" \/>\n\t<meta property=\"og:image:width\" content=\"1920\" \/>\n\t<meta property=\"og:image:height\" content=\"1080\" \/>\n\t<meta property=\"og:image:type\" content=\"image\/jpeg\" \/>\n<meta name=\"twitter:card\" content=\"summary_large_image\" \/>\n<meta name=\"twitter:label1\" content=\"Becs\u00fclt olvas\u00e1si id\u0151\" \/>\n\t<meta name=\"twitter:data1\" content=\"1 perc\" \/>\n<script type=\"application\/ld+json\" class=\"yoast-schema-graph\">{\"@context\":\"https:\\\/\\\/schema.org\",\"@graph\":[{\"@type\":\"WebPage\",\"@id\":\"https:\\\/\\\/wproduction.sk\\\/technologie\\\/mediaservery\\\/apple-mac-studio-m4-max\\\/\",\"url\":\"https:\\\/\\\/wproduction.sk\\\/technologie\\\/mediaservery\\\/apple-mac-studio-m4-max\\\/\",\"name\":\"Apple Mac Studio M4 MAX | W Production\",\"isPartOf\":{\"@id\":\"https:\\\/\\\/wproduction.sk\\\/#website\"},\"primaryImageOfPage\":{\"@id\":\"https:\\\/\\\/wproduction.sk\\\/technologie\\\/mediaservery\\\/apple-mac-studio-m4-max\\\/#primaryimage\"},\"image\":{\"@id\":\"https:\\\/\\\/wproduction.sk\\\/technologie\\\/mediaservery\\\/apple-mac-studio-m4-max\\\/#primaryimage\"},\"thumbnailUrl\":\"https:\\\/\\\/wproduction.sk\\\/wp-content\\\/uploads\\\/2025\\\/05\\\/apple-mac-studio-m4-max-cover.jpg\",\"datePublished\":\"2025-05-28T19:26:13+00:00\",\"dateModified\":\"2025-05-28T22:14:07+00:00\",\"description\":\"Mac Studio s \u010dipom M4 Max \u2013 v\u00fdkonnostn\u00e1 revol\u00facia pre kreat\u00edvnych profesion\u00e1lovMac Studio s nov\u00fdm \u010dipom M4 Max pos\u00fava hranice ...\",\"breadcrumb\":{\"@id\":\"https:\\\/\\\/wproduction.sk\\\/technologie\\\/mediaservery\\\/apple-mac-studio-m4-max\\\/#breadcrumb\"},\"inLanguage\":\"hu\",\"potentialAction\":[{\"@type\":\"ReadAction\",\"target\":[\"https:\\\/\\\/wproduction.sk\\\/technologie\\\/mediaservery\\\/apple-mac-studio-m4-max\\\/\"]}]},{\"@type\":\"ImageObject\",\"inLanguage\":\"hu\",\"@id\":\"https:\\\/\\\/wproduction.sk\\\/technologie\\\/mediaservery\\\/apple-mac-studio-m4-max\\\/#primaryimage\",\"url\":\"https:\\\/\\\/wproduction.sk\\\/wp-content\\\/uploads\\\/2025\\\/05\\\/apple-mac-studio-m4-max-cover.jpg\",\"contentUrl\":\"https:\\\/\\\/wproduction.sk\\\/wp-content\\\/uploads\\\/2025\\\/05\\\/apple-mac-studio-m4-max-cover.jpg\",\"width\":1920,\"height\":1080},{\"@type\":\"BreadcrumbList\",\"@id\":\"https:\\\/\\\/wproduction.sk\\\/technologie\\\/mediaservery\\\/apple-mac-studio-m4-max\\\/#breadcrumb\",\"itemListElement\":[{\"@type\":\"ListItem\",\"position\":1,\"name\":\"Home\",\"item\":\"https:\\\/\\\/wproduction.sk\\\/\"},{\"@type\":\"ListItem\",\"position\":2,\"name\":\"Technol\u00f3gie\",\"item\":\"https:\\\/\\\/wproduction.sk\\\/technologie\\\/\"},{\"@type\":\"ListItem\",\"position\":3,\"name\":\"Mediaservery\",\"item\":\"https:\\\/\\\/wproduction.sk\\\/technologie\\\/mediaservery\\\/\"},{\"@type\":\"ListItem\",\"position\":4,\"name\":\"Apple Mac Studio M4 MAX\"}]},{\"@type\":\"WebSite\",\"@id\":\"https:\\\/\\\/wproduction.sk\\\/#website\",\"url\":\"https:\\\/\\\/wproduction.sk\\\/\",\"name\":\"W Production\",\"description\":\"\",\"publisher\":{\"@id\":\"https:\\\/\\\/wproduction.sk\\\/#organization\"},\"potentialAction\":[{\"@type\":\"SearchAction\",\"target\":{\"@type\":\"EntryPoint\",\"urlTemplate\":\"https:\\\/\\\/wproduction.sk\\\/?s={search_term_string}\"},\"query-input\":{\"@type\":\"PropertyValueSpecification\",\"valueRequired\":true,\"valueName\":\"search_term_string\"}}],\"inLanguage\":\"hu\"},{\"@type\":\"Organization\",\"@id\":\"https:\\\/\\\/wproduction.sk\\\/#organization\",\"name\":\"W Production s.r.o.\",\"url\":\"https:\\\/\\\/wproduction.sk\\\/\",\"logo\":{\"@type\":\"ImageObject\",\"inLanguage\":\"hu\",\"@id\":\"https:\\\/\\\/wproduction.sk\\\/#\\\/schema\\\/logo\\\/image\\\/\",\"url\":\"https:\\\/\\\/wproduction.sk\\\/wp-content\\\/uploads\\\/2025\\\/03\\\/w-production-logo-small.jpg\",\"contentUrl\":\"https:\\\/\\\/wproduction.sk\\\/wp-content\\\/uploads\\\/2025\\\/03\\\/w-production-logo-small.jpg\",\"width\":800,\"height\":800,\"caption\":\"W Production s.r.o.\"},\"image\":{\"@id\":\"https:\\\/\\\/wproduction.sk\\\/#\\\/schema\\\/logo\\\/image\\\/\"},\"sameAs\":[\"https:\\\/\\\/www.facebook.com\\\/wproduction.slovakia\\\/\",\"https:\\\/\\\/www.instagram.com\\\/wproduction.sk\"],\"description\":\"W Production je video-produk\u010dn\u00e1 spolo\u010dnos\u0165, ktor\u00e1 sa \u0161pecializuje na tvorbu audiovizu\u00e1lneho obsahu. Pri na\u0161ej pr\u00e1ci kladieme d\u00f4raz na kvalitu, kreativitu a technick\u00fa prec\u00edznos\u0165.\",\"email\":\"info@wproduction.sk\",\"telephone\":\"+421 907 093 895\",\"legalName\":\"W Production s.r.o.\",\"foundingDate\":\"2022-01-01\",\"taxID\":\"2121635681\"}]}<\/script>\n<!-- \/ Yoast SEO Premium plugin. -->","yoast_head_json":{"title":"Apple Mac Studio M4 MAX | W Production","description":"Mac Studio s \u010dipom M4 Max \u2013 v\u00fdkonnostn\u00e1 revol\u00facia pre kreat\u00edvnych profesion\u00e1lovMac Studio s nov\u00fdm \u010dipom M4 Max pos\u00fava hranice ...","robots":{"index":"index","follow":"follow","max-snippet":"max-snippet:-1","max-image-preview":"max-image-preview:large","max-video-preview":"max-video-preview:-1"},"canonical":"https:\/\/wproduction.sk\/hu\/technologiak\/mediaszerverek\/apple-mac-studio-m4-max\/","og_locale":"hu_HU","og_type":"article","og_title":"Apple Mac Studio M4 MAX","og_description":"Mac Studio s \u010dipom M4 Max \u2013 v\u00fdkonnostn\u00e1 revol\u00facia pre kreat\u00edvnych profesion\u00e1lovMac Studio s nov\u00fdm \u010dipom M4 Max pos\u00fava hranice ...","og_url":"https:\/\/wproduction.sk\/hu\/technologiak\/mediaszerverek\/apple-mac-studio-m4-max\/","og_site_name":"W Production","article_publisher":"https:\/\/www.facebook.com\/wproduction.slovakia\/","article_modified_time":"2025-05-28T22:14:07+00:00","og_image":[{"width":1920,"height":1080,"url":"https:\/\/wproduction.sk\/wp-content\/uploads\/2025\/05\/apple-mac-studio-m4-max-cover.jpg","type":"image\/jpeg"}],"twitter_card":"summary_large_image","twitter_misc":{"Becs\u00fclt olvas\u00e1si id\u0151":"1 perc"},"schema":{"@context":"https:\/\/schema.org","@graph":[{"@type":"WebPage","@id":"https:\/\/wproduction.sk\/technologie\/mediaservery\/apple-mac-studio-m4-max\/","url":"https:\/\/wproduction.sk\/technologie\/mediaservery\/apple-mac-studio-m4-max\/","name":"Apple Mac Studio M4 MAX | W Production","isPartOf":{"@id":"https:\/\/wproduction.sk\/#website"},"primaryImageOfPage":{"@id":"https:\/\/wproduction.sk\/technologie\/mediaservery\/apple-mac-studio-m4-max\/#primaryimage"},"image":{"@id":"https:\/\/wproduction.sk\/technologie\/mediaservery\/apple-mac-studio-m4-max\/#primaryimage"},"thumbnailUrl":"https:\/\/wproduction.sk\/wp-content\/uploads\/2025\/05\/apple-mac-studio-m4-max-cover.jpg","datePublished":"2025-05-28T19:26:13+00:00","dateModified":"2025-05-28T22:14:07+00:00","description":"Mac Studio s \u010dipom M4 Max \u2013 v\u00fdkonnostn\u00e1 revol\u00facia pre kreat\u00edvnych profesion\u00e1lovMac Studio s nov\u00fdm \u010dipom M4 Max pos\u00fava hranice ...","breadcrumb":{"@id":"https:\/\/wproduction.sk\/technologie\/mediaservery\/apple-mac-studio-m4-max\/#breadcrumb"},"inLanguage":"hu","potentialAction":[{"@type":"ReadAction","target":["https:\/\/wproduction.sk\/technologie\/mediaservery\/apple-mac-studio-m4-max\/"]}]},{"@type":"ImageObject","inLanguage":"hu","@id":"https:\/\/wproduction.sk\/technologie\/mediaservery\/apple-mac-studio-m4-max\/#primaryimage","url":"https:\/\/wproduction.sk\/wp-content\/uploads\/2025\/05\/apple-mac-studio-m4-max-cover.jpg","contentUrl":"https:\/\/wproduction.sk\/wp-content\/uploads\/2025\/05\/apple-mac-studio-m4-max-cover.jpg","width":1920,"height":1080},{"@type":"BreadcrumbList","@id":"https:\/\/wproduction.sk\/technologie\/mediaservery\/apple-mac-studio-m4-max\/#breadcrumb","itemListElement":[{"@type":"ListItem","position":1,"name":"Home","item":"https:\/\/wproduction.sk\/"},{"@type":"ListItem","position":2,"name":"Technol\u00f3gie","item":"https:\/\/wproduction.sk\/technologie\/"},{"@type":"ListItem","position":3,"name":"Mediaservery","item":"https:\/\/wproduction.sk\/technologie\/mediaservery\/"},{"@type":"ListItem","position":4,"name":"Apple Mac Studio M4 MAX"}]},{"@type":"WebSite","@id":"https:\/\/wproduction.sk\/#website","url":"https:\/\/wproduction.sk\/","name":"W Production","description":"","publisher":{"@id":"https:\/\/wproduction.sk\/#organization"},"potentialAction":[{"@type":"SearchAction","target":{"@type":"EntryPoint","urlTemplate":"https:\/\/wproduction.sk\/?s={search_term_string}"},"query-input":{"@type":"PropertyValueSpecification","valueRequired":true,"valueName":"search_term_string"}}],"inLanguage":"hu"},{"@type":"Organization","@id":"https:\/\/wproduction.sk\/#organization","name":"W Production s.r.o.","url":"https:\/\/wproduction.sk\/","logo":{"@type":"ImageObject","inLanguage":"hu","@id":"https:\/\/wproduction.sk\/#\/schema\/logo\/image\/","url":"https:\/\/wproduction.sk\/wp-content\/uploads\/2025\/03\/w-production-logo-small.jpg","contentUrl":"https:\/\/wproduction.sk\/wp-content\/uploads\/2025\/03\/w-production-logo-small.jpg","width":800,"height":800,"caption":"W Production s.r.o."},"image":{"@id":"https:\/\/wproduction.sk\/#\/schema\/logo\/image\/"},"sameAs":["https:\/\/www.facebook.com\/wproduction.slovakia\/","https:\/\/www.instagram.com\/wproduction.sk"],"description":"W Production je video-produk\u010dn\u00e1 spolo\u010dnos\u0165, ktor\u00e1 sa \u0161pecializuje na tvorbu audiovizu\u00e1lneho obsahu. Pri na\u0161ej pr\u00e1ci kladieme d\u00f4raz na kvalitu, kreativitu a technick\u00fa prec\u00edznos\u0165.","email":"info@wproduction.sk","telephone":"+421 907 093 895","legalName":"W Production s.r.o.","foundingDate":"2022-01-01","taxID":"2121635681"}]}},"_links":{"self":[{"href":"https:\/\/wproduction.sk\/hu\/wp-json\/wp\/v2\/pages\/13420","targetHints":{"allow":["GET"]}}],"collection":[{"href":"https:\/\/wproduction.sk\/hu\/wp-json\/wp\/v2\/pages"}],"about":[{"href":"https:\/\/wproduction.sk\/hu\/wp-json\/wp\/v2\/types\/page"}],"author":[{"embeddable":true,"href":"https:\/\/wproduction.sk\/hu\/wp-json\/wp\/v2\/users\/1"}],"replies":[{"embeddable":true,"href":"https:\/\/wproduction.sk\/hu\/wp-json\/wp\/v2\/comments?post=13420"}],"version-history":[{"count":0,"href":"https:\/\/wproduction.sk\/hu\/wp-json\/wp\/v2\/pages\/13420\/revisions"}],"up":[{"embeddable":true,"href":"https:\/\/wproduction.sk\/hu\/wp-json\/wp\/v2\/pages\/11851"}],"wp:featuredmedia":[{"embeddable":true,"href":"https:\/\/wproduction.sk\/hu\/wp-json\/wp\/v2\/media\/13449"}],"wp:attachment":[{"href":"https:\/\/wproduction.sk\/hu\/wp-json\/wp\/v2\/media?parent=13420"}],"curies":[{"name":"wp","href":"https:\/\/api.w.org\/{rel}","templated":true}]}}