{"id":11862,"date":"2025-03-22T17:55:42","date_gmt":"2025-03-22T17:55:42","guid":{"rendered":"https:\/\/wproduction.sk\/?page_id=11862"},"modified":"2025-03-23T23:26:12","modified_gmt":"2025-03-23T23:26:12","slug":"apple-macbook-pro-15-i7","status":"publish","type":"page","link":"https:\/\/wproduction.sk\/hu\/technologiak\/mediaszerverek\/apple-macbook-pro-15-i7\/","title":{"rendered":"Apple MacBook Pro 15&#8243; i7"},"content":{"rendered":"<div data-elementor-type=\"wp-page\" data-elementor-id=\"11862\" class=\"elementor elementor-11862\" data-elementor-post-type=\"page\">\n\t\t\t\t<div class=\"elementor-element elementor-element-19e3327 elementor-page-header border-radius-section e-flex e-con-boxed e-con e-parent\" data-id=\"19e3327\" data-element_type=\"container\" data-e-type=\"container\">\n\t\t\t\t\t<div class=\"e-con-inner\">\n\t\t<div class=\"elementor-element elementor-element-f953695 e-flex e-con-boxed e-con e-child\" data-id=\"f953695\" data-element_type=\"container\" data-e-type=\"container\" data-settings=\"{&quot;background_background&quot;:&quot;classic&quot;}\">\n\t\t\t\t\t<div class=\"e-con-inner\">\n\t\t<div class=\"elementor-element elementor-element-8dd63ed e-con-full e-flex e-con e-child\" data-id=\"8dd63ed\" data-element_type=\"container\" data-e-type=\"container\">\n\t\t\t\t<div class=\"elementor-element elementor-element-bff8899 at-heading-animation at-animation-heading-style-2 elementor-widget elementor-widget-heading\" data-id=\"bff8899\" data-element_type=\"widget\" data-e-type=\"widget\" data-settings=\"{&quot;ekit_we_effect_on&quot;:&quot;none&quot;}\" data-widget_type=\"heading.default\">\n\t\t\t\t<div class=\"elementor-widget-container\">\n\t\t\t\t\t<h1 class=\"elementor-heading-title elementor-size-default\">Apple MacBook Pro 15&#8243; i7<\/h1>\t\t\t\t<\/div>\n\t\t\t\t<\/div>\n\t\t\t\t<div class=\"elementor-element elementor-element-9971d97 page-header-breadcrumb elementor-invisible elementor-widget elementor-widget-elementskit-breadcrumb\" data-id=\"9971d97\" data-element_type=\"widget\" data-e-type=\"widget\" data-settings=\"{&quot;_animation&quot;:&quot;fadeInUp&quot;,&quot;ekit_we_effect_on&quot;:&quot;none&quot;}\" data-widget_type=\"elementskit-breadcrumb.default\">\n\t\t\t\t<div class=\"elementor-widget-container\">\n\t\t\t\t\t<div class=\"ekit-wid-con\" ><ol class=\"ekit-breadcrumb\"><li class=\"ekit_breadcrumbs_start\"><a href=\"https:\/\/wproduction.sk\/hu\/\">Home<\/a><\/li> <li class=\"brd_sep\"> &raquo; <\/li> <li><a href=\"https:\/\/wproduction.sk\/hu\/technologiak\/\" title=\"Technol\u00f3gi\u00e1k\">Technol\u00f3gi\u00e1k<\/a><\/li> <li class=\"brd_sep\"> &raquo; <\/li> <li><a href=\"https:\/\/wproduction.sk\/hu\/technologiak\/mediaszerverek\/\" title=\"M\u00e9dia szerverek\">M\u00e9dia szerverek<\/a><\/li> <li class=\"brd_sep\"> &raquo; <\/li>  <li>Apple MacBook Pro 15&#8243; i7<\/li><\/ol><\/div>\t\t\t\t<\/div>\n\t\t\t\t<\/div>\n\t\t\t\t<\/div>\n\t\t\t\t\t<\/div>\n\t\t\t\t<\/div>\n\t\t\t\t\t<\/div>\n\t\t\t\t<\/div>\n\t\t<div class=\"elementor-element elementor-element-016c4bd e-flex e-con-boxed e-con e-parent\" data-id=\"016c4bd\" data-element_type=\"container\" data-e-type=\"container\">\n\t\t\t\t\t<div class=\"e-con-inner\">\n\t\t<div class=\"elementor-element elementor-element-2cbfa30 e-con-full e-flex e-con e-child\" data-id=\"2cbfa30\" data-element_type=\"container\" data-e-type=\"container\">\n\t\t\t\t<div class=\"elementor-element elementor-element-315ebfb at-image-animation at-animation-image-none elementor-widget elementor-widget-image\" data-id=\"315ebfb\" data-element_type=\"widget\" data-e-type=\"widget\" data-settings=\"{&quot;ekit_we_effect_on&quot;:&quot;none&quot;}\" data-widget_type=\"image.default\">\n\t\t\t\t<div class=\"elementor-widget-container\">\n\t\t\t\t\t\t\t\t\t\t\t\t\t\t\t\t<a href=\"https:\/\/wproduction.sk\/wp-content\/uploads\/2025\/03\/macbook-pro-15-i7-cover.jpg\" data-elementor-open-lightbox=\"yes\" data-elementor-lightbox-title=\"macbook-pro-15-i7-cover\" data-e-action-hash=\"#elementor-action%3Aaction%3Dlightbox%26settings%3DeyJpZCI6MTE4NTMsInVybCI6Imh0dHBzOlwvXC93cHJvZHVjdGlvbi5za1wvd3AtY29udGVudFwvdXBsb2Fkc1wvMjAyNVwvMDNcL21hY2Jvb2stcHJvLTE1LWk3LWNvdmVyLmpwZyJ9\">\n\t\t\t\t\t\t\t<img fetchpriority=\"high\" decoding=\"async\" width=\"1920\" height=\"1080\" src=\"https:\/\/wproduction.sk\/wp-content\/uploads\/2025\/03\/macbook-pro-15-i7-cover.jpg\" class=\"attachment-full size-full wp-image-11853\" alt=\"\" srcset=\"https:\/\/wproduction.sk\/wp-content\/uploads\/2025\/03\/macbook-pro-15-i7-cover.jpg 1920w, https:\/\/wproduction.sk\/wp-content\/uploads\/2025\/03\/macbook-pro-15-i7-cover-300x169.jpg 300w, https:\/\/wproduction.sk\/wp-content\/uploads\/2025\/03\/macbook-pro-15-i7-cover-1024x576.jpg 1024w, https:\/\/wproduction.sk\/wp-content\/uploads\/2025\/03\/macbook-pro-15-i7-cover-768x432.jpg 768w, https:\/\/wproduction.sk\/wp-content\/uploads\/2025\/03\/macbook-pro-15-i7-cover-1536x864.jpg 1536w, https:\/\/wproduction.sk\/wp-content\/uploads\/2025\/03\/macbook-pro-15-i7-cover-18x10.jpg 18w\" sizes=\"(max-width: 1920px) 100vw, 1920px\" \/>\t\t\t\t\t\t\t\t<\/a>\n\t\t\t\t\t\t\t\t\t\t\t\t\t\t\t<\/div>\n\t\t\t\t<\/div>\n\t\t\t\t<\/div>\n\t\t<div class=\"elementor-element elementor-element-988a776 e-con-full e-flex e-con e-child\" data-id=\"988a776\" data-element_type=\"container\" data-e-type=\"container\">\n\t\t\t\t<div class=\"elementor-element elementor-element-2f67547 at-heading-animation at-animation-heading-none elementor-widget elementor-widget-heading\" data-id=\"2f67547\" data-element_type=\"widget\" data-e-type=\"widget\" data-settings=\"{&quot;ekit_we_effect_on&quot;:&quot;none&quot;}\" data-widget_type=\"heading.default\">\n\t\t\t\t<div class=\"elementor-widget-container\">\n\t\t\t\t\t<h2 class=\"elementor-heading-title elementor-size-default\">A MacBook Pro 15\" i7 processzorral ide\u00e1lis ig\u00e9nyes projektekhez, ahol t\u00f6bb megjelen\u00edt\u0151 egys\u00e9get kell m\u0171k\u00f6dtetni, p\u00e9ld\u00e1ul LED falakat, telev\u00edzi\u00f3kat vagy \u00e9l\u0151 k\u00f6zvet\u00edt\u00e9sek tartalm\u00e1t. Er\u0151teljes grafikus chippel \u00e9s processzorral z\u00f6kken\u0151mentes 4K vide\u00f3lej\u00e1tsz\u00e1st \u00e9s kezel\u00e9st biztos\u00edt t\u00f6bb kimeneten egyidej\u0171leg. Kiv\u00e1l\u00f3an alkalmas k\u00fcl\u00f6nf\u00e9le tartalmak kezel\u00e9s\u00e9re, maxim\u00e1lis rugalmass\u00e1got \u00e9s teljes\u00edtm\u00e9nyt ny\u00fajtva az \u00f6sszetett produkci\u00f3khoz.<\/h2>\t\t\t\t<\/div>\n\t\t\t\t<\/div>\n\t\t\t\t<\/div>\n\t\t\t\t\t<\/div>\n\t\t\t\t<\/div>\n\t\t<div class=\"elementor-element elementor-element-d02a1a6 border-radius-section e-flex e-con-boxed e-con e-parent\" data-id=\"d02a1a6\" data-element_type=\"container\" data-e-type=\"container\" data-settings=\"{&quot;background_background&quot;:&quot;classic&quot;}\">\n\t\t\t\t\t<div class=\"e-con-inner\">\n\t\t<div class=\"elementor-element elementor-element-63e1853 e-flex e-con-boxed e-con e-child\" data-id=\"63e1853\" data-element_type=\"container\" data-e-type=\"container\" data-settings=\"{&quot;background_background&quot;:&quot;classic&quot;}\">\n\t\t\t\t\t<div class=\"e-con-inner\">\n\t\t<div class=\"elementor-element elementor-element-f150048 e-con-full e-flex e-con e-child\" data-id=\"f150048\" data-element_type=\"container\" data-e-type=\"container\">\n\t\t<div class=\"elementor-element elementor-element-f00826c e-con-full e-flex e-con e-child\" data-id=\"f00826c\" data-element_type=\"container\" data-e-type=\"container\">\n\t\t\t\t<div class=\"elementor-element elementor-element-1672fe2 section-title at-heading-animation at-animation-heading-none elementor-invisible elementor-widget elementor-widget-heading\" data-id=\"1672fe2\" data-element_type=\"widget\" data-e-type=\"widget\" data-settings=\"{&quot;_animation&quot;:&quot;fadeInUp&quot;,&quot;ekit_we_effect_on&quot;:&quot;none&quot;}\" data-widget_type=\"heading.default\">\n\t\t\t\t<div class=\"elementor-widget-container\">\n\t\t\t\t\t<h3 class=\"elementor-heading-title elementor-size-default\">M\u0171szaki adatok<\/h3>\t\t\t\t<\/div>\n\t\t\t\t<\/div>\n\t\t\t\t<\/div>\n\t\t\t\t<\/div>\n\t\t<div class=\"elementor-element elementor-element-6278f44 e-con-full e-flex elementor-invisible e-con e-child\" data-id=\"6278f44\" data-element_type=\"container\" data-e-type=\"container\" data-settings=\"{&quot;animation&quot;:&quot;fadeInUp&quot;}\">\n\t\t\t\t<div class=\"elementor-element elementor-element-d369ef5 elementor-widget elementor-widget-text-editor\" data-id=\"d369ef5\" data-element_type=\"widget\" data-e-type=\"widget\" data-settings=\"{&quot;ekit_we_effect_on&quot;:&quot;none&quot;}\" data-widget_type=\"text-editor.default\">\n\t\t\t\t<div class=\"elementor-widget-container\">\n\t\t\t\t\t\t\t\t\t<p class=\"p1\"><span class=\"s1\"><b>Processzor<\/b>: Intel Core i7 (6. gener\u00e1cia, 2,6 GHz, Turbo Boost a\u017e 3,6 GHz)<\/span><\/p><p class=\"p1\"><span class=\"s1\"><b>Grafika<\/b>: AMD Radeon Pro 450 4 GB GDDR5 VRAM-mal (dedik\u00e1lt grafika)<\/span><\/p><p class=\"p1\"><span class=\"s1\"><b>Mem\u00f3ria (RAM)<\/b>: 16 GB LPDDR3 2133 MHz<\/span><\/p><p class=\"p1\"><span class=\"s1\"><b>T\u00e1rol\u00f3<\/b>: 512 GB SSD (Solid State Drive)<\/span><\/p><p class=\"p1\"><span class=\"s1\"><b>K\u00e9perny\u0151<\/b>: 15,4 h\u00fcvelykes Retina kijelz\u0151 2880 x 1800 pixel felbont\u00e1ssal<\/span><\/p>\t\t\t\t\t\t\t\t<\/div>\n\t\t\t\t<\/div>\n\t\t\t\t<\/div>\n\t\t<div class=\"elementor-element elementor-element-e4c7c40 e-con-full e-flex elementor-invisible e-con e-child\" data-id=\"e4c7c40\" data-element_type=\"container\" data-e-type=\"container\" data-settings=\"{&quot;animation&quot;:&quot;fadeInUp&quot;}\">\n\t\t\t\t<div class=\"elementor-element elementor-element-d98d071 elementor-widget elementor-widget-text-editor\" data-id=\"d98d071\" data-element_type=\"widget\" data-e-type=\"widget\" data-settings=\"{&quot;ekit_we_effect_on&quot;:&quot;none&quot;}\" data-widget_type=\"text-editor.default\">\n\t\t\t\t<div class=\"elementor-widget-container\">\n\t\t\t\t\t\t\t\t\t<p class=\"p1\"><span class=\"s1\"><b>Portok<\/b>: 4x Thunderbolt 3 (USB-C), 1x 3,5 mm fejhallgat\u00f3 jack<\/span><\/p><p class=\"p1\"><span class=\"s1\"><b>Vezet\u00e9k n\u00e9lk\u00fcli kapcsolat<\/b>: Wi-Fi 802.11ac, Bluetooth 4.2<\/span><\/p><p class=\"p1\"><span class=\"s1\"><b>Oper\u00e1ci\u00f3s rendszer<\/b>: macOS<\/span><\/p><p class=\"p1\"><span class=\"s1\"><b>Akkumul\u00e1tor \u00e9lettartama<\/b>: Ak\u00e1r 10 \u00f3ra norm\u00e1l haszn\u00e1lat mellett<\/span><\/p><p class=\"p1\"><span class=\"s1\"><b>S\u00faly<\/b>: 1,83 kg<\/span><\/p>\t\t\t\t\t\t\t\t<\/div>\n\t\t\t\t<\/div>\n\t\t\t\t<\/div>\n\t\t\t\t\t<\/div>\n\t\t\t\t<\/div>\n\t\t\t\t\t<\/div>\n\t\t\t\t<\/div>\n\t\t\t\t<\/div>","protected":false},"excerpt":{"rendered":"<p>Domov MacBook Pro 15&#8243; s procesorom i7 je ide\u00e1lny [&hellip;]<\/p>","protected":false},"author":1,"featured_media":11853,"parent":11851,"menu_order":0,"comment_status":"closed","ping_status":"closed","template":"elementor_header_footer","meta":{"footnotes":""},"class_list":["post-11862","page","type-page","status-publish","has-post-thumbnail","hentry"],"yoast_head":"<!-- This site is optimized with the Yoast SEO Premium plugin v27.0 (Yoast SEO v27.4) - https:\/\/yoast.com\/product\/yoast-seo-premium-wordpress\/ -->\n<title>Apple MacBook Pro 15&quot; i7 | W Production<\/title>\n<meta name=\"description\" content=\"MacBook Pro 15&quot; s procesorom i7 je ide\u00e1lny pre n\u00e1ro\u010dn\u00e9 projekty, kde je potrebn\u00e9 prev\u00e1dzkova\u0165 viacero zobrazovac\u00edch jednotiek, ako s\u00fa LED obrazovky, telev\u00edzory alebo pri obsah pre live stream.\" \/>\n<meta name=\"robots\" content=\"index, follow, max-snippet:-1, max-image-preview:large, max-video-preview:-1\" \/>\n<link rel=\"canonical\" href=\"https:\/\/wproduction.sk\/hu\/technologiak\/mediaszerverek\/apple-macbook-pro-15-i7\/\" \/>\n<meta property=\"og:locale\" content=\"hu_HU\" \/>\n<meta property=\"og:type\" content=\"article\" \/>\n<meta property=\"og:title\" content=\"Apple MacBook Pro 15&quot; i7\" \/>\n<meta property=\"og:description\" content=\"MacBook Pro 15&quot; s procesorom i7 je ide\u00e1lny pre n\u00e1ro\u010dn\u00e9 projekty, kde je potrebn\u00e9 prev\u00e1dzkova\u0165 viacero zobrazovac\u00edch jednotiek, ako s\u00fa LED obrazovky, telev\u00edzory alebo pri obsah pre live stream.\" \/>\n<meta property=\"og:url\" content=\"https:\/\/wproduction.sk\/hu\/technologiak\/mediaszerverek\/apple-macbook-pro-15-i7\/\" \/>\n<meta property=\"og:site_name\" content=\"W Production\" \/>\n<meta property=\"article:publisher\" content=\"https:\/\/www.facebook.com\/wproduction.slovakia\/\" \/>\n<meta property=\"article:modified_time\" content=\"2025-03-23T23:26:12+00:00\" \/>\n<meta property=\"og:image\" content=\"https:\/\/wproduction.sk\/wp-content\/uploads\/2025\/03\/macbook-pro-15-i7-cover.jpg\" \/>\n\t<meta property=\"og:image:width\" content=\"1920\" \/>\n\t<meta property=\"og:image:height\" content=\"1080\" \/>\n\t<meta property=\"og:image:type\" content=\"image\/jpeg\" \/>\n<meta name=\"twitter:card\" content=\"summary_large_image\" \/>\n<meta name=\"twitter:label1\" content=\"Becs\u00fclt olvas\u00e1si id\u0151\" \/>\n\t<meta name=\"twitter:data1\" content=\"2 perc\" \/>\n<script type=\"application\/ld+json\" class=\"yoast-schema-graph\">{\"@context\":\"https:\\\/\\\/schema.org\",\"@graph\":[{\"@type\":\"WebPage\",\"@id\":\"https:\\\/\\\/wproduction.sk\\\/technologie\\\/mediaservery\\\/apple-macbook-pro-15-i7\\\/\",\"url\":\"https:\\\/\\\/wproduction.sk\\\/technologie\\\/mediaservery\\\/apple-macbook-pro-15-i7\\\/\",\"name\":\"Apple MacBook Pro 15\\\" i7 | W Production\",\"isPartOf\":{\"@id\":\"https:\\\/\\\/wproduction.sk\\\/#website\"},\"primaryImageOfPage\":{\"@id\":\"https:\\\/\\\/wproduction.sk\\\/technologie\\\/mediaservery\\\/apple-macbook-pro-15-i7\\\/#primaryimage\"},\"image\":{\"@id\":\"https:\\\/\\\/wproduction.sk\\\/technologie\\\/mediaservery\\\/apple-macbook-pro-15-i7\\\/#primaryimage\"},\"thumbnailUrl\":\"https:\\\/\\\/wproduction.sk\\\/wp-content\\\/uploads\\\/2025\\\/03\\\/macbook-pro-15-i7-cover.jpg\",\"datePublished\":\"2025-03-22T17:55:42+00:00\",\"dateModified\":\"2025-03-23T23:26:12+00:00\",\"description\":\"MacBook Pro 15\\\" s procesorom i7 je ide\u00e1lny pre n\u00e1ro\u010dn\u00e9 projekty, kde je potrebn\u00e9 prev\u00e1dzkova\u0165 viacero zobrazovac\u00edch jednotiek, ako s\u00fa LED obrazovky, telev\u00edzory alebo pri obsah pre live stream.\",\"breadcrumb\":{\"@id\":\"https:\\\/\\\/wproduction.sk\\\/technologie\\\/mediaservery\\\/apple-macbook-pro-15-i7\\\/#breadcrumb\"},\"inLanguage\":\"hu\",\"potentialAction\":[{\"@type\":\"ReadAction\",\"target\":[\"https:\\\/\\\/wproduction.sk\\\/technologie\\\/mediaservery\\\/apple-macbook-pro-15-i7\\\/\"]}]},{\"@type\":\"ImageObject\",\"inLanguage\":\"hu\",\"@id\":\"https:\\\/\\\/wproduction.sk\\\/technologie\\\/mediaservery\\\/apple-macbook-pro-15-i7\\\/#primaryimage\",\"url\":\"https:\\\/\\\/wproduction.sk\\\/wp-content\\\/uploads\\\/2025\\\/03\\\/macbook-pro-15-i7-cover.jpg\",\"contentUrl\":\"https:\\\/\\\/wproduction.sk\\\/wp-content\\\/uploads\\\/2025\\\/03\\\/macbook-pro-15-i7-cover.jpg\",\"width\":1920,\"height\":1080},{\"@type\":\"BreadcrumbList\",\"@id\":\"https:\\\/\\\/wproduction.sk\\\/technologie\\\/mediaservery\\\/apple-macbook-pro-15-i7\\\/#breadcrumb\",\"itemListElement\":[{\"@type\":\"ListItem\",\"position\":1,\"name\":\"Home\",\"item\":\"https:\\\/\\\/wproduction.sk\\\/\"},{\"@type\":\"ListItem\",\"position\":2,\"name\":\"Technol\u00f3gie\",\"item\":\"https:\\\/\\\/wproduction.sk\\\/technologie\\\/\"},{\"@type\":\"ListItem\",\"position\":3,\"name\":\"Mediaservery\",\"item\":\"https:\\\/\\\/wproduction.sk\\\/technologie\\\/mediaservery\\\/\"},{\"@type\":\"ListItem\",\"position\":4,\"name\":\"Apple MacBook Pro 15&#8243; i7\"}]},{\"@type\":\"WebSite\",\"@id\":\"https:\\\/\\\/wproduction.sk\\\/#website\",\"url\":\"https:\\\/\\\/wproduction.sk\\\/\",\"name\":\"W Production\",\"description\":\"\",\"publisher\":{\"@id\":\"https:\\\/\\\/wproduction.sk\\\/#organization\"},\"potentialAction\":[{\"@type\":\"SearchAction\",\"target\":{\"@type\":\"EntryPoint\",\"urlTemplate\":\"https:\\\/\\\/wproduction.sk\\\/?s={search_term_string}\"},\"query-input\":{\"@type\":\"PropertyValueSpecification\",\"valueRequired\":true,\"valueName\":\"search_term_string\"}}],\"inLanguage\":\"hu\"},{\"@type\":\"Organization\",\"@id\":\"https:\\\/\\\/wproduction.sk\\\/#organization\",\"name\":\"W Production s.r.o.\",\"url\":\"https:\\\/\\\/wproduction.sk\\\/\",\"logo\":{\"@type\":\"ImageObject\",\"inLanguage\":\"hu\",\"@id\":\"https:\\\/\\\/wproduction.sk\\\/#\\\/schema\\\/logo\\\/image\\\/\",\"url\":\"https:\\\/\\\/wproduction.sk\\\/wp-content\\\/uploads\\\/2025\\\/03\\\/w-production-logo-small.jpg\",\"contentUrl\":\"https:\\\/\\\/wproduction.sk\\\/wp-content\\\/uploads\\\/2025\\\/03\\\/w-production-logo-small.jpg\",\"width\":800,\"height\":800,\"caption\":\"W Production s.r.o.\"},\"image\":{\"@id\":\"https:\\\/\\\/wproduction.sk\\\/#\\\/schema\\\/logo\\\/image\\\/\"},\"sameAs\":[\"https:\\\/\\\/www.facebook.com\\\/wproduction.slovakia\\\/\",\"https:\\\/\\\/www.instagram.com\\\/wproduction.sk\"],\"description\":\"W Production je video-produk\u010dn\u00e1 spolo\u010dnos\u0165, ktor\u00e1 sa \u0161pecializuje na tvorbu audiovizu\u00e1lneho obsahu. Pri na\u0161ej pr\u00e1ci kladieme d\u00f4raz na kvalitu, kreativitu a technick\u00fa prec\u00edznos\u0165.\",\"email\":\"info@wproduction.sk\",\"telephone\":\"+421 907 093 895\",\"legalName\":\"W Production s.r.o.\",\"foundingDate\":\"2022-01-01\",\"taxID\":\"2121635681\"}]}<\/script>\n<!-- \/ Yoast SEO Premium plugin. -->","yoast_head_json":{"title":"Apple MacBook Pro 15\" i7 | W Production","description":"MacBook Pro 15\" s procesorom i7 je ide\u00e1lny pre n\u00e1ro\u010dn\u00e9 projekty, kde je potrebn\u00e9 prev\u00e1dzkova\u0165 viacero zobrazovac\u00edch jednotiek, ako s\u00fa LED obrazovky, telev\u00edzory alebo pri obsah pre live stream.","robots":{"index":"index","follow":"follow","max-snippet":"max-snippet:-1","max-image-preview":"max-image-preview:large","max-video-preview":"max-video-preview:-1"},"canonical":"https:\/\/wproduction.sk\/hu\/technologiak\/mediaszerverek\/apple-macbook-pro-15-i7\/","og_locale":"hu_HU","og_type":"article","og_title":"Apple MacBook Pro 15\" i7","og_description":"MacBook Pro 15\" s procesorom i7 je ide\u00e1lny pre n\u00e1ro\u010dn\u00e9 projekty, kde je potrebn\u00e9 prev\u00e1dzkova\u0165 viacero zobrazovac\u00edch jednotiek, ako s\u00fa LED obrazovky, telev\u00edzory alebo pri obsah pre live stream.","og_url":"https:\/\/wproduction.sk\/hu\/technologiak\/mediaszerverek\/apple-macbook-pro-15-i7\/","og_site_name":"W Production","article_publisher":"https:\/\/www.facebook.com\/wproduction.slovakia\/","article_modified_time":"2025-03-23T23:26:12+00:00","og_image":[{"width":1920,"height":1080,"url":"https:\/\/wproduction.sk\/wp-content\/uploads\/2025\/03\/macbook-pro-15-i7-cover.jpg","type":"image\/jpeg"}],"twitter_card":"summary_large_image","twitter_misc":{"Becs\u00fclt olvas\u00e1si id\u0151":"2 perc"},"schema":{"@context":"https:\/\/schema.org","@graph":[{"@type":"WebPage","@id":"https:\/\/wproduction.sk\/technologie\/mediaservery\/apple-macbook-pro-15-i7\/","url":"https:\/\/wproduction.sk\/technologie\/mediaservery\/apple-macbook-pro-15-i7\/","name":"Apple MacBook Pro 15\" i7 | W Production","isPartOf":{"@id":"https:\/\/wproduction.sk\/#website"},"primaryImageOfPage":{"@id":"https:\/\/wproduction.sk\/technologie\/mediaservery\/apple-macbook-pro-15-i7\/#primaryimage"},"image":{"@id":"https:\/\/wproduction.sk\/technologie\/mediaservery\/apple-macbook-pro-15-i7\/#primaryimage"},"thumbnailUrl":"https:\/\/wproduction.sk\/wp-content\/uploads\/2025\/03\/macbook-pro-15-i7-cover.jpg","datePublished":"2025-03-22T17:55:42+00:00","dateModified":"2025-03-23T23:26:12+00:00","description":"MacBook Pro 15\" s procesorom i7 je ide\u00e1lny pre n\u00e1ro\u010dn\u00e9 projekty, kde je potrebn\u00e9 prev\u00e1dzkova\u0165 viacero zobrazovac\u00edch jednotiek, ako s\u00fa LED obrazovky, telev\u00edzory alebo pri obsah pre live stream.","breadcrumb":{"@id":"https:\/\/wproduction.sk\/technologie\/mediaservery\/apple-macbook-pro-15-i7\/#breadcrumb"},"inLanguage":"hu","potentialAction":[{"@type":"ReadAction","target":["https:\/\/wproduction.sk\/technologie\/mediaservery\/apple-macbook-pro-15-i7\/"]}]},{"@type":"ImageObject","inLanguage":"hu","@id":"https:\/\/wproduction.sk\/technologie\/mediaservery\/apple-macbook-pro-15-i7\/#primaryimage","url":"https:\/\/wproduction.sk\/wp-content\/uploads\/2025\/03\/macbook-pro-15-i7-cover.jpg","contentUrl":"https:\/\/wproduction.sk\/wp-content\/uploads\/2025\/03\/macbook-pro-15-i7-cover.jpg","width":1920,"height":1080},{"@type":"BreadcrumbList","@id":"https:\/\/wproduction.sk\/technologie\/mediaservery\/apple-macbook-pro-15-i7\/#breadcrumb","itemListElement":[{"@type":"ListItem","position":1,"name":"Home","item":"https:\/\/wproduction.sk\/"},{"@type":"ListItem","position":2,"name":"Technol\u00f3gie","item":"https:\/\/wproduction.sk\/technologie\/"},{"@type":"ListItem","position":3,"name":"Mediaservery","item":"https:\/\/wproduction.sk\/technologie\/mediaservery\/"},{"@type":"ListItem","position":4,"name":"Apple MacBook Pro 15&#8243; i7"}]},{"@type":"WebSite","@id":"https:\/\/wproduction.sk\/#website","url":"https:\/\/wproduction.sk\/","name":"W Production","description":"","publisher":{"@id":"https:\/\/wproduction.sk\/#organization"},"potentialAction":[{"@type":"SearchAction","target":{"@type":"EntryPoint","urlTemplate":"https:\/\/wproduction.sk\/?s={search_term_string}"},"query-input":{"@type":"PropertyValueSpecification","valueRequired":true,"valueName":"search_term_string"}}],"inLanguage":"hu"},{"@type":"Organization","@id":"https:\/\/wproduction.sk\/#organization","name":"W Production s.r.o.","url":"https:\/\/wproduction.sk\/","logo":{"@type":"ImageObject","inLanguage":"hu","@id":"https:\/\/wproduction.sk\/#\/schema\/logo\/image\/","url":"https:\/\/wproduction.sk\/wp-content\/uploads\/2025\/03\/w-production-logo-small.jpg","contentUrl":"https:\/\/wproduction.sk\/wp-content\/uploads\/2025\/03\/w-production-logo-small.jpg","width":800,"height":800,"caption":"W Production s.r.o."},"image":{"@id":"https:\/\/wproduction.sk\/#\/schema\/logo\/image\/"},"sameAs":["https:\/\/www.facebook.com\/wproduction.slovakia\/","https:\/\/www.instagram.com\/wproduction.sk"],"description":"W Production je video-produk\u010dn\u00e1 spolo\u010dnos\u0165, ktor\u00e1 sa \u0161pecializuje na tvorbu audiovizu\u00e1lneho obsahu. Pri na\u0161ej pr\u00e1ci kladieme d\u00f4raz na kvalitu, kreativitu a technick\u00fa prec\u00edznos\u0165.","email":"info@wproduction.sk","telephone":"+421 907 093 895","legalName":"W Production s.r.o.","foundingDate":"2022-01-01","taxID":"2121635681"}]}},"_links":{"self":[{"href":"https:\/\/wproduction.sk\/hu\/wp-json\/wp\/v2\/pages\/11862","targetHints":{"allow":["GET"]}}],"collection":[{"href":"https:\/\/wproduction.sk\/hu\/wp-json\/wp\/v2\/pages"}],"about":[{"href":"https:\/\/wproduction.sk\/hu\/wp-json\/wp\/v2\/types\/page"}],"author":[{"embeddable":true,"href":"https:\/\/wproduction.sk\/hu\/wp-json\/wp\/v2\/users\/1"}],"replies":[{"embeddable":true,"href":"https:\/\/wproduction.sk\/hu\/wp-json\/wp\/v2\/comments?post=11862"}],"version-history":[{"count":0,"href":"https:\/\/wproduction.sk\/hu\/wp-json\/wp\/v2\/pages\/11862\/revisions"}],"up":[{"embeddable":true,"href":"https:\/\/wproduction.sk\/hu\/wp-json\/wp\/v2\/pages\/11851"}],"wp:featuredmedia":[{"embeddable":true,"href":"https:\/\/wproduction.sk\/hu\/wp-json\/wp\/v2\/media\/11853"}],"wp:attachment":[{"href":"https:\/\/wproduction.sk\/hu\/wp-json\/wp\/v2\/media?parent=11862"}],"curies":[{"name":"wp","href":"https:\/\/api.w.org\/{rel}","templated":true}]}}