{"id":11797,"date":"2025-03-22T02:18:03","date_gmt":"2025-03-22T02:18:03","guid":{"rendered":"https:\/\/wproduction.sk\/?page_id=11797"},"modified":"2025-03-23T23:27:09","modified_gmt":"2025-03-23T23:27:09","slug":"davinci-resolve-studio","status":"publish","type":"page","link":"https:\/\/wproduction.sk\/hu\/technologiak\/software\/davinci-resolve-studio\/","title":{"rendered":"Davinci Resolve Studio"},"content":{"rendered":"<div data-elementor-type=\"wp-page\" data-elementor-id=\"11797\" class=\"elementor elementor-11797\" data-elementor-post-type=\"page\">\n\t\t\t\t<div class=\"elementor-element elementor-element-19e3327 elementor-page-header border-radius-section e-flex e-con-boxed e-con e-parent\" data-id=\"19e3327\" data-element_type=\"container\" data-e-type=\"container\">\n\t\t\t\t\t<div class=\"e-con-inner\">\n\t\t<div class=\"elementor-element elementor-element-f953695 e-flex e-con-boxed e-con e-child\" data-id=\"f953695\" data-element_type=\"container\" data-e-type=\"container\" data-settings=\"{&quot;background_background&quot;:&quot;classic&quot;}\">\n\t\t\t\t\t<div class=\"e-con-inner\">\n\t\t<div class=\"elementor-element elementor-element-8dd63ed e-con-full e-flex e-con e-child\" data-id=\"8dd63ed\" data-element_type=\"container\" data-e-type=\"container\">\n\t\t\t\t<div class=\"elementor-element elementor-element-bff8899 at-heading-animation at-animation-heading-style-2 elementor-widget elementor-widget-heading\" data-id=\"bff8899\" data-element_type=\"widget\" data-e-type=\"widget\" data-settings=\"{&quot;ekit_we_effect_on&quot;:&quot;none&quot;}\" data-widget_type=\"heading.default\">\n\t\t\t\t<div class=\"elementor-widget-container\">\n\t\t\t\t\t<h1 class=\"elementor-heading-title elementor-size-default\">Davinci Resolve Studio<\/h1>\t\t\t\t<\/div>\n\t\t\t\t<\/div>\n\t\t\t\t<div class=\"elementor-element elementor-element-9971d97 page-header-breadcrumb elementor-invisible elementor-widget elementor-widget-elementskit-breadcrumb\" data-id=\"9971d97\" data-element_type=\"widget\" data-e-type=\"widget\" data-settings=\"{&quot;_animation&quot;:&quot;fadeInUp&quot;,&quot;ekit_we_effect_on&quot;:&quot;none&quot;}\" data-widget_type=\"elementskit-breadcrumb.default\">\n\t\t\t\t<div class=\"elementor-widget-container\">\n\t\t\t\t\t<div class=\"ekit-wid-con\" ><ol class=\"ekit-breadcrumb\"><li class=\"ekit_breadcrumbs_start\"><a href=\"https:\/\/wproduction.sk\/hu\/\">Home<\/a><\/li> <li class=\"brd_sep\"> &raquo; <\/li> <li><a href=\"https:\/\/wproduction.sk\/hu\/technologiak\/\" title=\"Technol\u00f3gi\u00e1k\">Technol\u00f3gi\u00e1k<\/a><\/li> <li class=\"brd_sep\"> &raquo; <\/li> <li><a href=\"https:\/\/wproduction.sk\/hu\/technologiak\/software\/\" title=\"Software\">Software<\/a><\/li> <li class=\"brd_sep\"> &raquo; <\/li>  <li>Davinci Resolve Studio<\/li><\/ol><\/div>\t\t\t\t<\/div>\n\t\t\t\t<\/div>\n\t\t\t\t<\/div>\n\t\t\t\t\t<\/div>\n\t\t\t\t<\/div>\n\t\t\t\t\t<\/div>\n\t\t\t\t<\/div>\n\t\t<div class=\"elementor-element elementor-element-016c4bd e-flex e-con-boxed e-con e-parent\" data-id=\"016c4bd\" data-element_type=\"container\" data-e-type=\"container\">\n\t\t\t\t\t<div class=\"e-con-inner\">\n\t\t<div class=\"elementor-element elementor-element-2cbfa30 e-con-full e-flex e-con e-child\" data-id=\"2cbfa30\" data-element_type=\"container\" data-e-type=\"container\">\n\t\t\t\t<div class=\"elementor-element elementor-element-315ebfb at-image-animation at-animation-image-none elementor-widget elementor-widget-image\" data-id=\"315ebfb\" data-element_type=\"widget\" data-e-type=\"widget\" data-settings=\"{&quot;ekit_we_effect_on&quot;:&quot;none&quot;}\" data-widget_type=\"image.default\">\n\t\t\t\t<div class=\"elementor-widget-container\">\n\t\t\t\t\t\t\t\t\t\t\t\t\t\t\t\t<a href=\"https:\/\/wproduction.sk\/wp-content\/uploads\/2025\/03\/davinci-resolve-studio-cover.jpg\" data-elementor-open-lightbox=\"yes\" data-elementor-lightbox-title=\"davinci-resolve-studio-cover\" data-e-action-hash=\"#elementor-action%3Aaction%3Dlightbox%26settings%3DeyJpZCI6MTE3ODgsInVybCI6Imh0dHBzOlwvXC93cHJvZHVjdGlvbi5za1wvd3AtY29udGVudFwvdXBsb2Fkc1wvMjAyNVwvMDNcL2RhdmluY2ktcmVzb2x2ZS1zdHVkaW8tY292ZXIuanBnIn0%3D\">\n\t\t\t\t\t\t\t<img fetchpriority=\"high\" decoding=\"async\" width=\"1920\" height=\"1080\" src=\"https:\/\/wproduction.sk\/wp-content\/uploads\/2025\/03\/davinci-resolve-studio-cover.jpg\" class=\"attachment-full size-full wp-image-11788\" alt=\"\" srcset=\"https:\/\/wproduction.sk\/wp-content\/uploads\/2025\/03\/davinci-resolve-studio-cover.jpg 1920w, https:\/\/wproduction.sk\/wp-content\/uploads\/2025\/03\/davinci-resolve-studio-cover-300x169.jpg 300w, https:\/\/wproduction.sk\/wp-content\/uploads\/2025\/03\/davinci-resolve-studio-cover-1024x576.jpg 1024w, https:\/\/wproduction.sk\/wp-content\/uploads\/2025\/03\/davinci-resolve-studio-cover-768x432.jpg 768w, https:\/\/wproduction.sk\/wp-content\/uploads\/2025\/03\/davinci-resolve-studio-cover-1536x864.jpg 1536w, https:\/\/wproduction.sk\/wp-content\/uploads\/2025\/03\/davinci-resolve-studio-cover-18x10.jpg 18w\" sizes=\"(max-width: 1920px) 100vw, 1920px\" \/>\t\t\t\t\t\t\t\t<\/a>\n\t\t\t\t\t\t\t\t\t\t\t\t\t\t\t<\/div>\n\t\t\t\t<\/div>\n\t\t\t\t<\/div>\n\t\t<div class=\"elementor-element elementor-element-988a776 e-con-full e-flex e-con e-child\" data-id=\"988a776\" data-element_type=\"container\" data-e-type=\"container\">\n\t\t\t\t<div class=\"elementor-element elementor-element-2f67547 at-heading-animation at-animation-heading-none elementor-widget elementor-widget-heading\" data-id=\"2f67547\" data-element_type=\"widget\" data-e-type=\"widget\" data-settings=\"{&quot;ekit_we_effect_on&quot;:&quot;none&quot;}\" data-widget_type=\"heading.default\">\n\t\t\t\t<div class=\"elementor-widget-container\">\n\t\t\t\t\t<h2 class=\"elementor-heading-title elementor-size-default\">A DaVinci Resolve Studio egy professzion\u00e1lis szoftver vide\u00f3v\u00e1g\u00e1sra, sz\u00ednkorrekci\u00f3ra, vizu\u00e1lis effektekre, mozg\u00f3 grafik\u00e1kra \u00e9s hangut\u00f3munka k\u00e9sz\u00edt\u00e9s\u00e9re. Ez az \u00e1tfog\u00f3 eszk\u00f6z mindent tartalmaz, amire sz\u00fcks\u00e9g van a kiv\u00e1l\u00f3 min\u0151s\u00e9g\u0171 vide\u00f3tartalom k\u00e9sz\u00edt\u00e9s\u00e9hez, mindez egy csomagban. Fejlett sz\u00ednkorrekci\u00f3s eszk\u00f6zeivel, 4K \u00e9s magasabb felbont\u00e1sok t\u00e1mogat\u00e1s\u00e1val, robusztus effektekkel \u00e9s val\u00f3s idej\u0171 egy\u00fcttm\u0171k\u00f6d\u00e9si lehet\u0151s\u00e9gekkel a DaVinci Resolve Studio ide\u00e1lis v\u00e1laszt\u00e1s filmes szakemberek, ut\u00f3munka st\u00fadi\u00f3k \u00e9s vide\u00f3s alkot\u00f3k sz\u00e1m\u00e1ra, akik prec\u00edz \u00e9s er\u0151teljes megold\u00e1st keresnek a vide\u00f3k v\u00e1g\u00e1s\u00e1hoz.<\/h2>\t\t\t\t<\/div>\n\t\t\t\t<\/div>\n\t\t\t\t<\/div>\n\t\t\t\t\t<\/div>\n\t\t\t\t<\/div>\n\t\t\t\t<\/div>","protected":false},"excerpt":{"rendered":"<p>Domov DaVinci Resolve Studio je profesion\u00e1lny software na strih [&hellip;]<\/p>","protected":false},"author":1,"featured_media":11788,"parent":10993,"menu_order":0,"comment_status":"closed","ping_status":"closed","template":"elementor_header_footer","meta":{"footnotes":""},"class_list":["post-11797","page","type-page","status-publish","has-post-thumbnail","hentry"],"yoast_head":"<!-- This site is optimized with the Yoast SEO Premium plugin v27.0 (Yoast SEO v27.4) - https:\/\/yoast.com\/product\/yoast-seo-premium-wordpress\/ -->\n<title>Davinci Resolve Studio | W Production<\/title>\n<meta name=\"description\" content=\"DaVinci Resolve Studio je profesion\u00e1lny software na strih videa, farebn\u00fa korekciu, vizu\u00e1lne efekty, pohybov\u00fa grafiku a postprodukciu zvuku.\" \/>\n<meta name=\"robots\" content=\"index, follow, max-snippet:-1, max-image-preview:large, max-video-preview:-1\" \/>\n<link rel=\"canonical\" href=\"https:\/\/wproduction.sk\/hu\/technologiak\/software\/davinci-resolve-studio\/\" \/>\n<meta property=\"og:locale\" content=\"hu_HU\" \/>\n<meta property=\"og:type\" content=\"article\" \/>\n<meta property=\"og:title\" content=\"Davinci Resolve Studio\" \/>\n<meta property=\"og:description\" content=\"DaVinci Resolve Studio je profesion\u00e1lny software na strih videa, farebn\u00fa korekciu, vizu\u00e1lne efekty, pohybov\u00fa grafiku a postprodukciu zvuku.\" \/>\n<meta property=\"og:url\" content=\"https:\/\/wproduction.sk\/hu\/technologiak\/software\/davinci-resolve-studio\/\" \/>\n<meta property=\"og:site_name\" content=\"W Production\" \/>\n<meta property=\"article:publisher\" content=\"https:\/\/www.facebook.com\/wproduction.slovakia\/\" \/>\n<meta property=\"article:modified_time\" content=\"2025-03-23T23:27:09+00:00\" \/>\n<meta property=\"og:image\" content=\"https:\/\/wproduction.sk\/wp-content\/uploads\/2025\/03\/davinci-resolve-studio-cover.jpg\" \/>\n\t<meta property=\"og:image:width\" content=\"1920\" \/>\n\t<meta property=\"og:image:height\" content=\"1080\" \/>\n\t<meta property=\"og:image:type\" content=\"image\/jpeg\" \/>\n<meta name=\"twitter:card\" content=\"summary_large_image\" \/>\n<meta name=\"twitter:label1\" content=\"Becs\u00fclt olvas\u00e1si id\u0151\" \/>\n\t<meta name=\"twitter:data1\" content=\"1 perc\" \/>\n<script type=\"application\/ld+json\" class=\"yoast-schema-graph\">{\"@context\":\"https:\\\/\\\/schema.org\",\"@graph\":[{\"@type\":\"WebPage\",\"@id\":\"https:\\\/\\\/wproduction.sk\\\/technologie\\\/software\\\/davinci-resolve-studio\\\/\",\"url\":\"https:\\\/\\\/wproduction.sk\\\/technologie\\\/software\\\/davinci-resolve-studio\\\/\",\"name\":\"Davinci Resolve Studio | W Production\",\"isPartOf\":{\"@id\":\"https:\\\/\\\/wproduction.sk\\\/#website\"},\"primaryImageOfPage\":{\"@id\":\"https:\\\/\\\/wproduction.sk\\\/technologie\\\/software\\\/davinci-resolve-studio\\\/#primaryimage\"},\"image\":{\"@id\":\"https:\\\/\\\/wproduction.sk\\\/technologie\\\/software\\\/davinci-resolve-studio\\\/#primaryimage\"},\"thumbnailUrl\":\"https:\\\/\\\/wproduction.sk\\\/wp-content\\\/uploads\\\/2025\\\/03\\\/davinci-resolve-studio-cover.jpg\",\"datePublished\":\"2025-03-22T02:18:03+00:00\",\"dateModified\":\"2025-03-23T23:27:09+00:00\",\"description\":\"DaVinci Resolve Studio je profesion\u00e1lny software na strih videa, farebn\u00fa korekciu, vizu\u00e1lne efekty, pohybov\u00fa grafiku a postprodukciu zvuku.\",\"breadcrumb\":{\"@id\":\"https:\\\/\\\/wproduction.sk\\\/technologie\\\/software\\\/davinci-resolve-studio\\\/#breadcrumb\"},\"inLanguage\":\"hu\",\"potentialAction\":[{\"@type\":\"ReadAction\",\"target\":[\"https:\\\/\\\/wproduction.sk\\\/technologie\\\/software\\\/davinci-resolve-studio\\\/\"]}]},{\"@type\":\"ImageObject\",\"inLanguage\":\"hu\",\"@id\":\"https:\\\/\\\/wproduction.sk\\\/technologie\\\/software\\\/davinci-resolve-studio\\\/#primaryimage\",\"url\":\"https:\\\/\\\/wproduction.sk\\\/wp-content\\\/uploads\\\/2025\\\/03\\\/davinci-resolve-studio-cover.jpg\",\"contentUrl\":\"https:\\\/\\\/wproduction.sk\\\/wp-content\\\/uploads\\\/2025\\\/03\\\/davinci-resolve-studio-cover.jpg\",\"width\":1920,\"height\":1080},{\"@type\":\"BreadcrumbList\",\"@id\":\"https:\\\/\\\/wproduction.sk\\\/technologie\\\/software\\\/davinci-resolve-studio\\\/#breadcrumb\",\"itemListElement\":[{\"@type\":\"ListItem\",\"position\":1,\"name\":\"Home\",\"item\":\"https:\\\/\\\/wproduction.sk\\\/\"},{\"@type\":\"ListItem\",\"position\":2,\"name\":\"Technol\u00f3gie\",\"item\":\"https:\\\/\\\/wproduction.sk\\\/technologie\\\/\"},{\"@type\":\"ListItem\",\"position\":3,\"name\":\"Software\",\"item\":\"https:\\\/\\\/wproduction.sk\\\/technologie\\\/software\\\/\"},{\"@type\":\"ListItem\",\"position\":4,\"name\":\"Davinci Resolve Studio\"}]},{\"@type\":\"WebSite\",\"@id\":\"https:\\\/\\\/wproduction.sk\\\/#website\",\"url\":\"https:\\\/\\\/wproduction.sk\\\/\",\"name\":\"W Production\",\"description\":\"\",\"publisher\":{\"@id\":\"https:\\\/\\\/wproduction.sk\\\/#organization\"},\"potentialAction\":[{\"@type\":\"SearchAction\",\"target\":{\"@type\":\"EntryPoint\",\"urlTemplate\":\"https:\\\/\\\/wproduction.sk\\\/?s={search_term_string}\"},\"query-input\":{\"@type\":\"PropertyValueSpecification\",\"valueRequired\":true,\"valueName\":\"search_term_string\"}}],\"inLanguage\":\"hu\"},{\"@type\":\"Organization\",\"@id\":\"https:\\\/\\\/wproduction.sk\\\/#organization\",\"name\":\"W Production s.r.o.\",\"url\":\"https:\\\/\\\/wproduction.sk\\\/\",\"logo\":{\"@type\":\"ImageObject\",\"inLanguage\":\"hu\",\"@id\":\"https:\\\/\\\/wproduction.sk\\\/#\\\/schema\\\/logo\\\/image\\\/\",\"url\":\"https:\\\/\\\/wproduction.sk\\\/wp-content\\\/uploads\\\/2025\\\/03\\\/w-production-logo-small.jpg\",\"contentUrl\":\"https:\\\/\\\/wproduction.sk\\\/wp-content\\\/uploads\\\/2025\\\/03\\\/w-production-logo-small.jpg\",\"width\":800,\"height\":800,\"caption\":\"W Production s.r.o.\"},\"image\":{\"@id\":\"https:\\\/\\\/wproduction.sk\\\/#\\\/schema\\\/logo\\\/image\\\/\"},\"sameAs\":[\"https:\\\/\\\/www.facebook.com\\\/wproduction.slovakia\\\/\",\"https:\\\/\\\/www.instagram.com\\\/wproduction.sk\"],\"description\":\"W Production je video-produk\u010dn\u00e1 spolo\u010dnos\u0165, ktor\u00e1 sa \u0161pecializuje na tvorbu audiovizu\u00e1lneho obsahu. Pri na\u0161ej pr\u00e1ci kladieme d\u00f4raz na kvalitu, kreativitu a technick\u00fa prec\u00edznos\u0165.\",\"email\":\"info@wproduction.sk\",\"telephone\":\"+421 907 093 895\",\"legalName\":\"W Production s.r.o.\",\"foundingDate\":\"2022-01-01\",\"taxID\":\"2121635681\"}]}<\/script>\n<!-- \/ Yoast SEO Premium plugin. -->","yoast_head_json":{"title":"Davinci Resolve Studio | W Production","description":"DaVinci Resolve Studio je profesion\u00e1lny software na strih videa, farebn\u00fa korekciu, vizu\u00e1lne efekty, pohybov\u00fa grafiku a postprodukciu zvuku.","robots":{"index":"index","follow":"follow","max-snippet":"max-snippet:-1","max-image-preview":"max-image-preview:large","max-video-preview":"max-video-preview:-1"},"canonical":"https:\/\/wproduction.sk\/hu\/technologiak\/software\/davinci-resolve-studio\/","og_locale":"hu_HU","og_type":"article","og_title":"Davinci Resolve Studio","og_description":"DaVinci Resolve Studio je profesion\u00e1lny software na strih videa, farebn\u00fa korekciu, vizu\u00e1lne efekty, pohybov\u00fa grafiku a postprodukciu zvuku.","og_url":"https:\/\/wproduction.sk\/hu\/technologiak\/software\/davinci-resolve-studio\/","og_site_name":"W Production","article_publisher":"https:\/\/www.facebook.com\/wproduction.slovakia\/","article_modified_time":"2025-03-23T23:27:09+00:00","og_image":[{"width":1920,"height":1080,"url":"https:\/\/wproduction.sk\/wp-content\/uploads\/2025\/03\/davinci-resolve-studio-cover.jpg","type":"image\/jpeg"}],"twitter_card":"summary_large_image","twitter_misc":{"Becs\u00fclt olvas\u00e1si id\u0151":"1 perc"},"schema":{"@context":"https:\/\/schema.org","@graph":[{"@type":"WebPage","@id":"https:\/\/wproduction.sk\/technologie\/software\/davinci-resolve-studio\/","url":"https:\/\/wproduction.sk\/technologie\/software\/davinci-resolve-studio\/","name":"Davinci Resolve Studio | W Production","isPartOf":{"@id":"https:\/\/wproduction.sk\/#website"},"primaryImageOfPage":{"@id":"https:\/\/wproduction.sk\/technologie\/software\/davinci-resolve-studio\/#primaryimage"},"image":{"@id":"https:\/\/wproduction.sk\/technologie\/software\/davinci-resolve-studio\/#primaryimage"},"thumbnailUrl":"https:\/\/wproduction.sk\/wp-content\/uploads\/2025\/03\/davinci-resolve-studio-cover.jpg","datePublished":"2025-03-22T02:18:03+00:00","dateModified":"2025-03-23T23:27:09+00:00","description":"DaVinci Resolve Studio je profesion\u00e1lny software na strih videa, farebn\u00fa korekciu, vizu\u00e1lne efekty, pohybov\u00fa grafiku a postprodukciu zvuku.","breadcrumb":{"@id":"https:\/\/wproduction.sk\/technologie\/software\/davinci-resolve-studio\/#breadcrumb"},"inLanguage":"hu","potentialAction":[{"@type":"ReadAction","target":["https:\/\/wproduction.sk\/technologie\/software\/davinci-resolve-studio\/"]}]},{"@type":"ImageObject","inLanguage":"hu","@id":"https:\/\/wproduction.sk\/technologie\/software\/davinci-resolve-studio\/#primaryimage","url":"https:\/\/wproduction.sk\/wp-content\/uploads\/2025\/03\/davinci-resolve-studio-cover.jpg","contentUrl":"https:\/\/wproduction.sk\/wp-content\/uploads\/2025\/03\/davinci-resolve-studio-cover.jpg","width":1920,"height":1080},{"@type":"BreadcrumbList","@id":"https:\/\/wproduction.sk\/technologie\/software\/davinci-resolve-studio\/#breadcrumb","itemListElement":[{"@type":"ListItem","position":1,"name":"Home","item":"https:\/\/wproduction.sk\/"},{"@type":"ListItem","position":2,"name":"Technol\u00f3gie","item":"https:\/\/wproduction.sk\/technologie\/"},{"@type":"ListItem","position":3,"name":"Software","item":"https:\/\/wproduction.sk\/technologie\/software\/"},{"@type":"ListItem","position":4,"name":"Davinci Resolve Studio"}]},{"@type":"WebSite","@id":"https:\/\/wproduction.sk\/#website","url":"https:\/\/wproduction.sk\/","name":"W Production","description":"","publisher":{"@id":"https:\/\/wproduction.sk\/#organization"},"potentialAction":[{"@type":"SearchAction","target":{"@type":"EntryPoint","urlTemplate":"https:\/\/wproduction.sk\/?s={search_term_string}"},"query-input":{"@type":"PropertyValueSpecification","valueRequired":true,"valueName":"search_term_string"}}],"inLanguage":"hu"},{"@type":"Organization","@id":"https:\/\/wproduction.sk\/#organization","name":"W Production s.r.o.","url":"https:\/\/wproduction.sk\/","logo":{"@type":"ImageObject","inLanguage":"hu","@id":"https:\/\/wproduction.sk\/#\/schema\/logo\/image\/","url":"https:\/\/wproduction.sk\/wp-content\/uploads\/2025\/03\/w-production-logo-small.jpg","contentUrl":"https:\/\/wproduction.sk\/wp-content\/uploads\/2025\/03\/w-production-logo-small.jpg","width":800,"height":800,"caption":"W Production s.r.o."},"image":{"@id":"https:\/\/wproduction.sk\/#\/schema\/logo\/image\/"},"sameAs":["https:\/\/www.facebook.com\/wproduction.slovakia\/","https:\/\/www.instagram.com\/wproduction.sk"],"description":"W Production je video-produk\u010dn\u00e1 spolo\u010dnos\u0165, ktor\u00e1 sa \u0161pecializuje na tvorbu audiovizu\u00e1lneho obsahu. Pri na\u0161ej pr\u00e1ci kladieme d\u00f4raz na kvalitu, kreativitu a technick\u00fa prec\u00edznos\u0165.","email":"info@wproduction.sk","telephone":"+421 907 093 895","legalName":"W Production s.r.o.","foundingDate":"2022-01-01","taxID":"2121635681"}]}},"_links":{"self":[{"href":"https:\/\/wproduction.sk\/hu\/wp-json\/wp\/v2\/pages\/11797","targetHints":{"allow":["GET"]}}],"collection":[{"href":"https:\/\/wproduction.sk\/hu\/wp-json\/wp\/v2\/pages"}],"about":[{"href":"https:\/\/wproduction.sk\/hu\/wp-json\/wp\/v2\/types\/page"}],"author":[{"embeddable":true,"href":"https:\/\/wproduction.sk\/hu\/wp-json\/wp\/v2\/users\/1"}],"replies":[{"embeddable":true,"href":"https:\/\/wproduction.sk\/hu\/wp-json\/wp\/v2\/comments?post=11797"}],"version-history":[{"count":0,"href":"https:\/\/wproduction.sk\/hu\/wp-json\/wp\/v2\/pages\/11797\/revisions"}],"up":[{"embeddable":true,"href":"https:\/\/wproduction.sk\/hu\/wp-json\/wp\/v2\/pages\/10993"}],"wp:featuredmedia":[{"embeddable":true,"href":"https:\/\/wproduction.sk\/hu\/wp-json\/wp\/v2\/media\/11788"}],"wp:attachment":[{"href":"https:\/\/wproduction.sk\/hu\/wp-json\/wp\/v2\/media?parent=11797"}],"curies":[{"name":"wp","href":"https:\/\/api.w.org\/{rel}","templated":true}]}}