{"id":11689,"date":"2025-03-22T01:26:22","date_gmt":"2025-03-22T01:26:22","guid":{"rendered":"https:\/\/wproduction.sk\/?page_id=11689"},"modified":"2025-03-23T23:29:30","modified_gmt":"2025-03-23T23:29:30","slug":"blackmagic-design-atem-television-studio-hd","status":"publish","type":"page","link":"https:\/\/wproduction.sk\/hu\/technologiak\/videoszerkesztok\/blackmagic-design-atem-television-studio-hd\/","title":{"rendered":"Blackmagic Design ATEM Television Studio HD"},"content":{"rendered":"<div data-elementor-type=\"wp-page\" data-elementor-id=\"11689\" class=\"elementor elementor-11689\" data-elementor-post-type=\"page\">\n\t\t\t\t<div class=\"elementor-element elementor-element-19e3327 elementor-page-header border-radius-section e-flex e-con-boxed e-con e-parent\" data-id=\"19e3327\" data-element_type=\"container\" data-e-type=\"container\">\n\t\t\t\t\t<div class=\"e-con-inner\">\n\t\t<div class=\"elementor-element elementor-element-f953695 e-flex e-con-boxed e-con e-child\" data-id=\"f953695\" data-element_type=\"container\" data-e-type=\"container\" data-settings=\"{&quot;background_background&quot;:&quot;classic&quot;}\">\n\t\t\t\t\t<div class=\"e-con-inner\">\n\t\t<div class=\"elementor-element elementor-element-8dd63ed e-con-full e-flex e-con e-child\" data-id=\"8dd63ed\" data-element_type=\"container\" data-e-type=\"container\">\n\t\t\t\t<div class=\"elementor-element elementor-element-bff8899 at-heading-animation at-animation-heading-style-2 elementor-widget elementor-widget-heading\" data-id=\"bff8899\" data-element_type=\"widget\" data-e-type=\"widget\" data-settings=\"{&quot;ekit_we_effect_on&quot;:&quot;none&quot;}\" data-widget_type=\"heading.default\">\n\t\t\t\t<div class=\"elementor-widget-container\">\n\t\t\t\t\t<h1 class=\"elementor-heading-title elementor-size-default\">Blackmagic Design ATEM Television Studio HD<\/h1>\t\t\t\t<\/div>\n\t\t\t\t<\/div>\n\t\t\t\t<div class=\"elementor-element elementor-element-9971d97 page-header-breadcrumb elementor-invisible elementor-widget elementor-widget-elementskit-breadcrumb\" data-id=\"9971d97\" data-element_type=\"widget\" data-e-type=\"widget\" data-settings=\"{&quot;_animation&quot;:&quot;fadeInUp&quot;,&quot;ekit_we_effect_on&quot;:&quot;none&quot;}\" data-widget_type=\"elementskit-breadcrumb.default\">\n\t\t\t\t<div class=\"elementor-widget-container\">\n\t\t\t\t\t<div class=\"ekit-wid-con\" ><ol class=\"ekit-breadcrumb\"><li class=\"ekit_breadcrumbs_start\"><a href=\"https:\/\/wproduction.sk\/hu\/\">Home<\/a><\/li> <li class=\"brd_sep\"> &raquo; <\/li> <li><a href=\"https:\/\/wproduction.sk\/hu\/technologiak\/\" title=\"Technol\u00f3gi\u00e1k\">Technol\u00f3gi\u00e1k<\/a><\/li> <li class=\"brd_sep\"> &raquo; <\/li> <li><a href=\"https:\/\/wproduction.sk\/hu\/technologiak\/videoszerkesztok\/\" title=\"Vide\u00f3szerkeszt\u0151k\">Vide\u00f3szerkeszt\u0151k<\/a><\/li> <li class=\"brd_sep\"> &raquo; <\/li>  <li>Blackmagic Design ATEM Television Studio HD<\/li><\/ol><\/div>\t\t\t\t<\/div>\n\t\t\t\t<\/div>\n\t\t\t\t<\/div>\n\t\t\t\t\t<\/div>\n\t\t\t\t<\/div>\n\t\t\t\t\t<\/div>\n\t\t\t\t<\/div>\n\t\t<div class=\"elementor-element elementor-element-016c4bd e-flex e-con-boxed e-con e-parent\" data-id=\"016c4bd\" data-element_type=\"container\" data-e-type=\"container\">\n\t\t\t\t\t<div class=\"e-con-inner\">\n\t\t<div class=\"elementor-element elementor-element-2cbfa30 e-con-full e-flex e-con e-child\" data-id=\"2cbfa30\" data-element_type=\"container\" data-e-type=\"container\">\n\t\t\t\t<div class=\"elementor-element elementor-element-315ebfb at-image-animation at-animation-image-none elementor-widget elementor-widget-image\" data-id=\"315ebfb\" data-element_type=\"widget\" data-e-type=\"widget\" data-settings=\"{&quot;ekit_we_effect_on&quot;:&quot;none&quot;}\" data-widget_type=\"image.default\">\n\t\t\t\t<div class=\"elementor-widget-container\">\n\t\t\t\t\t\t\t\t\t\t\t\t\t\t\t\t<a href=\"https:\/\/wproduction.sk\/wp-content\/uploads\/2025\/03\/blackmagic-design-atem-television-studio-hd-cover.jpg\" data-elementor-open-lightbox=\"yes\" data-elementor-lightbox-title=\"blackmagic-design-atem-television-studio-hd-cover\" data-e-action-hash=\"#elementor-action%3Aaction%3Dlightbox%26settings%3DeyJpZCI6MTE3MDcsInVybCI6Imh0dHBzOlwvXC93cHJvZHVjdGlvbi5za1wvd3AtY29udGVudFwvdXBsb2Fkc1wvMjAyNVwvMDNcL2JsYWNrbWFnaWMtZGVzaWduLWF0ZW0tdGVsZXZpc2lvbi1zdHVkaW8taGQtY292ZXIuanBnIn0%3D\">\n\t\t\t\t\t\t\t<img fetchpriority=\"high\" decoding=\"async\" width=\"1920\" height=\"1080\" src=\"https:\/\/wproduction.sk\/wp-content\/uploads\/2025\/03\/blackmagic-design-atem-television-studio-hd-cover.jpg\" class=\"attachment-full size-full wp-image-11707\" alt=\"\" srcset=\"https:\/\/wproduction.sk\/wp-content\/uploads\/2025\/03\/blackmagic-design-atem-television-studio-hd-cover.jpg 1920w, https:\/\/wproduction.sk\/wp-content\/uploads\/2025\/03\/blackmagic-design-atem-television-studio-hd-cover-300x169.jpg 300w, https:\/\/wproduction.sk\/wp-content\/uploads\/2025\/03\/blackmagic-design-atem-television-studio-hd-cover-1024x576.jpg 1024w, https:\/\/wproduction.sk\/wp-content\/uploads\/2025\/03\/blackmagic-design-atem-television-studio-hd-cover-768x432.jpg 768w, https:\/\/wproduction.sk\/wp-content\/uploads\/2025\/03\/blackmagic-design-atem-television-studio-hd-cover-1536x864.jpg 1536w, https:\/\/wproduction.sk\/wp-content\/uploads\/2025\/03\/blackmagic-design-atem-television-studio-hd-cover-18x10.jpg 18w\" sizes=\"(max-width: 1920px) 100vw, 1920px\" \/>\t\t\t\t\t\t\t\t<\/a>\n\t\t\t\t\t\t\t\t\t\t\t\t\t\t\t<\/div>\n\t\t\t\t<\/div>\n\t\t\t\t<\/div>\n\t\t<div class=\"elementor-element elementor-element-988a776 e-con-full e-flex e-con e-child\" data-id=\"988a776\" data-element_type=\"container\" data-e-type=\"container\">\n\t\t\t\t<div class=\"elementor-element elementor-element-2f67547 at-heading-animation at-animation-heading-none elementor-widget elementor-widget-heading\" data-id=\"2f67547\" data-element_type=\"widget\" data-e-type=\"widget\" data-settings=\"{&quot;ekit_we_effect_on&quot;:&quot;none&quot;}\" data-widget_type=\"heading.default\">\n\t\t\t\t<div class=\"elementor-widget-container\">\n\t\t\t\t\t<h2 class=\"elementor-heading-title elementor-size-default\">A Blackmagic Design ATEM Television Studio HD egy kompakt \u00e9s er\u0151teljes produkci\u00f3s switcher, amelyet \u00e9l\u0151 k\u00f6zvet\u00edt\u00e9sekhez \u00e9s t\u00f6bbkamer\u00e1s produkci\u00f3khoz terveztek. Kombin\u00e1lt SDI \u00e9s HDMI bemenetekkel, be\u00e9p\u00edtett multiview kimenettel, professzion\u00e1lis \u00e1tmenetekkel, be\u00e9p\u00edtett DVE-vel a k\u00e9p a k\u00e9pen funkci\u00f3val \u00e9s fejlett keying funkci\u00f3kkal rendelkezik. Massz\u00edv fel\u00e9p\u00edt\u00e9s\u00e9nek \u00e9s intuit\u00edv kezelhet\u0151s\u00e9g\u00e9nek k\u00f6sz\u00f6nhet\u0151en ide\u00e1lis kis st\u00fadi\u00f3khoz, mobil produkci\u00f3khoz \u00e9s streaming alkalmaz\u00e1sokhoz.<\/h2>\t\t\t\t<\/div>\n\t\t\t\t<\/div>\n\t\t\t\t<\/div>\n\t\t\t\t\t<\/div>\n\t\t\t\t<\/div>\n\t\t<div class=\"elementor-element elementor-element-d02a1a6 border-radius-section e-flex e-con-boxed e-con e-parent\" data-id=\"d02a1a6\" data-element_type=\"container\" data-e-type=\"container\" data-settings=\"{&quot;background_background&quot;:&quot;classic&quot;}\">\n\t\t\t\t\t<div class=\"e-con-inner\">\n\t\t<div class=\"elementor-element elementor-element-63e1853 e-flex e-con-boxed e-con e-child\" data-id=\"63e1853\" data-element_type=\"container\" data-e-type=\"container\" data-settings=\"{&quot;background_background&quot;:&quot;classic&quot;}\">\n\t\t\t\t\t<div class=\"e-con-inner\">\n\t\t<div class=\"elementor-element elementor-element-f150048 e-con-full e-flex e-con e-child\" data-id=\"f150048\" data-element_type=\"container\" data-e-type=\"container\">\n\t\t<div class=\"elementor-element elementor-element-f00826c e-con-full e-flex e-con e-child\" data-id=\"f00826c\" data-element_type=\"container\" data-e-type=\"container\">\n\t\t\t\t<div class=\"elementor-element elementor-element-1672fe2 section-title at-heading-animation at-animation-heading-none elementor-invisible elementor-widget elementor-widget-heading\" data-id=\"1672fe2\" data-element_type=\"widget\" data-e-type=\"widget\" data-settings=\"{&quot;_animation&quot;:&quot;fadeInUp&quot;,&quot;ekit_we_effect_on&quot;:&quot;none&quot;}\" data-widget_type=\"heading.default\">\n\t\t\t\t<div class=\"elementor-widget-container\">\n\t\t\t\t\t<h3 class=\"elementor-heading-title elementor-size-default\">M\u0171szaki adatok<\/h3>\t\t\t\t<\/div>\n\t\t\t\t<\/div>\n\t\t\t\t<\/div>\n\t\t\t\t<\/div>\n\t\t<div class=\"elementor-element elementor-element-6278f44 e-con-full e-flex elementor-invisible e-con e-child\" data-id=\"6278f44\" data-element_type=\"container\" data-e-type=\"container\" data-settings=\"{&quot;animation&quot;:&quot;fadeInUp&quot;}\">\n\t\t\t\t<div class=\"elementor-element elementor-element-d369ef5 elementor-widget elementor-widget-text-editor\" data-id=\"d369ef5\" data-element_type=\"widget\" data-e-type=\"widget\" data-settings=\"{&quot;ekit_we_effect_on&quot;:&quot;none&quot;}\" data-widget_type=\"text-editor.default\">\n\t\t\t\t<div class=\"elementor-widget-container\">\n\t\t\t\t\t\t\t\t\t<p class=\"p1\"><span class=\"s1\"><b>Vide\u00f3 bemenetek:<\/b> 4\u00d7 SDI, 4\u00d7 HDMI (automatikus form\u00e1tum konverzi\u00f3)<\/span><\/p><p class=\"p1\"><span class=\"s1\"><b>Vide\u00f3 kimenetek:<\/b> 2\u00d7 SDI (program), 1\u00d7 SDI multiview, 1\u00d7 HDMI multiview<\/span><\/p><p class=\"p1\"><span class=\"s1\"><b>T\u00e1mogatott felbont\u00e1sok:<\/b> 720p, 1080i, 1080p @ 50\/59.94\/60 Hz<\/span><\/p><p class=\"p1\"><span class=\"s1\"><b>Multiview kimenet:<\/b> Ak\u00e1r 8 forr\u00e1st is megjelen\u00edthet\u00fcnk egy monitoron<\/span><\/p><p class=\"p1\"><span class=\"s1\"><b>\u00c1tmenetek:<\/b> Mix, Dip, Wipe, DVE effektek<\/span><\/p><p class=\"p1\"><span class=\"s1\"><b>DVE (Digital Video Effects):<\/b> 1\u00d7, t\u00e1mogat\u00e1s PIP (k\u00e9p a k\u00e9pen)<\/span><\/p><p class=\"p1\"><span class=\"s1\"><b>Keying:<\/b> 1\u00d7 upstream key, 2\u00d7 downstream keyer, luma\/chroma key<\/span><\/p>\t\t\t\t\t\t\t\t<\/div>\n\t\t\t\t<\/div>\n\t\t\t\t<\/div>\n\t\t<div class=\"elementor-element elementor-element-e4c7c40 e-con-full e-flex elementor-invisible e-con e-child\" data-id=\"e4c7c40\" data-element_type=\"container\" data-e-type=\"container\" data-settings=\"{&quot;animation&quot;:&quot;fadeInUp&quot;}\">\n\t\t\t\t<div class=\"elementor-element elementor-element-d98d071 elementor-widget elementor-widget-text-editor\" data-id=\"d98d071\" data-element_type=\"widget\" data-e-type=\"widget\" data-settings=\"{&quot;ekit_we_effect_on&quot;:&quot;none&quot;}\" data-widget_type=\"text-editor.default\">\n\t\t\t\t<div class=\"elementor-widget-container\">\n\t\t\t\t\t\t\t\t\t<p class=\"p1\"><span class=\"s1\"><b>Audio bemenetek:<\/b> 2\u00d7 XLR, 1\u00d7 RCA (stereo), SDI\/HDMI embedded audio<\/span><\/p><p class=\"p1\"><span class=\"s1\"><b>Audio kimenetek:<\/b> SDI\/HDMI embedded audio, 1\u00d7 RCA (stereo)<\/span><\/p><p class=\"p1\"><span class=\"s1\"><b>Vez\u00e9rl\u00e9s:<\/b> Ethernet (szoftveres vez\u00e9rl\u00e9s), t\u00e1mogat\u00e1s ATEM vez\u00e9rl\u0151k sz\u00e1m\u00e1ra<\/span><\/p><p class=\"p1\"><span class=\"s1\"><b>T\u00e1pegys\u00e9g:<\/b> 110\u2013240 V AC<\/span><\/p><p class=\"p1\"><span class=\"s1\"><b>M\u00e9retek:<\/b> 482 \u00d7 170 \u00d7 44 mm (rack 1U)<\/span><\/p><p class=\"p1\"><span class=\"s1\"><b>S\u00faly:<\/b> 2,35 kg<\/span><\/p>\t\t\t\t\t\t\t\t<\/div>\n\t\t\t\t<\/div>\n\t\t\t\t<\/div>\n\t\t\t\t\t<\/div>\n\t\t\t\t<\/div>\n\t\t\t\t\t<\/div>\n\t\t\t\t<\/div>\n\t\t\t\t<\/div>","protected":false},"excerpt":{"rendered":"<p>Domov Blackmagic Design ATEM Television Studio HD je kompaktn\u00fd [&hellip;]<\/p>","protected":false},"author":1,"featured_media":11707,"parent":11105,"menu_order":0,"comment_status":"closed","ping_status":"closed","template":"elementor_header_footer","meta":{"footnotes":""},"class_list":["post-11689","page","type-page","status-publish","has-post-thumbnail","hentry"],"yoast_head":"<!-- This site is optimized with the Yoast SEO Premium plugin v27.0 (Yoast SEO v27.5) - https:\/\/yoast.com\/product\/yoast-seo-premium-wordpress\/ -->\n<title>Blackmagic Design ATEM Television Studio HD | W Production<\/title>\n<meta name=\"description\" content=\"Blackmagic Design ATEM Television Studio HD je kompaktn\u00fd a v\u00fdkonn\u00fd produk\u010dn\u00fd switcher ur\u010den\u00fd pre \u017eiv\u00e9 vysielanie a viac-kamerov\u00e9 produkcie.\" \/>\n<meta name=\"robots\" content=\"index, follow, max-snippet:-1, max-image-preview:large, max-video-preview:-1\" \/>\n<link rel=\"canonical\" href=\"https:\/\/wproduction.sk\/hu\/technologiak\/videoszerkesztok\/blackmagic-design-atem-television-studio-hd\/\" \/>\n<meta property=\"og:locale\" content=\"hu_HU\" \/>\n<meta property=\"og:type\" content=\"article\" \/>\n<meta property=\"og:title\" content=\"Blackmagic Design ATEM Television Studio HD\" \/>\n<meta property=\"og:description\" content=\"Blackmagic Design ATEM Television Studio HD je kompaktn\u00fd a v\u00fdkonn\u00fd produk\u010dn\u00fd switcher ur\u010den\u00fd pre \u017eiv\u00e9 vysielanie a viac-kamerov\u00e9 produkcie.\" \/>\n<meta property=\"og:url\" content=\"https:\/\/wproduction.sk\/hu\/technologiak\/videoszerkesztok\/blackmagic-design-atem-television-studio-hd\/\" \/>\n<meta property=\"og:site_name\" content=\"W Production\" \/>\n<meta property=\"article:publisher\" content=\"https:\/\/www.facebook.com\/wproduction.slovakia\/\" \/>\n<meta property=\"article:modified_time\" content=\"2025-03-23T23:29:30+00:00\" \/>\n<meta property=\"og:image\" content=\"https:\/\/wproduction.sk\/wp-content\/uploads\/2025\/03\/blackmagic-design-atem-television-studio-hd-cover.jpg\" \/>\n\t<meta property=\"og:image:width\" content=\"1920\" \/>\n\t<meta property=\"og:image:height\" content=\"1080\" \/>\n\t<meta property=\"og:image:type\" content=\"image\/jpeg\" \/>\n<meta name=\"twitter:card\" content=\"summary_large_image\" \/>\n<meta name=\"twitter:label1\" content=\"Becs\u00fclt olvas\u00e1si id\u0151\" \/>\n\t<meta name=\"twitter:data1\" content=\"2 perc\" \/>\n<script type=\"application\/ld+json\" class=\"yoast-schema-graph\">{\"@context\":\"https:\\\/\\\/schema.org\",\"@graph\":[{\"@type\":\"WebPage\",\"@id\":\"https:\\\/\\\/wproduction.sk\\\/technologie\\\/videostrizne\\\/blackmagic-design-atem-television-studio-hd\\\/\",\"url\":\"https:\\\/\\\/wproduction.sk\\\/technologie\\\/videostrizne\\\/blackmagic-design-atem-television-studio-hd\\\/\",\"name\":\"Blackmagic Design ATEM Television Studio HD | W Production\",\"isPartOf\":{\"@id\":\"https:\\\/\\\/wproduction.sk\\\/#website\"},\"primaryImageOfPage\":{\"@id\":\"https:\\\/\\\/wproduction.sk\\\/technologie\\\/videostrizne\\\/blackmagic-design-atem-television-studio-hd\\\/#primaryimage\"},\"image\":{\"@id\":\"https:\\\/\\\/wproduction.sk\\\/technologie\\\/videostrizne\\\/blackmagic-design-atem-television-studio-hd\\\/#primaryimage\"},\"thumbnailUrl\":\"https:\\\/\\\/wproduction.sk\\\/wp-content\\\/uploads\\\/2025\\\/03\\\/blackmagic-design-atem-television-studio-hd-cover.jpg\",\"datePublished\":\"2025-03-22T01:26:22+00:00\",\"dateModified\":\"2025-03-23T23:29:30+00:00\",\"description\":\"Blackmagic Design ATEM Television Studio HD je kompaktn\u00fd a v\u00fdkonn\u00fd produk\u010dn\u00fd switcher ur\u010den\u00fd pre \u017eiv\u00e9 vysielanie a viac-kamerov\u00e9 produkcie.\",\"breadcrumb\":{\"@id\":\"https:\\\/\\\/wproduction.sk\\\/technologie\\\/videostrizne\\\/blackmagic-design-atem-television-studio-hd\\\/#breadcrumb\"},\"inLanguage\":\"hu\",\"potentialAction\":[{\"@type\":\"ReadAction\",\"target\":[\"https:\\\/\\\/wproduction.sk\\\/technologie\\\/videostrizne\\\/blackmagic-design-atem-television-studio-hd\\\/\"]}]},{\"@type\":\"ImageObject\",\"inLanguage\":\"hu\",\"@id\":\"https:\\\/\\\/wproduction.sk\\\/technologie\\\/videostrizne\\\/blackmagic-design-atem-television-studio-hd\\\/#primaryimage\",\"url\":\"https:\\\/\\\/wproduction.sk\\\/wp-content\\\/uploads\\\/2025\\\/03\\\/blackmagic-design-atem-television-studio-hd-cover.jpg\",\"contentUrl\":\"https:\\\/\\\/wproduction.sk\\\/wp-content\\\/uploads\\\/2025\\\/03\\\/blackmagic-design-atem-television-studio-hd-cover.jpg\",\"width\":1920,\"height\":1080},{\"@type\":\"BreadcrumbList\",\"@id\":\"https:\\\/\\\/wproduction.sk\\\/technologie\\\/videostrizne\\\/blackmagic-design-atem-television-studio-hd\\\/#breadcrumb\",\"itemListElement\":[{\"@type\":\"ListItem\",\"position\":1,\"name\":\"Home\",\"item\":\"https:\\\/\\\/wproduction.sk\\\/\"},{\"@type\":\"ListItem\",\"position\":2,\"name\":\"Technol\u00f3gie\",\"item\":\"https:\\\/\\\/wproduction.sk\\\/technologie\\\/\"},{\"@type\":\"ListItem\",\"position\":3,\"name\":\"Videostri\u017ene\",\"item\":\"https:\\\/\\\/wproduction.sk\\\/technologie\\\/videostrizne\\\/\"},{\"@type\":\"ListItem\",\"position\":4,\"name\":\"Blackmagic Design ATEM Television Studio HD\"}]},{\"@type\":\"WebSite\",\"@id\":\"https:\\\/\\\/wproduction.sk\\\/#website\",\"url\":\"https:\\\/\\\/wproduction.sk\\\/\",\"name\":\"W Production\",\"description\":\"\",\"publisher\":{\"@id\":\"https:\\\/\\\/wproduction.sk\\\/#organization\"},\"potentialAction\":[{\"@type\":\"SearchAction\",\"target\":{\"@type\":\"EntryPoint\",\"urlTemplate\":\"https:\\\/\\\/wproduction.sk\\\/?s={search_term_string}\"},\"query-input\":{\"@type\":\"PropertyValueSpecification\",\"valueRequired\":true,\"valueName\":\"search_term_string\"}}],\"inLanguage\":\"hu\"},{\"@type\":\"Organization\",\"@id\":\"https:\\\/\\\/wproduction.sk\\\/#organization\",\"name\":\"W Production s.r.o.\",\"url\":\"https:\\\/\\\/wproduction.sk\\\/\",\"logo\":{\"@type\":\"ImageObject\",\"inLanguage\":\"hu\",\"@id\":\"https:\\\/\\\/wproduction.sk\\\/#\\\/schema\\\/logo\\\/image\\\/\",\"url\":\"https:\\\/\\\/wproduction.sk\\\/wp-content\\\/uploads\\\/2025\\\/03\\\/w-production-logo-small.jpg\",\"contentUrl\":\"https:\\\/\\\/wproduction.sk\\\/wp-content\\\/uploads\\\/2025\\\/03\\\/w-production-logo-small.jpg\",\"width\":800,\"height\":800,\"caption\":\"W Production s.r.o.\"},\"image\":{\"@id\":\"https:\\\/\\\/wproduction.sk\\\/#\\\/schema\\\/logo\\\/image\\\/\"},\"sameAs\":[\"https:\\\/\\\/www.facebook.com\\\/wproduction.slovakia\\\/\",\"https:\\\/\\\/www.instagram.com\\\/wproduction.sk\"],\"description\":\"W Production je video-produk\u010dn\u00e1 spolo\u010dnos\u0165, ktor\u00e1 sa \u0161pecializuje na tvorbu audiovizu\u00e1lneho obsahu. Pri na\u0161ej pr\u00e1ci kladieme d\u00f4raz na kvalitu, kreativitu a technick\u00fa prec\u00edznos\u0165.\",\"email\":\"info@wproduction.sk\",\"telephone\":\"+421 907 093 895\",\"legalName\":\"W Production s.r.o.\",\"foundingDate\":\"2022-01-01\",\"taxID\":\"2121635681\"}]}<\/script>\n<!-- \/ Yoast SEO Premium plugin. -->","yoast_head_json":{"title":"Blackmagic Design ATEM Television Studio HD | W Production","description":"Blackmagic Design ATEM Television Studio HD je kompaktn\u00fd a v\u00fdkonn\u00fd produk\u010dn\u00fd switcher ur\u010den\u00fd pre \u017eiv\u00e9 vysielanie a viac-kamerov\u00e9 produkcie.","robots":{"index":"index","follow":"follow","max-snippet":"max-snippet:-1","max-image-preview":"max-image-preview:large","max-video-preview":"max-video-preview:-1"},"canonical":"https:\/\/wproduction.sk\/hu\/technologiak\/videoszerkesztok\/blackmagic-design-atem-television-studio-hd\/","og_locale":"hu_HU","og_type":"article","og_title":"Blackmagic Design ATEM Television Studio HD","og_description":"Blackmagic Design ATEM Television Studio HD je kompaktn\u00fd a v\u00fdkonn\u00fd produk\u010dn\u00fd switcher ur\u010den\u00fd pre \u017eiv\u00e9 vysielanie a viac-kamerov\u00e9 produkcie.","og_url":"https:\/\/wproduction.sk\/hu\/technologiak\/videoszerkesztok\/blackmagic-design-atem-television-studio-hd\/","og_site_name":"W Production","article_publisher":"https:\/\/www.facebook.com\/wproduction.slovakia\/","article_modified_time":"2025-03-23T23:29:30+00:00","og_image":[{"width":1920,"height":1080,"url":"https:\/\/wproduction.sk\/wp-content\/uploads\/2025\/03\/blackmagic-design-atem-television-studio-hd-cover.jpg","type":"image\/jpeg"}],"twitter_card":"summary_large_image","twitter_misc":{"Becs\u00fclt olvas\u00e1si id\u0151":"2 perc"},"schema":{"@context":"https:\/\/schema.org","@graph":[{"@type":"WebPage","@id":"https:\/\/wproduction.sk\/technologie\/videostrizne\/blackmagic-design-atem-television-studio-hd\/","url":"https:\/\/wproduction.sk\/technologie\/videostrizne\/blackmagic-design-atem-television-studio-hd\/","name":"Blackmagic Design ATEM Television Studio HD | W Production","isPartOf":{"@id":"https:\/\/wproduction.sk\/#website"},"primaryImageOfPage":{"@id":"https:\/\/wproduction.sk\/technologie\/videostrizne\/blackmagic-design-atem-television-studio-hd\/#primaryimage"},"image":{"@id":"https:\/\/wproduction.sk\/technologie\/videostrizne\/blackmagic-design-atem-television-studio-hd\/#primaryimage"},"thumbnailUrl":"https:\/\/wproduction.sk\/wp-content\/uploads\/2025\/03\/blackmagic-design-atem-television-studio-hd-cover.jpg","datePublished":"2025-03-22T01:26:22+00:00","dateModified":"2025-03-23T23:29:30+00:00","description":"Blackmagic Design ATEM Television Studio HD je kompaktn\u00fd a v\u00fdkonn\u00fd produk\u010dn\u00fd switcher ur\u010den\u00fd pre \u017eiv\u00e9 vysielanie a viac-kamerov\u00e9 produkcie.","breadcrumb":{"@id":"https:\/\/wproduction.sk\/technologie\/videostrizne\/blackmagic-design-atem-television-studio-hd\/#breadcrumb"},"inLanguage":"hu","potentialAction":[{"@type":"ReadAction","target":["https:\/\/wproduction.sk\/technologie\/videostrizne\/blackmagic-design-atem-television-studio-hd\/"]}]},{"@type":"ImageObject","inLanguage":"hu","@id":"https:\/\/wproduction.sk\/technologie\/videostrizne\/blackmagic-design-atem-television-studio-hd\/#primaryimage","url":"https:\/\/wproduction.sk\/wp-content\/uploads\/2025\/03\/blackmagic-design-atem-television-studio-hd-cover.jpg","contentUrl":"https:\/\/wproduction.sk\/wp-content\/uploads\/2025\/03\/blackmagic-design-atem-television-studio-hd-cover.jpg","width":1920,"height":1080},{"@type":"BreadcrumbList","@id":"https:\/\/wproduction.sk\/technologie\/videostrizne\/blackmagic-design-atem-television-studio-hd\/#breadcrumb","itemListElement":[{"@type":"ListItem","position":1,"name":"Home","item":"https:\/\/wproduction.sk\/"},{"@type":"ListItem","position":2,"name":"Technol\u00f3gie","item":"https:\/\/wproduction.sk\/technologie\/"},{"@type":"ListItem","position":3,"name":"Videostri\u017ene","item":"https:\/\/wproduction.sk\/technologie\/videostrizne\/"},{"@type":"ListItem","position":4,"name":"Blackmagic Design ATEM Television Studio HD"}]},{"@type":"WebSite","@id":"https:\/\/wproduction.sk\/#website","url":"https:\/\/wproduction.sk\/","name":"W Production","description":"","publisher":{"@id":"https:\/\/wproduction.sk\/#organization"},"potentialAction":[{"@type":"SearchAction","target":{"@type":"EntryPoint","urlTemplate":"https:\/\/wproduction.sk\/?s={search_term_string}"},"query-input":{"@type":"PropertyValueSpecification","valueRequired":true,"valueName":"search_term_string"}}],"inLanguage":"hu"},{"@type":"Organization","@id":"https:\/\/wproduction.sk\/#organization","name":"W Production s.r.o.","url":"https:\/\/wproduction.sk\/","logo":{"@type":"ImageObject","inLanguage":"hu","@id":"https:\/\/wproduction.sk\/#\/schema\/logo\/image\/","url":"https:\/\/wproduction.sk\/wp-content\/uploads\/2025\/03\/w-production-logo-small.jpg","contentUrl":"https:\/\/wproduction.sk\/wp-content\/uploads\/2025\/03\/w-production-logo-small.jpg","width":800,"height":800,"caption":"W Production s.r.o."},"image":{"@id":"https:\/\/wproduction.sk\/#\/schema\/logo\/image\/"},"sameAs":["https:\/\/www.facebook.com\/wproduction.slovakia\/","https:\/\/www.instagram.com\/wproduction.sk"],"description":"W Production je video-produk\u010dn\u00e1 spolo\u010dnos\u0165, ktor\u00e1 sa \u0161pecializuje na tvorbu audiovizu\u00e1lneho obsahu. Pri na\u0161ej pr\u00e1ci kladieme d\u00f4raz na kvalitu, kreativitu a technick\u00fa prec\u00edznos\u0165.","email":"info@wproduction.sk","telephone":"+421 907 093 895","legalName":"W Production s.r.o.","foundingDate":"2022-01-01","taxID":"2121635681"}]}},"_links":{"self":[{"href":"https:\/\/wproduction.sk\/hu\/wp-json\/wp\/v2\/pages\/11689","targetHints":{"allow":["GET"]}}],"collection":[{"href":"https:\/\/wproduction.sk\/hu\/wp-json\/wp\/v2\/pages"}],"about":[{"href":"https:\/\/wproduction.sk\/hu\/wp-json\/wp\/v2\/types\/page"}],"author":[{"embeddable":true,"href":"https:\/\/wproduction.sk\/hu\/wp-json\/wp\/v2\/users\/1"}],"replies":[{"embeddable":true,"href":"https:\/\/wproduction.sk\/hu\/wp-json\/wp\/v2\/comments?post=11689"}],"version-history":[{"count":0,"href":"https:\/\/wproduction.sk\/hu\/wp-json\/wp\/v2\/pages\/11689\/revisions"}],"up":[{"embeddable":true,"href":"https:\/\/wproduction.sk\/hu\/wp-json\/wp\/v2\/pages\/11105"}],"wp:featuredmedia":[{"embeddable":true,"href":"https:\/\/wproduction.sk\/hu\/wp-json\/wp\/v2\/media\/11707"}],"wp:attachment":[{"href":"https:\/\/wproduction.sk\/hu\/wp-json\/wp\/v2\/media?parent=11689"}],"curies":[{"name":"wp","href":"https:\/\/api.w.org\/{rel}","templated":true}]}}