{"id":2962,"date":"2025-01-02T13:18:43","date_gmt":"2025-01-02T13:18:43","guid":{"rendered":"https:\/\/demo.awaikenthemes.com\/rovex\/?page_id=2962"},"modified":"2026-04-24T11:53:18","modified_gmt":"2026-04-24T11:53:18","slug":"martin-farkas","status":"publish","type":"page","link":"https:\/\/wproduction.sk\/en\/team\/martin-farkas\/","title":{"rendered":"Martin Farkas"},"content":{"rendered":"<div data-elementor-type=\"wp-page\" data-elementor-id=\"2962\" class=\"elementor elementor-2962\" data-elementor-post-type=\"page\">\n\t\t\t\t<div class=\"elementor-element elementor-element-1da12b8 elementor-page-header border-radius-section e-flex e-con-boxed e-con e-parent\" data-id=\"1da12b8\" data-element_type=\"container\" data-e-type=\"container\">\n\t\t\t\t\t<div class=\"e-con-inner\">\n\t\t<div class=\"elementor-element elementor-element-e89606f e-flex e-con-boxed e-con e-child\" data-id=\"e89606f\" data-element_type=\"container\" data-e-type=\"container\" data-settings=\"{&quot;background_background&quot;:&quot;classic&quot;}\">\n\t\t\t\t\t<div class=\"e-con-inner\">\n\t\t<div class=\"elementor-element elementor-element-490c197 e-con-full e-flex e-con e-child\" data-id=\"490c197\" data-element_type=\"container\" data-e-type=\"container\">\n\t\t\t\t<div class=\"elementor-element elementor-element-2033c50 at-heading-animation at-animation-heading-style-2 elementor-widget elementor-widget-heading\" data-id=\"2033c50\" data-element_type=\"widget\" data-e-type=\"widget\" data-settings=\"{&quot;ekit_we_effect_on&quot;:&quot;none&quot;}\" data-widget_type=\"heading.default\">\n\t\t\t\t<div class=\"elementor-widget-container\">\n\t\t\t\t\t<h1 class=\"elementor-heading-title elementor-size-default\">Martin <span>Farkas<\/span><\/h1>\t\t\t\t<\/div>\n\t\t\t\t<\/div>\n\t\t\t\t<div class=\"elementor-element elementor-element-689b0d9 page-header-breadcrumb elementor-invisible elementor-widget elementor-widget-elementskit-breadcrumb\" data-id=\"689b0d9\" data-element_type=\"widget\" data-e-type=\"widget\" data-settings=\"{&quot;_animation&quot;:&quot;fadeInUp&quot;,&quot;ekit_we_effect_on&quot;:&quot;none&quot;}\" data-widget_type=\"elementskit-breadcrumb.default\">\n\t\t\t\t<div class=\"elementor-widget-container\">\n\t\t\t\t\t<div class=\"ekit-wid-con\" ><ol class=\"ekit-breadcrumb\"><li class=\"ekit_breadcrumbs_start\"><a href=\"https:\/\/wproduction.sk\/en\/\">Home<\/a><\/li> <li class=\"brd_sep\"> &raquo; <\/li> <li><a href=\"https:\/\/wproduction.sk\/en\/team\/\" title=\"Team\">Team<\/a><\/li> <li class=\"brd_sep\"> &raquo; <\/li>  <li>Martin Farkas<\/li><\/ol><\/div>\t\t\t\t<\/div>\n\t\t\t\t<\/div>\n\t\t\t\t<\/div>\n\t\t\t\t\t<\/div>\n\t\t\t\t<\/div>\n\t\t\t\t\t<\/div>\n\t\t\t\t<\/div>\n\t\t<div class=\"elementor-element elementor-element-2f26bc8 page-team-single e-flex e-con-boxed e-con e-parent\" data-id=\"2f26bc8\" data-element_type=\"container\" data-e-type=\"container\">\n\t\t\t\t\t<div class=\"e-con-inner\">\n\t\t<div class=\"elementor-element elementor-element-bba8d78 e-con-full e-flex e-con e-child\" data-id=\"bba8d78\" data-element_type=\"container\" data-e-type=\"container\">\n\t\t<div class=\"elementor-element elementor-element-b1519b7 e-con-full e-flex e-con e-child\" data-id=\"b1519b7\" data-element_type=\"container\" data-e-type=\"container\">\n\t\t\t\t<div class=\"elementor-element elementor-element-1efb4f1 image-anime team-single-image at-image-animation at-animation-image-style-1 elementor-widget elementor-widget-image\" data-id=\"1efb4f1\" data-element_type=\"widget\" data-e-type=\"widget\" data-settings=\"{&quot;ekit_we_effect_on&quot;:&quot;none&quot;}\" data-widget_type=\"image.default\">\n\t\t\t\t<div class=\"elementor-widget-container\">\n\t\t\t\t\t\t\t\t\t\t\t\t\t\t\t<img fetchpriority=\"high\" decoding=\"async\" width=\"1000\" height=\"1000\" src=\"https:\/\/wproduction.sk\/wp-content\/uploads\/2025\/03\/martin-farkas-profile-picture.jpg\" class=\"attachment-full size-full wp-image-10802\" alt=\"\" srcset=\"https:\/\/wproduction.sk\/wp-content\/uploads\/2025\/03\/martin-farkas-profile-picture.jpg 1000w, https:\/\/wproduction.sk\/wp-content\/uploads\/2025\/03\/martin-farkas-profile-picture-300x300.jpg 300w, https:\/\/wproduction.sk\/wp-content\/uploads\/2025\/03\/martin-farkas-profile-picture-150x150.jpg 150w, https:\/\/wproduction.sk\/wp-content\/uploads\/2025\/03\/martin-farkas-profile-picture-768x768.jpg 768w, https:\/\/wproduction.sk\/wp-content\/uploads\/2025\/03\/martin-farkas-profile-picture-12x12.jpg 12w\" sizes=\"(max-width: 1000px) 100vw, 1000px\" \/>\t\t\t\t\t\t\t\t\t\t\t\t\t\t\t<\/div>\n\t\t\t\t<\/div>\n\t\t<div class=\"elementor-element elementor-element-68b7828 e-con-full e-flex e-con e-child\" data-id=\"68b7828\" data-element_type=\"container\" data-e-type=\"container\">\n\t\t\t\t<div class=\"elementor-element elementor-element-a9842eb elementor-widget__width-initial elementor-widget-mobile__width-inherit team-contact-box ekit-equal-height-disable elementor-invisible elementor-widget elementor-widget-elementskit-icon-box\" data-id=\"a9842eb\" data-element_type=\"widget\" data-e-type=\"widget\" data-settings=\"{&quot;_animation&quot;:&quot;fadeInUp&quot;,&quot;ekit_we_effect_on&quot;:&quot;none&quot;}\" data-widget_type=\"elementskit-icon-box.default\">\n\t\t\t\t<div class=\"elementor-widget-container\">\n\t\t\t\t\t<div class=\"ekit-wid-con\" >        <!-- link opening -->\n                <!-- end link opening -->\n\n        <div class=\"elementskit-infobox text- text-left icon-lef-right-aligin elementor-animation- media\">\n                    <div class=\"elementskit-box-header elementor-animation-\">\n                <div class=\"elementskit-info-box-icon  text-center\">\n                    <i aria-hidden=\"true\" class=\"elementkit-infobox-icon icon icon-trophy\"><\/i>\n                <\/div>\n          <\/div>\n                        <div class=\"box-body\">\n                            <h3 class=\"elementskit-info-box-title\">\n                    Position                <\/h3>\n                        \t\t  \t<p>CEO<\/p>\n                                <\/div>\n        \n        \n                <\/div>\n        <\/div>\t\t\t\t<\/div>\n\t\t\t\t<\/div>\n\t\t\t\t<div class=\"elementor-element elementor-element-ed27a8b elementor-widget__width-initial elementor-widget-mobile__width-inherit team-contact-box ekit-equal-height-disable elementor-invisible elementor-widget elementor-widget-elementskit-icon-box\" data-id=\"ed27a8b\" data-element_type=\"widget\" data-e-type=\"widget\" data-settings=\"{&quot;_animation&quot;:&quot;fadeInUp&quot;,&quot;_animation_delay&quot;:200,&quot;ekit_we_effect_on&quot;:&quot;none&quot;}\" data-widget_type=\"elementskit-icon-box.default\">\n\t\t\t\t<div class=\"elementor-widget-container\">\n\t\t\t\t\t<div class=\"ekit-wid-con\" >        <!-- link opening -->\n                <!-- end link opening -->\n\n        <div class=\"elementskit-infobox text- text-left icon-lef-right-aligin elementor-animation- media\">\n                    <div class=\"elementskit-box-header elementor-animation-\">\n                <div class=\"elementskit-info-box-icon  text-center\">\n                    <i aria-hidden=\"true\" class=\"elementkit-infobox-icon icon icon-checked1\"><\/i>\n                <\/div>\n          <\/div>\n                        <div class=\"box-body\">\n                            <h3 class=\"elementskit-info-box-title\">\n                    Experience                <\/h3>\n                        \t\t  \t<p>12 rokov<\/p>\n                                <\/div>\n        \n        \n                <\/div>\n        <\/div>\t\t\t\t<\/div>\n\t\t\t\t<\/div>\n\t\t\t\t<\/div>\n\t\t\t\t<\/div>\n\t\t<div class=\"elementor-element elementor-element-b856d4b e-con-full e-flex e-con e-child\" data-id=\"b856d4b\" data-element_type=\"container\" data-e-type=\"container\">\n\t\t\t\t<div class=\"elementor-element elementor-element-787ab99 at-heading-animation at-animation-heading-style-2 elementor-widget elementor-widget-heading\" data-id=\"787ab99\" data-element_type=\"widget\" data-e-type=\"widget\" data-settings=\"{&quot;ekit_we_effect_on&quot;:&quot;none&quot;}\" data-widget_type=\"heading.default\">\n\t\t\t\t<div class=\"elementor-widget-container\">\n\t\t\t\t\t<h2 class=\"elementor-heading-title elementor-size-default\">Creator of <span>visual experiences<\/span><\/h2>\t\t\t\t<\/div>\n\t\t\t\t<\/div>\n\t\t\t\t<div class=\"elementor-element elementor-element-2481e9f elementor-invisible elementor-widget elementor-widget-text-editor\" data-id=\"2481e9f\" data-element_type=\"widget\" data-e-type=\"widget\" data-settings=\"{&quot;_animation&quot;:&quot;fadeInUp&quot;,&quot;ekit_we_effect_on&quot;:&quot;none&quot;}\" data-widget_type=\"text-editor.default\">\n\t\t\t\t<div class=\"elementor-widget-container\">\n\t\t\t\t\t\t\t\t\t<p>Martin Farkas is the founder of W Production and the heart of every production that passes through our hands. He is not just the owner \u2013 he actively participates in every phase of the process: from filming, through post-production, to designing and implementing visual content for LED screens at live events.<\/p><p>Years of collaboration with leaders in event production have brought Martin extensive experience in technically demanding projects both locally and internationally. Thanks to this, he has mastered the ability to operate in fast-paced, challenging environments where every detail matters and timing must be perfect.<\/p><p>Martin has a keen sense for both visuals and technology. He seamlessly switches between cameras, coordinates content on LED screens, combines various media formats in real-time, and supervises audio settings, all with calm, clarity, and a focus on the result.<\/p><p>Thanks to his technical precision, quick reactions, and creative solutions, Martin has elevated W Production to a higher level, ensuring that even the most complex events run smoothly and visually flawlessly.<\/p>\t\t\t\t\t\t\t\t<\/div>\n\t\t\t\t<\/div>\n\t\t\t\t<\/div>\n\t\t\t\t<\/div>\n\t\t<div class=\"elementor-element elementor-element-7b7f4b4 e-con-full e-flex e-con e-child\" data-id=\"7b7f4b4\" data-element_type=\"container\" data-e-type=\"container\">\n\t\t<div class=\"elementor-element elementor-element-e78441c e-con-full e-flex e-con e-child\" data-id=\"e78441c\" data-element_type=\"container\" data-e-type=\"container\" data-settings=\"{&quot;background_background&quot;:&quot;classic&quot;}\">\n\t\t\t\t<div class=\"elementor-element elementor-element-11a1c8d at-heading-animation at-animation-heading-style-2 elementor-widget elementor-widget-heading\" data-id=\"11a1c8d\" data-element_type=\"widget\" data-e-type=\"widget\" data-settings=\"{&quot;ekit_we_effect_on&quot;:&quot;none&quot;}\" data-widget_type=\"heading.default\">\n\t\t\t\t<div class=\"elementor-widget-container\">\n\t\t\t\t\t<h3 class=\"elementor-heading-title elementor-size-default\">Z\u00edskajte ponuku na <span>v\u00e1\u0161 event<\/span><\/h3>\t\t\t\t<\/div>\n\t\t\t\t<\/div>\n\t\t\t\t<div class=\"elementor-element elementor-element-98434c1 elementor-invisible elementor-widget elementor-widget-elementskit-contact-form7\" data-id=\"98434c1\" data-element_type=\"widget\" data-e-type=\"widget\" data-settings=\"{&quot;_animation&quot;:&quot;fadeInUp&quot;,&quot;ekit_we_effect_on&quot;:&quot;none&quot;}\" data-widget_type=\"elementskit-contact-form7.default\">\n\t\t\t\t<div class=\"elementor-widget-container\">\n\t\t\t\t\t<div class=\"ekit-wid-con\" ><div class=\"ekit-form\">\n<div class=\"wpcf7 no-js\" id=\"wpcf7-f14990-p2962-o1\" lang=\"en-US\" dir=\"ltr\" data-wpcf7-id=\"14990\">\n<div class=\"screen-reader-response\"><p role=\"status\" aria-live=\"polite\" aria-atomic=\"true\"><\/p> <ul><\/ul><\/div>\n<form action=\"\/en\/team\/martin-farkas\/#wpcf7-f14990-p2962-o1\" method=\"post\" class=\"wpcf7-form init\" aria-label=\"Kontaktn\u00fd formul\u00e1r\" novalidate=\"novalidate\" data-status=\"init\" data-trp-original-action=\"\/team\/martin-farkas\/#wpcf7-f14990-p2962-o1\">\n<fieldset class=\"hidden-fields-container\"><input type=\"hidden\" name=\"_wpcf7\" value=\"14990\" \/><input type=\"hidden\" name=\"_wpcf7_version\" value=\"6.1.5\" \/><input type=\"hidden\" name=\"_wpcf7_locale\" value=\"en_US\" \/><input type=\"hidden\" name=\"_wpcf7_unit_tag\" value=\"wpcf7-f14990-p2962-o1\" \/><input type=\"hidden\" name=\"_wpcf7_container_post\" value=\"2962\" \/><input type=\"hidden\" name=\"_wpcf7_posted_data_hash\" value=\"\" \/><input type=\"hidden\" name=\"_wpcf7_recaptcha_response\" value=\"\" \/>\n<\/fieldset>\n<div class=\"row form-wrapper\">\n\t<div class=\"col-md-12 mb-4\">\n\t\t<p class=\"form-subtext\"><br \/>\n<span class=\"icon-inline\"><br \/>\n<svg viewbox=\"0 0 24 24\" fill=\"none\" stroke=\"currentColor\" stroke-width=\"2\">\n                    <circle cx=\"12\" cy=\"12\" r=\"10\"><\/circle>\n                    <path d=\"M12 6v6l4 2\"><\/path>\n                <\/svg><br \/>\n<\/span><br \/>\n<span>Odpoved\u00e1me do 24 hod\u00edn.<\/span>\n\t\t<\/p>\n\t<\/div>\n\t<div class=\"form-group col-md-6 mb-4\">\n\t\t<p><span class=\"wpcf7-form-control-wrap\" data-name=\"first-name\"><input size=\"40\" maxlength=\"400\" class=\"wpcf7-form-control wpcf7-text wpcf7-validates-as-required form-control\" id=\"name\" aria-required=\"true\" aria-invalid=\"false\" placeholder=\"Meno \/ Firma\" value=\"\" type=\"text\" name=\"first-name\" \/><\/span>\n\t\t<\/p>\n\t<\/div>\n\t<div class=\"form-group col-md-6 mb-4\">\n\t\t<p><span class=\"wpcf7-form-control-wrap\" data-name=\"email\"><input size=\"40\" maxlength=\"400\" class=\"wpcf7-form-control wpcf7-email wpcf7-validates-as-required wpcf7-text wpcf7-validates-as-email form-control\" id=\"email\" aria-required=\"true\" aria-invalid=\"false\" placeholder=\"E-mail\" value=\"\" type=\"email\" name=\"email\" \/><\/span>\n\t\t<\/p>\n\t<\/div>\n\t<div class=\"form-group col-md-12 mb-4\">\n\t\t<p><span class=\"wpcf7-form-control-wrap\" data-name=\"phone\"><input size=\"40\" maxlength=\"400\" class=\"wpcf7-form-control wpcf7-tel wpcf7-text wpcf7-validates-as-tel form-control\" id=\"phone\" aria-invalid=\"false\" placeholder=\"Telef\u00f3n (volite\u013en\u00e9)\" value=\"\" type=\"tel\" name=\"phone\" \/><\/span>\n\t\t<\/p>\n\t<\/div>\n\t<div class=\"form-group col-md-12 mb-4\">\n\t\t<p><span class=\"wpcf7-form-control-wrap\" data-name=\"event-type\"><select class=\"wpcf7-form-control wpcf7-select form-control\" aria-invalid=\"false\" name=\"event-type\"><option value=\"\">Typ eventu<\/option><option value=\"Konferencia \/ kongres\">Konferencia \/ kongres<\/option><option value=\"Firemn\u00fd event\">Firemn\u00fd event<\/option><option value=\"Koncert \/ live show\">Koncert \/ live show<\/option><option value=\"Hybridn\u00fd event \/ live stream\">Hybridn\u00fd event \/ live stream<\/option><option value=\"In\u00fd typ eventu\">In\u00fd typ eventu<\/option><\/select><\/span>\n\t\t<\/p>\n\t<\/div>\n\t<div class=\"form-group col-md-12 mb-4\">\n\t\t<p><span class=\"wpcf7-form-control-wrap\" data-name=\"msg\"><textarea cols=\"40\" rows=\"10\" maxlength=\"2000\" class=\"wpcf7-form-control wpcf7-textarea form-control\" id=\"msg\" aria-invalid=\"false\" placeholder=\"Nap\u00ed\u0161te n\u00e1m viac o va\u0161om evente...\" name=\"msg\"><\/textarea><\/span>\n\t\t<\/p>\n\t<\/div>\n\t<div class=\"col-md-12 form-btn\">\n\t\t<p><input class=\"wpcf7-form-control wpcf7-submit has-spinner btn-primary\" id=\"msgSubmit\" type=\"submit\" value=\"Z\u00edska\u0165 ponuku\" \/>\n\t\t<\/p>\n\t<\/div>\n\t<div class=\"col-md-12 mt-3\">\n\t\t<p class=\"form-note\"><br \/>\n<span class=\"icon-inline\"><br \/>\n<svg viewbox=\"0 0 24 24\" fill=\"none\" stroke=\"currentColor\" stroke-width=\"2\">\n                    <rect x=\"5\" y=\"11\" width=\"14\" height=\"10\" rx=\"2\"><\/rect>\n                    <path d=\"M7 11V7a5 5 0 0 1 10 0v4\"><\/path>\n                <\/svg><br \/>\n<\/span><br \/>\n<span>Va\u0161e \u00fadaje s\u00fa u n\u00e1s v bezpe\u010d\u00ed.<\/span>\n\t\t<\/p>\n\t<\/div>\n<\/div><div class=\"wpcf7-response-output\" aria-hidden=\"true\"><\/div>\n<input type=\"hidden\" name=\"trp-form-language\" value=\"en\"\/><\/form>\n<\/div>\n<\/div><\/div>\t\t\t\t<\/div>\n\t\t\t\t<\/div>\n\t\t\t\t<\/div>\n\t\t\t\t<\/div>\n\t\t\t\t\t<\/div>\n\t\t\t\t<\/div>\n\t\t\t\t<\/div>","protected":false},"excerpt":{"rendered":"<p>Martin Farkas Home Poz\u00edcia CEO Sk\u00fasenosti 12 rokov Tvorca [&hellip;]<\/p>","protected":false},"author":1,"featured_media":10802,"parent":1875,"menu_order":0,"comment_status":"closed","ping_status":"closed","template":"elementor_header_footer","meta":{"footnotes":""},"class_list":["post-2962","page","type-page","status-publish","has-post-thumbnail","hentry"],"yoast_head":"<!-- This site is optimized with the Yoast SEO Premium plugin v27.0 (Yoast SEO v27.4) - https:\/\/yoast.com\/product\/yoast-seo-premium-wordpress\/ -->\n<title>Martin Farkas | W Production<\/title>\n<meta name=\"description\" content=\"Martin Farkas je zakladate\u013eom W Production a z\u00e1rove\u0148 srdcom ka\u017edej produkcie, ktor\u00e1 prejde na\u0161imi rukami.\" \/>\n<meta name=\"robots\" content=\"index, follow, max-snippet:-1, max-image-preview:large, max-video-preview:-1\" \/>\n<link rel=\"canonical\" href=\"https:\/\/wproduction.sk\/en\/team\/martin-farkas\/\" \/>\n<meta property=\"og:locale\" content=\"en_GB\" \/>\n<meta property=\"og:type\" content=\"article\" \/>\n<meta property=\"og:title\" content=\"Martin Farkas\" \/>\n<meta property=\"og:description\" content=\"Martin Farkas je zakladate\u013eom W Production a z\u00e1rove\u0148 srdcom ka\u017edej produkcie, ktor\u00e1 prejde na\u0161imi rukami.\" \/>\n<meta property=\"og:url\" content=\"https:\/\/wproduction.sk\/en\/team\/martin-farkas\/\" \/>\n<meta property=\"og:site_name\" content=\"W Production\" \/>\n<meta property=\"article:publisher\" content=\"https:\/\/www.facebook.com\/wproduction.slovakia\/\" \/>\n<meta property=\"article:modified_time\" content=\"2026-04-24T11:53:18+00:00\" \/>\n<meta property=\"og:image\" content=\"https:\/\/wproduction.sk\/wp-content\/uploads\/2025\/03\/martin-farkas-profile-picture.jpg\" \/>\n\t<meta property=\"og:image:width\" content=\"1000\" \/>\n\t<meta property=\"og:image:height\" content=\"1000\" \/>\n\t<meta property=\"og:image:type\" content=\"image\/jpeg\" \/>\n<meta name=\"twitter:card\" content=\"summary_large_image\" \/>\n<meta name=\"twitter:label1\" content=\"Estimated reading time\" \/>\n\t<meta name=\"twitter:data1\" content=\"2 minutes\" \/>\n<script type=\"application\/ld+json\" class=\"yoast-schema-graph\">{\"@context\":\"https:\\\/\\\/schema.org\",\"@graph\":[{\"@type\":\"WebPage\",\"@id\":\"https:\\\/\\\/wproduction.sk\\\/team\\\/martin-farkas\\\/\",\"url\":\"https:\\\/\\\/wproduction.sk\\\/team\\\/martin-farkas\\\/\",\"name\":\"Martin Farkas | W Production\",\"isPartOf\":{\"@id\":\"https:\\\/\\\/wproduction.sk\\\/#website\"},\"primaryImageOfPage\":{\"@id\":\"https:\\\/\\\/wproduction.sk\\\/team\\\/martin-farkas\\\/#primaryimage\"},\"image\":{\"@id\":\"https:\\\/\\\/wproduction.sk\\\/team\\\/martin-farkas\\\/#primaryimage\"},\"thumbnailUrl\":\"https:\\\/\\\/wproduction.sk\\\/wp-content\\\/uploads\\\/2025\\\/03\\\/martin-farkas-profile-picture.jpg\",\"datePublished\":\"2025-01-02T13:18:43+00:00\",\"dateModified\":\"2026-04-24T11:53:18+00:00\",\"description\":\"Martin Farkas je zakladate\u013eom W Production a z\u00e1rove\u0148 srdcom ka\u017edej produkcie, ktor\u00e1 prejde na\u0161imi rukami.\",\"breadcrumb\":{\"@id\":\"https:\\\/\\\/wproduction.sk\\\/team\\\/martin-farkas\\\/#breadcrumb\"},\"inLanguage\":\"en-GB\",\"potentialAction\":[{\"@type\":\"ReadAction\",\"target\":[\"https:\\\/\\\/wproduction.sk\\\/team\\\/martin-farkas\\\/\"]}]},{\"@type\":\"ImageObject\",\"inLanguage\":\"en-GB\",\"@id\":\"https:\\\/\\\/wproduction.sk\\\/team\\\/martin-farkas\\\/#primaryimage\",\"url\":\"https:\\\/\\\/wproduction.sk\\\/wp-content\\\/uploads\\\/2025\\\/03\\\/martin-farkas-profile-picture.jpg\",\"contentUrl\":\"https:\\\/\\\/wproduction.sk\\\/wp-content\\\/uploads\\\/2025\\\/03\\\/martin-farkas-profile-picture.jpg\",\"width\":1000,\"height\":1000},{\"@type\":\"BreadcrumbList\",\"@id\":\"https:\\\/\\\/wproduction.sk\\\/team\\\/martin-farkas\\\/#breadcrumb\",\"itemListElement\":[{\"@type\":\"ListItem\",\"position\":1,\"name\":\"Home\",\"item\":\"https:\\\/\\\/wproduction.sk\\\/\"},{\"@type\":\"ListItem\",\"position\":2,\"name\":\"Team\",\"item\":\"https:\\\/\\\/wproduction.sk\\\/team\\\/\"},{\"@type\":\"ListItem\",\"position\":3,\"name\":\"Martin Farkas\"}]},{\"@type\":\"WebSite\",\"@id\":\"https:\\\/\\\/wproduction.sk\\\/#website\",\"url\":\"https:\\\/\\\/wproduction.sk\\\/\",\"name\":\"W Production\",\"description\":\"\",\"publisher\":{\"@id\":\"https:\\\/\\\/wproduction.sk\\\/#organization\"},\"potentialAction\":[{\"@type\":\"SearchAction\",\"target\":{\"@type\":\"EntryPoint\",\"urlTemplate\":\"https:\\\/\\\/wproduction.sk\\\/?s={search_term_string}\"},\"query-input\":{\"@type\":\"PropertyValueSpecification\",\"valueRequired\":true,\"valueName\":\"search_term_string\"}}],\"inLanguage\":\"en-GB\"},{\"@type\":\"Organization\",\"@id\":\"https:\\\/\\\/wproduction.sk\\\/#organization\",\"name\":\"W Production s.r.o.\",\"url\":\"https:\\\/\\\/wproduction.sk\\\/\",\"logo\":{\"@type\":\"ImageObject\",\"inLanguage\":\"en-GB\",\"@id\":\"https:\\\/\\\/wproduction.sk\\\/#\\\/schema\\\/logo\\\/image\\\/\",\"url\":\"https:\\\/\\\/wproduction.sk\\\/wp-content\\\/uploads\\\/2025\\\/03\\\/w-production-logo-small.jpg\",\"contentUrl\":\"https:\\\/\\\/wproduction.sk\\\/wp-content\\\/uploads\\\/2025\\\/03\\\/w-production-logo-small.jpg\",\"width\":800,\"height\":800,\"caption\":\"W Production s.r.o.\"},\"image\":{\"@id\":\"https:\\\/\\\/wproduction.sk\\\/#\\\/schema\\\/logo\\\/image\\\/\"},\"sameAs\":[\"https:\\\/\\\/www.facebook.com\\\/wproduction.slovakia\\\/\",\"https:\\\/\\\/www.instagram.com\\\/wproduction.sk\"],\"description\":\"W Production je video-produk\u010dn\u00e1 spolo\u010dnos\u0165, ktor\u00e1 sa \u0161pecializuje na tvorbu audiovizu\u00e1lneho obsahu. Pri na\u0161ej pr\u00e1ci kladieme d\u00f4raz na kvalitu, kreativitu a technick\u00fa prec\u00edznos\u0165.\",\"email\":\"info@wproduction.sk\",\"telephone\":\"+421 907 093 895\",\"legalName\":\"W Production s.r.o.\",\"foundingDate\":\"2022-01-01\",\"taxID\":\"2121635681\"}]}<\/script>\n<!-- \/ Yoast SEO Premium plugin. -->","yoast_head_json":{"title":"Martin Farkas | W Production","description":"Martin Farkas je zakladate\u013eom W Production a z\u00e1rove\u0148 srdcom ka\u017edej produkcie, ktor\u00e1 prejde na\u0161imi rukami.","robots":{"index":"index","follow":"follow","max-snippet":"max-snippet:-1","max-image-preview":"max-image-preview:large","max-video-preview":"max-video-preview:-1"},"canonical":"https:\/\/wproduction.sk\/en\/team\/martin-farkas\/","og_locale":"en_GB","og_type":"article","og_title":"Martin Farkas","og_description":"Martin Farkas je zakladate\u013eom W Production a z\u00e1rove\u0148 srdcom ka\u017edej produkcie, ktor\u00e1 prejde na\u0161imi rukami.","og_url":"https:\/\/wproduction.sk\/en\/team\/martin-farkas\/","og_site_name":"W Production","article_publisher":"https:\/\/www.facebook.com\/wproduction.slovakia\/","article_modified_time":"2026-04-24T11:53:18+00:00","og_image":[{"width":1000,"height":1000,"url":"https:\/\/wproduction.sk\/wp-content\/uploads\/2025\/03\/martin-farkas-profile-picture.jpg","type":"image\/jpeg"}],"twitter_card":"summary_large_image","twitter_misc":{"Estimated reading time":"2 minutes"},"schema":{"@context":"https:\/\/schema.org","@graph":[{"@type":"WebPage","@id":"https:\/\/wproduction.sk\/team\/martin-farkas\/","url":"https:\/\/wproduction.sk\/team\/martin-farkas\/","name":"Martin Farkas | W Production","isPartOf":{"@id":"https:\/\/wproduction.sk\/#website"},"primaryImageOfPage":{"@id":"https:\/\/wproduction.sk\/team\/martin-farkas\/#primaryimage"},"image":{"@id":"https:\/\/wproduction.sk\/team\/martin-farkas\/#primaryimage"},"thumbnailUrl":"https:\/\/wproduction.sk\/wp-content\/uploads\/2025\/03\/martin-farkas-profile-picture.jpg","datePublished":"2025-01-02T13:18:43+00:00","dateModified":"2026-04-24T11:53:18+00:00","description":"Martin Farkas je zakladate\u013eom W Production a z\u00e1rove\u0148 srdcom ka\u017edej produkcie, ktor\u00e1 prejde na\u0161imi rukami.","breadcrumb":{"@id":"https:\/\/wproduction.sk\/team\/martin-farkas\/#breadcrumb"},"inLanguage":"en-GB","potentialAction":[{"@type":"ReadAction","target":["https:\/\/wproduction.sk\/team\/martin-farkas\/"]}]},{"@type":"ImageObject","inLanguage":"en-GB","@id":"https:\/\/wproduction.sk\/team\/martin-farkas\/#primaryimage","url":"https:\/\/wproduction.sk\/wp-content\/uploads\/2025\/03\/martin-farkas-profile-picture.jpg","contentUrl":"https:\/\/wproduction.sk\/wp-content\/uploads\/2025\/03\/martin-farkas-profile-picture.jpg","width":1000,"height":1000},{"@type":"BreadcrumbList","@id":"https:\/\/wproduction.sk\/team\/martin-farkas\/#breadcrumb","itemListElement":[{"@type":"ListItem","position":1,"name":"Home","item":"https:\/\/wproduction.sk\/"},{"@type":"ListItem","position":2,"name":"Team","item":"https:\/\/wproduction.sk\/team\/"},{"@type":"ListItem","position":3,"name":"Martin Farkas"}]},{"@type":"WebSite","@id":"https:\/\/wproduction.sk\/#website","url":"https:\/\/wproduction.sk\/","name":"W Production","description":"","publisher":{"@id":"https:\/\/wproduction.sk\/#organization"},"potentialAction":[{"@type":"SearchAction","target":{"@type":"EntryPoint","urlTemplate":"https:\/\/wproduction.sk\/?s={search_term_string}"},"query-input":{"@type":"PropertyValueSpecification","valueRequired":true,"valueName":"search_term_string"}}],"inLanguage":"en-GB"},{"@type":"Organization","@id":"https:\/\/wproduction.sk\/#organization","name":"W Production s.r.o.","url":"https:\/\/wproduction.sk\/","logo":{"@type":"ImageObject","inLanguage":"en-GB","@id":"https:\/\/wproduction.sk\/#\/schema\/logo\/image\/","url":"https:\/\/wproduction.sk\/wp-content\/uploads\/2025\/03\/w-production-logo-small.jpg","contentUrl":"https:\/\/wproduction.sk\/wp-content\/uploads\/2025\/03\/w-production-logo-small.jpg","width":800,"height":800,"caption":"W Production s.r.o."},"image":{"@id":"https:\/\/wproduction.sk\/#\/schema\/logo\/image\/"},"sameAs":["https:\/\/www.facebook.com\/wproduction.slovakia\/","https:\/\/www.instagram.com\/wproduction.sk"],"description":"W Production je video-produk\u010dn\u00e1 spolo\u010dnos\u0165, ktor\u00e1 sa \u0161pecializuje na tvorbu audiovizu\u00e1lneho obsahu. Pri na\u0161ej pr\u00e1ci kladieme d\u00f4raz na kvalitu, kreativitu a technick\u00fa prec\u00edznos\u0165.","email":"info@wproduction.sk","telephone":"+421 907 093 895","legalName":"W Production s.r.o.","foundingDate":"2022-01-01","taxID":"2121635681"}]}},"_links":{"self":[{"href":"https:\/\/wproduction.sk\/en\/wp-json\/wp\/v2\/pages\/2962","targetHints":{"allow":["GET"]}}],"collection":[{"href":"https:\/\/wproduction.sk\/en\/wp-json\/wp\/v2\/pages"}],"about":[{"href":"https:\/\/wproduction.sk\/en\/wp-json\/wp\/v2\/types\/page"}],"author":[{"embeddable":true,"href":"https:\/\/wproduction.sk\/en\/wp-json\/wp\/v2\/users\/1"}],"replies":[{"embeddable":true,"href":"https:\/\/wproduction.sk\/en\/wp-json\/wp\/v2\/comments?post=2962"}],"version-history":[{"count":9,"href":"https:\/\/wproduction.sk\/en\/wp-json\/wp\/v2\/pages\/2962\/revisions"}],"predecessor-version":[{"id":15217,"href":"https:\/\/wproduction.sk\/en\/wp-json\/wp\/v2\/pages\/2962\/revisions\/15217"}],"up":[{"embeddable":true,"href":"https:\/\/wproduction.sk\/en\/wp-json\/wp\/v2\/pages\/1875"}],"wp:featuredmedia":[{"embeddable":true,"href":"https:\/\/wproduction.sk\/en\/wp-json\/wp\/v2\/media\/10802"}],"wp:attachment":[{"href":"https:\/\/wproduction.sk\/en\/wp-json\/wp\/v2\/media?parent=2962"}],"curies":[{"name":"wp","href":"https:\/\/api.w.org\/{rel}","templated":true}]}}