{"id":11888,"date":"2025-03-22T18:16:08","date_gmt":"2025-03-22T18:16:08","guid":{"rendered":"https:\/\/wproduction.sk\/?page_id=11888"},"modified":"2025-03-23T23:20:38","modified_gmt":"2025-03-23T23:20:38","slug":"elgato-stream-deck-xl","status":"publish","type":"page","link":"https:\/\/wproduction.sk\/en\/technologies\/it-technologies\/elgato-stream-deck-xl\/","title":{"rendered":"Elgato Stream Deck XL"},"content":{"rendered":"<div data-elementor-type=\"wp-page\" data-elementor-id=\"11888\" class=\"elementor elementor-11888\" data-elementor-post-type=\"page\">\n\t\t\t\t<div class=\"elementor-element elementor-element-19e3327 elementor-page-header border-radius-section e-flex e-con-boxed e-con e-parent\" data-id=\"19e3327\" data-element_type=\"container\" data-e-type=\"container\">\n\t\t\t\t\t<div class=\"e-con-inner\">\n\t\t<div class=\"elementor-element elementor-element-f953695 e-flex e-con-boxed e-con e-child\" data-id=\"f953695\" data-element_type=\"container\" data-e-type=\"container\" data-settings=\"{&quot;background_background&quot;:&quot;classic&quot;}\">\n\t\t\t\t\t<div class=\"e-con-inner\">\n\t\t<div class=\"elementor-element elementor-element-8dd63ed e-con-full e-flex e-con e-child\" data-id=\"8dd63ed\" data-element_type=\"container\" data-e-type=\"container\">\n\t\t\t\t<div class=\"elementor-element elementor-element-bff8899 at-heading-animation at-animation-heading-style-2 elementor-widget elementor-widget-heading\" data-id=\"bff8899\" data-element_type=\"widget\" data-e-type=\"widget\" data-settings=\"{&quot;ekit_we_effect_on&quot;:&quot;none&quot;}\" data-widget_type=\"heading.default\">\n\t\t\t\t<div class=\"elementor-widget-container\">\n\t\t\t\t\t<h1 class=\"elementor-heading-title elementor-size-default\">Elgato Stream Deck XL<\/h1>\t\t\t\t<\/div>\n\t\t\t\t<\/div>\n\t\t\t\t<div class=\"elementor-element elementor-element-9971d97 page-header-breadcrumb elementor-invisible elementor-widget elementor-widget-elementskit-breadcrumb\" data-id=\"9971d97\" data-element_type=\"widget\" data-e-type=\"widget\" data-settings=\"{&quot;_animation&quot;:&quot;fadeInUp&quot;,&quot;ekit_we_effect_on&quot;:&quot;none&quot;}\" data-widget_type=\"elementskit-breadcrumb.default\">\n\t\t\t\t<div class=\"elementor-widget-container\">\n\t\t\t\t\t<div class=\"ekit-wid-con\" ><ol class=\"ekit-breadcrumb\"><li class=\"ekit_breadcrumbs_start\"><a href=\"https:\/\/wproduction.sk\/en\/\">Home<\/a><\/li> <li class=\"brd_sep\"> &raquo; <\/li> <li><a href=\"https:\/\/wproduction.sk\/en\/technologies\/\" title=\"Technologies\">Technologies<\/a><\/li> <li class=\"brd_sep\"> &raquo; <\/li> <li><a href=\"https:\/\/wproduction.sk\/en\/technologies\/it-technologies\/\" title=\"IT technologies\">IT technologies<\/a><\/li> <li class=\"brd_sep\"> &raquo; <\/li>  <li>Elgato Stream Deck XL<\/li><\/ol><\/div>\t\t\t\t<\/div>\n\t\t\t\t<\/div>\n\t\t\t\t<\/div>\n\t\t\t\t\t<\/div>\n\t\t\t\t<\/div>\n\t\t\t\t\t<\/div>\n\t\t\t\t<\/div>\n\t\t<div class=\"elementor-element elementor-element-016c4bd e-flex e-con-boxed e-con e-parent\" data-id=\"016c4bd\" data-element_type=\"container\" data-e-type=\"container\">\n\t\t\t\t\t<div class=\"e-con-inner\">\n\t\t<div class=\"elementor-element elementor-element-2cbfa30 e-con-full e-flex e-con e-child\" data-id=\"2cbfa30\" data-element_type=\"container\" data-e-type=\"container\">\n\t\t\t\t<div class=\"elementor-element elementor-element-315ebfb at-image-animation at-animation-image-none elementor-widget elementor-widget-image\" data-id=\"315ebfb\" data-element_type=\"widget\" data-e-type=\"widget\" data-settings=\"{&quot;ekit_we_effect_on&quot;:&quot;none&quot;}\" data-widget_type=\"image.default\">\n\t\t\t\t<div class=\"elementor-widget-container\">\n\t\t\t\t\t\t\t\t\t\t\t\t\t\t\t\t<a href=\"https:\/\/wproduction.sk\/wp-content\/uploads\/2025\/03\/elgato-stream-deck-xl-cover.png\" data-elementor-open-lightbox=\"yes\" data-elementor-lightbox-title=\"elgato-stream-deck-xl-cover\" data-e-action-hash=\"#elementor-action%3Aaction%3Dlightbox%26settings%3DeyJpZCI6MTE5MTksInVybCI6Imh0dHBzOlwvXC93cHJvZHVjdGlvbi5za1wvd3AtY29udGVudFwvdXBsb2Fkc1wvMjAyNVwvMDNcL2VsZ2F0by1zdHJlYW0tZGVjay14bC1jb3Zlci5wbmcifQ%3D%3D\">\n\t\t\t\t\t\t\t<img fetchpriority=\"high\" decoding=\"async\" width=\"1920\" height=\"1080\" src=\"https:\/\/wproduction.sk\/wp-content\/uploads\/2025\/03\/elgato-stream-deck-xl-cover.png\" class=\"attachment-full size-full wp-image-11919\" alt=\"\" srcset=\"https:\/\/wproduction.sk\/wp-content\/uploads\/2025\/03\/elgato-stream-deck-xl-cover.png 1920w, https:\/\/wproduction.sk\/wp-content\/uploads\/2025\/03\/elgato-stream-deck-xl-cover-300x169.png 300w, https:\/\/wproduction.sk\/wp-content\/uploads\/2025\/03\/elgato-stream-deck-xl-cover-1024x576.png 1024w, https:\/\/wproduction.sk\/wp-content\/uploads\/2025\/03\/elgato-stream-deck-xl-cover-768x432.png 768w, https:\/\/wproduction.sk\/wp-content\/uploads\/2025\/03\/elgato-stream-deck-xl-cover-1536x864.png 1536w, https:\/\/wproduction.sk\/wp-content\/uploads\/2025\/03\/elgato-stream-deck-xl-cover-18x10.png 18w\" sizes=\"(max-width: 1920px) 100vw, 1920px\" \/>\t\t\t\t\t\t\t\t<\/a>\n\t\t\t\t\t\t\t\t\t\t\t\t\t\t\t<\/div>\n\t\t\t\t<\/div>\n\t\t\t\t<\/div>\n\t\t<div class=\"elementor-element elementor-element-988a776 e-con-full e-flex e-con e-child\" data-id=\"988a776\" data-element_type=\"container\" data-e-type=\"container\">\n\t\t\t\t<div class=\"elementor-element elementor-element-2f67547 at-heading-animation at-animation-heading-none elementor-widget elementor-widget-heading\" data-id=\"2f67547\" data-element_type=\"widget\" data-e-type=\"widget\" data-settings=\"{&quot;ekit_we_effect_on&quot;:&quot;none&quot;}\" data-widget_type=\"heading.default\">\n\t\t\t\t<div class=\"elementor-widget-container\">\n\t\t\t\t\t<h2 class=\"elementor-heading-title elementor-size-default\">The Elgato Stream Deck XL is a professional control panel that is ideal for managing multichannel live streams or recordings in combination with controlling video content for display units such as LED screens and televisions. With 32 fully customizable buttons, it allows instant switching between cameras, scenes, and effects, simplifying complex productions. The Stream Deck XL provides intuitive control and flexibility, which is invaluable in live productions where quick and precise handling of multiple video and audio sources is required. <\/h2>\t\t\t\t<\/div>\n\t\t\t\t<\/div>\n\t\t\t\t<\/div>\n\t\t\t\t\t<\/div>\n\t\t\t\t<\/div>\n\t\t\t\t<\/div>","protected":false},"excerpt":{"rendered":"<p>Domov Elgato Stream Deck XL je profesion\u00e1lny ovl\u00e1dac\u00ed panel, [&hellip;]<\/p>","protected":false},"author":1,"featured_media":11919,"parent":11886,"menu_order":0,"comment_status":"closed","ping_status":"closed","template":"elementor_header_footer","meta":{"footnotes":""},"class_list":["post-11888","page","type-page","status-publish","has-post-thumbnail","hentry"],"yoast_head":"<!-- This site is optimized with the Yoast SEO Premium plugin v27.0 (Yoast SEO v27.5) - https:\/\/yoast.com\/product\/yoast-seo-premium-wordpress\/ -->\n<title>Elgato Stream Deck XL | W Production<\/title>\n<meta name=\"description\" content=\"Elgato Stream Deck XL je profesion\u00e1lny ovl\u00e1dac\u00ed panel, ktor\u00fd je ide\u00e1lny na riadenie multikamerov\u00fdch live streamov alebo z\u00e1znamov\" \/>\n<meta name=\"robots\" content=\"index, follow, max-snippet:-1, max-image-preview:large, max-video-preview:-1\" \/>\n<link rel=\"canonical\" href=\"https:\/\/wproduction.sk\/en\/technologies\/it-technologies\/elgato-stream-deck-xl\/\" \/>\n<meta property=\"og:locale\" content=\"en_GB\" \/>\n<meta property=\"og:type\" content=\"article\" \/>\n<meta property=\"og:title\" content=\"Elgato Stream Deck XL\" \/>\n<meta property=\"og:description\" content=\"Elgato Stream Deck XL je profesion\u00e1lny ovl\u00e1dac\u00ed panel, ktor\u00fd je ide\u00e1lny na riadenie multikamerov\u00fdch live streamov alebo z\u00e1znamov\" \/>\n<meta property=\"og:url\" content=\"https:\/\/wproduction.sk\/en\/technologies\/it-technologies\/elgato-stream-deck-xl\/\" \/>\n<meta property=\"og:site_name\" content=\"W Production\" \/>\n<meta property=\"article:publisher\" content=\"https:\/\/www.facebook.com\/wproduction.slovakia\/\" \/>\n<meta property=\"article:modified_time\" content=\"2025-03-23T23:20:38+00:00\" \/>\n<meta property=\"og:image\" content=\"https:\/\/wproduction.sk\/wp-content\/uploads\/2025\/03\/elgato-stream-deck-xl-cover.png\" \/>\n\t<meta property=\"og:image:width\" content=\"1920\" \/>\n\t<meta property=\"og:image:height\" content=\"1080\" \/>\n\t<meta property=\"og:image:type\" content=\"image\/png\" \/>\n<meta name=\"twitter:card\" content=\"summary_large_image\" \/>\n<meta name=\"twitter:label1\" content=\"Estimated reading time\" \/>\n\t<meta name=\"twitter:data1\" content=\"1 minute\" \/>\n<script type=\"application\/ld+json\" class=\"yoast-schema-graph\">{\"@context\":\"https:\\\/\\\/schema.org\",\"@graph\":[{\"@type\":\"WebPage\",\"@id\":\"https:\\\/\\\/wproduction.sk\\\/technologie\\\/it-technologie\\\/elgato-stream-deck-xl\\\/\",\"url\":\"https:\\\/\\\/wproduction.sk\\\/technologie\\\/it-technologie\\\/elgato-stream-deck-xl\\\/\",\"name\":\"Elgato Stream Deck XL | W Production\",\"isPartOf\":{\"@id\":\"https:\\\/\\\/wproduction.sk\\\/#website\"},\"primaryImageOfPage\":{\"@id\":\"https:\\\/\\\/wproduction.sk\\\/technologie\\\/it-technologie\\\/elgato-stream-deck-xl\\\/#primaryimage\"},\"image\":{\"@id\":\"https:\\\/\\\/wproduction.sk\\\/technologie\\\/it-technologie\\\/elgato-stream-deck-xl\\\/#primaryimage\"},\"thumbnailUrl\":\"https:\\\/\\\/wproduction.sk\\\/wp-content\\\/uploads\\\/2025\\\/03\\\/elgato-stream-deck-xl-cover.png\",\"datePublished\":\"2025-03-22T18:16:08+00:00\",\"dateModified\":\"2025-03-23T23:20:38+00:00\",\"description\":\"Elgato Stream Deck XL je profesion\u00e1lny ovl\u00e1dac\u00ed panel, ktor\u00fd je ide\u00e1lny na riadenie multikamerov\u00fdch live streamov alebo z\u00e1znamov\",\"breadcrumb\":{\"@id\":\"https:\\\/\\\/wproduction.sk\\\/technologie\\\/it-technologie\\\/elgato-stream-deck-xl\\\/#breadcrumb\"},\"inLanguage\":\"en-GB\",\"potentialAction\":[{\"@type\":\"ReadAction\",\"target\":[\"https:\\\/\\\/wproduction.sk\\\/technologie\\\/it-technologie\\\/elgato-stream-deck-xl\\\/\"]}]},{\"@type\":\"ImageObject\",\"inLanguage\":\"en-GB\",\"@id\":\"https:\\\/\\\/wproduction.sk\\\/technologie\\\/it-technologie\\\/elgato-stream-deck-xl\\\/#primaryimage\",\"url\":\"https:\\\/\\\/wproduction.sk\\\/wp-content\\\/uploads\\\/2025\\\/03\\\/elgato-stream-deck-xl-cover.png\",\"contentUrl\":\"https:\\\/\\\/wproduction.sk\\\/wp-content\\\/uploads\\\/2025\\\/03\\\/elgato-stream-deck-xl-cover.png\",\"width\":1920,\"height\":1080},{\"@type\":\"BreadcrumbList\",\"@id\":\"https:\\\/\\\/wproduction.sk\\\/technologie\\\/it-technologie\\\/elgato-stream-deck-xl\\\/#breadcrumb\",\"itemListElement\":[{\"@type\":\"ListItem\",\"position\":1,\"name\":\"Home\",\"item\":\"https:\\\/\\\/wproduction.sk\\\/\"},{\"@type\":\"ListItem\",\"position\":2,\"name\":\"Technol\u00f3gie\",\"item\":\"https:\\\/\\\/wproduction.sk\\\/technologie\\\/\"},{\"@type\":\"ListItem\",\"position\":3,\"name\":\"IT technol\u00f3gie\",\"item\":\"https:\\\/\\\/wproduction.sk\\\/technologie\\\/it-technologie\\\/\"},{\"@type\":\"ListItem\",\"position\":4,\"name\":\"Elgato Stream Deck XL\"}]},{\"@type\":\"WebSite\",\"@id\":\"https:\\\/\\\/wproduction.sk\\\/#website\",\"url\":\"https:\\\/\\\/wproduction.sk\\\/\",\"name\":\"W Production\",\"description\":\"\",\"publisher\":{\"@id\":\"https:\\\/\\\/wproduction.sk\\\/#organization\"},\"potentialAction\":[{\"@type\":\"SearchAction\",\"target\":{\"@type\":\"EntryPoint\",\"urlTemplate\":\"https:\\\/\\\/wproduction.sk\\\/?s={search_term_string}\"},\"query-input\":{\"@type\":\"PropertyValueSpecification\",\"valueRequired\":true,\"valueName\":\"search_term_string\"}}],\"inLanguage\":\"en-GB\"},{\"@type\":\"Organization\",\"@id\":\"https:\\\/\\\/wproduction.sk\\\/#organization\",\"name\":\"W Production s.r.o.\",\"url\":\"https:\\\/\\\/wproduction.sk\\\/\",\"logo\":{\"@type\":\"ImageObject\",\"inLanguage\":\"en-GB\",\"@id\":\"https:\\\/\\\/wproduction.sk\\\/#\\\/schema\\\/logo\\\/image\\\/\",\"url\":\"https:\\\/\\\/wproduction.sk\\\/wp-content\\\/uploads\\\/2025\\\/03\\\/w-production-logo-small.jpg\",\"contentUrl\":\"https:\\\/\\\/wproduction.sk\\\/wp-content\\\/uploads\\\/2025\\\/03\\\/w-production-logo-small.jpg\",\"width\":800,\"height\":800,\"caption\":\"W Production s.r.o.\"},\"image\":{\"@id\":\"https:\\\/\\\/wproduction.sk\\\/#\\\/schema\\\/logo\\\/image\\\/\"},\"sameAs\":[\"https:\\\/\\\/www.facebook.com\\\/wproduction.slovakia\\\/\",\"https:\\\/\\\/www.instagram.com\\\/wproduction.sk\"],\"description\":\"W Production je video-produk\u010dn\u00e1 spolo\u010dnos\u0165, ktor\u00e1 sa \u0161pecializuje na tvorbu audiovizu\u00e1lneho obsahu. Pri na\u0161ej pr\u00e1ci kladieme d\u00f4raz na kvalitu, kreativitu a technick\u00fa prec\u00edznos\u0165.\",\"email\":\"info@wproduction.sk\",\"telephone\":\"+421 907 093 895\",\"legalName\":\"W Production s.r.o.\",\"foundingDate\":\"2022-01-01\",\"taxID\":\"2121635681\"}]}<\/script>\n<!-- \/ Yoast SEO Premium plugin. -->","yoast_head_json":{"title":"Elgato Stream Deck XL | W Production","description":"Elgato Stream Deck XL je profesion\u00e1lny ovl\u00e1dac\u00ed panel, ktor\u00fd je ide\u00e1lny na riadenie multikamerov\u00fdch live streamov alebo z\u00e1znamov","robots":{"index":"index","follow":"follow","max-snippet":"max-snippet:-1","max-image-preview":"max-image-preview:large","max-video-preview":"max-video-preview:-1"},"canonical":"https:\/\/wproduction.sk\/en\/technologies\/it-technologies\/elgato-stream-deck-xl\/","og_locale":"en_GB","og_type":"article","og_title":"Elgato Stream Deck XL","og_description":"Elgato Stream Deck XL je profesion\u00e1lny ovl\u00e1dac\u00ed panel, ktor\u00fd je ide\u00e1lny na riadenie multikamerov\u00fdch live streamov alebo z\u00e1znamov","og_url":"https:\/\/wproduction.sk\/en\/technologies\/it-technologies\/elgato-stream-deck-xl\/","og_site_name":"W Production","article_publisher":"https:\/\/www.facebook.com\/wproduction.slovakia\/","article_modified_time":"2025-03-23T23:20:38+00:00","og_image":[{"width":1920,"height":1080,"url":"https:\/\/wproduction.sk\/wp-content\/uploads\/2025\/03\/elgato-stream-deck-xl-cover.png","type":"image\/png"}],"twitter_card":"summary_large_image","twitter_misc":{"Estimated reading time":"1 minute"},"schema":{"@context":"https:\/\/schema.org","@graph":[{"@type":"WebPage","@id":"https:\/\/wproduction.sk\/technologie\/it-technologie\/elgato-stream-deck-xl\/","url":"https:\/\/wproduction.sk\/technologie\/it-technologie\/elgato-stream-deck-xl\/","name":"Elgato Stream Deck XL | W Production","isPartOf":{"@id":"https:\/\/wproduction.sk\/#website"},"primaryImageOfPage":{"@id":"https:\/\/wproduction.sk\/technologie\/it-technologie\/elgato-stream-deck-xl\/#primaryimage"},"image":{"@id":"https:\/\/wproduction.sk\/technologie\/it-technologie\/elgato-stream-deck-xl\/#primaryimage"},"thumbnailUrl":"https:\/\/wproduction.sk\/wp-content\/uploads\/2025\/03\/elgato-stream-deck-xl-cover.png","datePublished":"2025-03-22T18:16:08+00:00","dateModified":"2025-03-23T23:20:38+00:00","description":"Elgato Stream Deck XL je profesion\u00e1lny ovl\u00e1dac\u00ed panel, ktor\u00fd je ide\u00e1lny na riadenie multikamerov\u00fdch live streamov alebo z\u00e1znamov","breadcrumb":{"@id":"https:\/\/wproduction.sk\/technologie\/it-technologie\/elgato-stream-deck-xl\/#breadcrumb"},"inLanguage":"en-GB","potentialAction":[{"@type":"ReadAction","target":["https:\/\/wproduction.sk\/technologie\/it-technologie\/elgato-stream-deck-xl\/"]}]},{"@type":"ImageObject","inLanguage":"en-GB","@id":"https:\/\/wproduction.sk\/technologie\/it-technologie\/elgato-stream-deck-xl\/#primaryimage","url":"https:\/\/wproduction.sk\/wp-content\/uploads\/2025\/03\/elgato-stream-deck-xl-cover.png","contentUrl":"https:\/\/wproduction.sk\/wp-content\/uploads\/2025\/03\/elgato-stream-deck-xl-cover.png","width":1920,"height":1080},{"@type":"BreadcrumbList","@id":"https:\/\/wproduction.sk\/technologie\/it-technologie\/elgato-stream-deck-xl\/#breadcrumb","itemListElement":[{"@type":"ListItem","position":1,"name":"Home","item":"https:\/\/wproduction.sk\/"},{"@type":"ListItem","position":2,"name":"Technol\u00f3gie","item":"https:\/\/wproduction.sk\/technologie\/"},{"@type":"ListItem","position":3,"name":"IT technol\u00f3gie","item":"https:\/\/wproduction.sk\/technologie\/it-technologie\/"},{"@type":"ListItem","position":4,"name":"Elgato Stream Deck XL"}]},{"@type":"WebSite","@id":"https:\/\/wproduction.sk\/#website","url":"https:\/\/wproduction.sk\/","name":"W Production","description":"","publisher":{"@id":"https:\/\/wproduction.sk\/#organization"},"potentialAction":[{"@type":"SearchAction","target":{"@type":"EntryPoint","urlTemplate":"https:\/\/wproduction.sk\/?s={search_term_string}"},"query-input":{"@type":"PropertyValueSpecification","valueRequired":true,"valueName":"search_term_string"}}],"inLanguage":"en-GB"},{"@type":"Organization","@id":"https:\/\/wproduction.sk\/#organization","name":"W Production s.r.o.","url":"https:\/\/wproduction.sk\/","logo":{"@type":"ImageObject","inLanguage":"en-GB","@id":"https:\/\/wproduction.sk\/#\/schema\/logo\/image\/","url":"https:\/\/wproduction.sk\/wp-content\/uploads\/2025\/03\/w-production-logo-small.jpg","contentUrl":"https:\/\/wproduction.sk\/wp-content\/uploads\/2025\/03\/w-production-logo-small.jpg","width":800,"height":800,"caption":"W Production s.r.o."},"image":{"@id":"https:\/\/wproduction.sk\/#\/schema\/logo\/image\/"},"sameAs":["https:\/\/www.facebook.com\/wproduction.slovakia\/","https:\/\/www.instagram.com\/wproduction.sk"],"description":"W Production je video-produk\u010dn\u00e1 spolo\u010dnos\u0165, ktor\u00e1 sa \u0161pecializuje na tvorbu audiovizu\u00e1lneho obsahu. Pri na\u0161ej pr\u00e1ci kladieme d\u00f4raz na kvalitu, kreativitu a technick\u00fa prec\u00edznos\u0165.","email":"info@wproduction.sk","telephone":"+421 907 093 895","legalName":"W Production s.r.o.","foundingDate":"2022-01-01","taxID":"2121635681"}]}},"_links":{"self":[{"href":"https:\/\/wproduction.sk\/en\/wp-json\/wp\/v2\/pages\/11888","targetHints":{"allow":["GET"]}}],"collection":[{"href":"https:\/\/wproduction.sk\/en\/wp-json\/wp\/v2\/pages"}],"about":[{"href":"https:\/\/wproduction.sk\/en\/wp-json\/wp\/v2\/types\/page"}],"author":[{"embeddable":true,"href":"https:\/\/wproduction.sk\/en\/wp-json\/wp\/v2\/users\/1"}],"replies":[{"embeddable":true,"href":"https:\/\/wproduction.sk\/en\/wp-json\/wp\/v2\/comments?post=11888"}],"version-history":[{"count":0,"href":"https:\/\/wproduction.sk\/en\/wp-json\/wp\/v2\/pages\/11888\/revisions"}],"up":[{"embeddable":true,"href":"https:\/\/wproduction.sk\/en\/wp-json\/wp\/v2\/pages\/11886"}],"wp:featuredmedia":[{"embeddable":true,"href":"https:\/\/wproduction.sk\/en\/wp-json\/wp\/v2\/media\/11919"}],"wp:attachment":[{"href":"https:\/\/wproduction.sk\/en\/wp-json\/wp\/v2\/media?parent=11888"}],"curies":[{"name":"wp","href":"https:\/\/api.w.org\/{rel}","templated":true}]}}