{"id":11795,"date":"2025-03-22T02:17:56","date_gmt":"2025-03-22T02:17:56","guid":{"rendered":"https:\/\/wproduction.sk\/?page_id=11795"},"modified":"2025-03-23T23:26:38","modified_gmt":"2025-03-23T23:26:38","slug":"atem-software-control","status":"publish","type":"page","link":"https:\/\/wproduction.sk\/en\/technologies\/software\/atem-software-control\/","title":{"rendered":"Atem Software Control"},"content":{"rendered":"<div data-elementor-type=\"wp-page\" data-elementor-id=\"11795\" class=\"elementor elementor-11795\" data-elementor-post-type=\"page\">\n\t\t\t\t<div class=\"elementor-element elementor-element-19e3327 elementor-page-header border-radius-section e-flex e-con-boxed e-con e-parent\" data-id=\"19e3327\" data-element_type=\"container\" data-e-type=\"container\">\n\t\t\t\t\t<div class=\"e-con-inner\">\n\t\t<div class=\"elementor-element elementor-element-f953695 e-flex e-con-boxed e-con e-child\" data-id=\"f953695\" data-element_type=\"container\" data-e-type=\"container\" data-settings=\"{&quot;background_background&quot;:&quot;classic&quot;}\">\n\t\t\t\t\t<div class=\"e-con-inner\">\n\t\t<div class=\"elementor-element elementor-element-8dd63ed e-con-full e-flex e-con e-child\" data-id=\"8dd63ed\" data-element_type=\"container\" data-e-type=\"container\">\n\t\t\t\t<div class=\"elementor-element elementor-element-bff8899 at-heading-animation at-animation-heading-style-2 elementor-widget elementor-widget-heading\" data-id=\"bff8899\" data-element_type=\"widget\" data-e-type=\"widget\" data-settings=\"{&quot;ekit_we_effect_on&quot;:&quot;none&quot;}\" data-widget_type=\"heading.default\">\n\t\t\t\t<div class=\"elementor-widget-container\">\n\t\t\t\t\t<h1 class=\"elementor-heading-title elementor-size-default\">Atem Software Control<\/h1>\t\t\t\t<\/div>\n\t\t\t\t<\/div>\n\t\t\t\t<div class=\"elementor-element elementor-element-9971d97 page-header-breadcrumb elementor-invisible elementor-widget elementor-widget-elementskit-breadcrumb\" data-id=\"9971d97\" data-element_type=\"widget\" data-e-type=\"widget\" data-settings=\"{&quot;_animation&quot;:&quot;fadeInUp&quot;,&quot;ekit_we_effect_on&quot;:&quot;none&quot;}\" data-widget_type=\"elementskit-breadcrumb.default\">\n\t\t\t\t<div class=\"elementor-widget-container\">\n\t\t\t\t\t<div class=\"ekit-wid-con\" ><ol class=\"ekit-breadcrumb\"><li class=\"ekit_breadcrumbs_start\"><a href=\"https:\/\/wproduction.sk\/en\/\">Home<\/a><\/li> <li class=\"brd_sep\"> &raquo; <\/li> <li><a href=\"https:\/\/wproduction.sk\/en\/technologies\/\" title=\"Technologies\">Technologies<\/a><\/li> <li class=\"brd_sep\"> &raquo; <\/li> <li><a href=\"https:\/\/wproduction.sk\/en\/technologies\/software\/\" title=\"Software\">Software<\/a><\/li> <li class=\"brd_sep\"> &raquo; <\/li>  <li>Atem Software Control<\/li><\/ol><\/div>\t\t\t\t<\/div>\n\t\t\t\t<\/div>\n\t\t\t\t<\/div>\n\t\t\t\t\t<\/div>\n\t\t\t\t<\/div>\n\t\t\t\t\t<\/div>\n\t\t\t\t<\/div>\n\t\t<div class=\"elementor-element elementor-element-016c4bd e-flex e-con-boxed e-con e-parent\" data-id=\"016c4bd\" data-element_type=\"container\" data-e-type=\"container\">\n\t\t\t\t\t<div class=\"e-con-inner\">\n\t\t<div class=\"elementor-element elementor-element-2cbfa30 e-con-full e-flex e-con e-child\" data-id=\"2cbfa30\" data-element_type=\"container\" data-e-type=\"container\">\n\t\t\t\t<div class=\"elementor-element elementor-element-315ebfb at-image-animation at-animation-image-none elementor-widget elementor-widget-image\" data-id=\"315ebfb\" data-element_type=\"widget\" data-e-type=\"widget\" data-settings=\"{&quot;ekit_we_effect_on&quot;:&quot;none&quot;}\" data-widget_type=\"image.default\">\n\t\t\t\t<div class=\"elementor-widget-container\">\n\t\t\t\t\t\t\t\t\t\t\t\t\t\t\t\t<a href=\"https:\/\/wproduction.sk\/wp-content\/uploads\/2025\/03\/atem-software-control-cover.jpg\" data-elementor-open-lightbox=\"yes\" data-elementor-lightbox-title=\"atem-software-control-cover\" data-e-action-hash=\"#elementor-action%3Aaction%3Dlightbox%26settings%3DeyJpZCI6MTE3ODcsInVybCI6Imh0dHBzOlwvXC93cHJvZHVjdGlvbi5za1wvd3AtY29udGVudFwvdXBsb2Fkc1wvMjAyNVwvMDNcL2F0ZW0tc29mdHdhcmUtY29udHJvbC1jb3Zlci5qcGcifQ%3D%3D\">\n\t\t\t\t\t\t\t<img fetchpriority=\"high\" decoding=\"async\" width=\"1920\" height=\"1080\" src=\"https:\/\/wproduction.sk\/wp-content\/uploads\/2025\/03\/atem-software-control-cover.jpg\" class=\"attachment-full size-full wp-image-11787\" alt=\"\" srcset=\"https:\/\/wproduction.sk\/wp-content\/uploads\/2025\/03\/atem-software-control-cover.jpg 1920w, https:\/\/wproduction.sk\/wp-content\/uploads\/2025\/03\/atem-software-control-cover-300x169.jpg 300w, https:\/\/wproduction.sk\/wp-content\/uploads\/2025\/03\/atem-software-control-cover-1024x576.jpg 1024w, https:\/\/wproduction.sk\/wp-content\/uploads\/2025\/03\/atem-software-control-cover-768x432.jpg 768w, https:\/\/wproduction.sk\/wp-content\/uploads\/2025\/03\/atem-software-control-cover-1536x864.jpg 1536w, https:\/\/wproduction.sk\/wp-content\/uploads\/2025\/03\/atem-software-control-cover-18x10.jpg 18w\" sizes=\"(max-width: 1920px) 100vw, 1920px\" \/>\t\t\t\t\t\t\t\t<\/a>\n\t\t\t\t\t\t\t\t\t\t\t\t\t\t\t<\/div>\n\t\t\t\t<\/div>\n\t\t\t\t<\/div>\n\t\t<div class=\"elementor-element elementor-element-988a776 e-con-full e-flex e-con e-child\" data-id=\"988a776\" data-element_type=\"container\" data-e-type=\"container\">\n\t\t\t\t<div class=\"elementor-element elementor-element-2f67547 at-heading-animation at-animation-heading-none elementor-widget elementor-widget-heading\" data-id=\"2f67547\" data-element_type=\"widget\" data-e-type=\"widget\" data-settings=\"{&quot;ekit_we_effect_on&quot;:&quot;none&quot;}\" data-widget_type=\"heading.default\">\n\t\t\t\t<div class=\"elementor-widget-container\">\n\t\t\t\t\t<h2 class=\"elementor-heading-title elementor-size-default\">ATEM Software Control is professional software designed for controlling and configuring Blackmagic Design ATEM switchers. It allows users to intuitively manage all functions of the switcher, such as switching between cameras, applying transitions, setting keying effects, controlling audio, and other advanced production options. This software also offers the ability to create and save macros for automated operations and provides a detailed overview of the system's status. ATEM Software Control is ideal for live broadcasts, events, and professional productions that require flexibility and precision in controlling multiple video sources.<\/h2>\t\t\t\t<\/div>\n\t\t\t\t<\/div>\n\t\t\t\t<\/div>\n\t\t\t\t\t<\/div>\n\t\t\t\t<\/div>\n\t\t\t\t<\/div>","protected":false},"excerpt":{"rendered":"<p>Domov ATEM Software Control je profesion\u00e1lny softv\u00e9r ur\u010den\u00fd na [&hellip;]<\/p>","protected":false},"author":1,"featured_media":11787,"parent":10993,"menu_order":0,"comment_status":"closed","ping_status":"closed","template":"elementor_header_footer","meta":{"footnotes":""},"class_list":["post-11795","page","type-page","status-publish","has-post-thumbnail","hentry"],"yoast_head":"<!-- This site is optimized with the Yoast SEO Premium plugin v27.0 (Yoast SEO v27.4) - https:\/\/yoast.com\/product\/yoast-seo-premium-wordpress\/ -->\n<title>Atem Software Control | W Production<\/title>\n<meta name=\"description\" content=\"ATEM Software Control je profesion\u00e1lny softv\u00e9r ur\u010den\u00fd na ovl\u00e1danie a konfigur\u00e1ciu Blackmagic Design ATEM switcherov.\" \/>\n<meta name=\"robots\" content=\"index, follow, max-snippet:-1, max-image-preview:large, max-video-preview:-1\" \/>\n<link rel=\"canonical\" href=\"https:\/\/wproduction.sk\/en\/technologies\/software\/atem-software-control\/\" \/>\n<meta property=\"og:locale\" content=\"en_GB\" \/>\n<meta property=\"og:type\" content=\"article\" \/>\n<meta property=\"og:title\" content=\"Atem Software Control\" \/>\n<meta property=\"og:description\" content=\"ATEM Software Control je profesion\u00e1lny softv\u00e9r ur\u010den\u00fd na ovl\u00e1danie a konfigur\u00e1ciu Blackmagic Design ATEM switcherov.\" \/>\n<meta property=\"og:url\" content=\"https:\/\/wproduction.sk\/en\/technologies\/software\/atem-software-control\/\" \/>\n<meta property=\"og:site_name\" content=\"W Production\" \/>\n<meta property=\"article:publisher\" content=\"https:\/\/www.facebook.com\/wproduction.slovakia\/\" \/>\n<meta property=\"article:modified_time\" content=\"2025-03-23T23:26:38+00:00\" \/>\n<meta property=\"og:image\" content=\"https:\/\/wproduction.sk\/wp-content\/uploads\/2025\/03\/atem-software-control-cover.jpg\" \/>\n\t<meta property=\"og:image:width\" content=\"1920\" \/>\n\t<meta property=\"og:image:height\" content=\"1080\" \/>\n\t<meta property=\"og:image:type\" content=\"image\/jpeg\" \/>\n<meta name=\"twitter:card\" content=\"summary_large_image\" \/>\n<meta name=\"twitter:label1\" content=\"Estimated reading time\" \/>\n\t<meta name=\"twitter:data1\" content=\"1 minute\" \/>\n<script type=\"application\/ld+json\" class=\"yoast-schema-graph\">{\"@context\":\"https:\\\/\\\/schema.org\",\"@graph\":[{\"@type\":\"WebPage\",\"@id\":\"https:\\\/\\\/wproduction.sk\\\/technologie\\\/software\\\/atem-software-control\\\/\",\"url\":\"https:\\\/\\\/wproduction.sk\\\/technologie\\\/software\\\/atem-software-control\\\/\",\"name\":\"Atem Software Control | W Production\",\"isPartOf\":{\"@id\":\"https:\\\/\\\/wproduction.sk\\\/#website\"},\"primaryImageOfPage\":{\"@id\":\"https:\\\/\\\/wproduction.sk\\\/technologie\\\/software\\\/atem-software-control\\\/#primaryimage\"},\"image\":{\"@id\":\"https:\\\/\\\/wproduction.sk\\\/technologie\\\/software\\\/atem-software-control\\\/#primaryimage\"},\"thumbnailUrl\":\"https:\\\/\\\/wproduction.sk\\\/wp-content\\\/uploads\\\/2025\\\/03\\\/atem-software-control-cover.jpg\",\"datePublished\":\"2025-03-22T02:17:56+00:00\",\"dateModified\":\"2025-03-23T23:26:38+00:00\",\"description\":\"ATEM Software Control je profesion\u00e1lny softv\u00e9r ur\u010den\u00fd na ovl\u00e1danie a konfigur\u00e1ciu Blackmagic Design ATEM switcherov.\",\"breadcrumb\":{\"@id\":\"https:\\\/\\\/wproduction.sk\\\/technologie\\\/software\\\/atem-software-control\\\/#breadcrumb\"},\"inLanguage\":\"en-GB\",\"potentialAction\":[{\"@type\":\"ReadAction\",\"target\":[\"https:\\\/\\\/wproduction.sk\\\/technologie\\\/software\\\/atem-software-control\\\/\"]}]},{\"@type\":\"ImageObject\",\"inLanguage\":\"en-GB\",\"@id\":\"https:\\\/\\\/wproduction.sk\\\/technologie\\\/software\\\/atem-software-control\\\/#primaryimage\",\"url\":\"https:\\\/\\\/wproduction.sk\\\/wp-content\\\/uploads\\\/2025\\\/03\\\/atem-software-control-cover.jpg\",\"contentUrl\":\"https:\\\/\\\/wproduction.sk\\\/wp-content\\\/uploads\\\/2025\\\/03\\\/atem-software-control-cover.jpg\",\"width\":1920,\"height\":1080},{\"@type\":\"BreadcrumbList\",\"@id\":\"https:\\\/\\\/wproduction.sk\\\/technologie\\\/software\\\/atem-software-control\\\/#breadcrumb\",\"itemListElement\":[{\"@type\":\"ListItem\",\"position\":1,\"name\":\"Home\",\"item\":\"https:\\\/\\\/wproduction.sk\\\/\"},{\"@type\":\"ListItem\",\"position\":2,\"name\":\"Technol\u00f3gie\",\"item\":\"https:\\\/\\\/wproduction.sk\\\/technologie\\\/\"},{\"@type\":\"ListItem\",\"position\":3,\"name\":\"Software\",\"item\":\"https:\\\/\\\/wproduction.sk\\\/technologie\\\/software\\\/\"},{\"@type\":\"ListItem\",\"position\":4,\"name\":\"Atem Software Control\"}]},{\"@type\":\"WebSite\",\"@id\":\"https:\\\/\\\/wproduction.sk\\\/#website\",\"url\":\"https:\\\/\\\/wproduction.sk\\\/\",\"name\":\"W Production\",\"description\":\"\",\"publisher\":{\"@id\":\"https:\\\/\\\/wproduction.sk\\\/#organization\"},\"potentialAction\":[{\"@type\":\"SearchAction\",\"target\":{\"@type\":\"EntryPoint\",\"urlTemplate\":\"https:\\\/\\\/wproduction.sk\\\/?s={search_term_string}\"},\"query-input\":{\"@type\":\"PropertyValueSpecification\",\"valueRequired\":true,\"valueName\":\"search_term_string\"}}],\"inLanguage\":\"en-GB\"},{\"@type\":\"Organization\",\"@id\":\"https:\\\/\\\/wproduction.sk\\\/#organization\",\"name\":\"W Production s.r.o.\",\"url\":\"https:\\\/\\\/wproduction.sk\\\/\",\"logo\":{\"@type\":\"ImageObject\",\"inLanguage\":\"en-GB\",\"@id\":\"https:\\\/\\\/wproduction.sk\\\/#\\\/schema\\\/logo\\\/image\\\/\",\"url\":\"https:\\\/\\\/wproduction.sk\\\/wp-content\\\/uploads\\\/2025\\\/03\\\/w-production-logo-small.jpg\",\"contentUrl\":\"https:\\\/\\\/wproduction.sk\\\/wp-content\\\/uploads\\\/2025\\\/03\\\/w-production-logo-small.jpg\",\"width\":800,\"height\":800,\"caption\":\"W Production s.r.o.\"},\"image\":{\"@id\":\"https:\\\/\\\/wproduction.sk\\\/#\\\/schema\\\/logo\\\/image\\\/\"},\"sameAs\":[\"https:\\\/\\\/www.facebook.com\\\/wproduction.slovakia\\\/\",\"https:\\\/\\\/www.instagram.com\\\/wproduction.sk\"],\"description\":\"W Production je video-produk\u010dn\u00e1 spolo\u010dnos\u0165, ktor\u00e1 sa \u0161pecializuje na tvorbu audiovizu\u00e1lneho obsahu. Pri na\u0161ej pr\u00e1ci kladieme d\u00f4raz na kvalitu, kreativitu a technick\u00fa prec\u00edznos\u0165.\",\"email\":\"info@wproduction.sk\",\"telephone\":\"+421 907 093 895\",\"legalName\":\"W Production s.r.o.\",\"foundingDate\":\"2022-01-01\",\"taxID\":\"2121635681\"}]}<\/script>\n<!-- \/ Yoast SEO Premium plugin. -->","yoast_head_json":{"title":"Atem Software Control | W Production","description":"ATEM Software Control je profesion\u00e1lny softv\u00e9r ur\u010den\u00fd na ovl\u00e1danie a konfigur\u00e1ciu Blackmagic Design ATEM switcherov.","robots":{"index":"index","follow":"follow","max-snippet":"max-snippet:-1","max-image-preview":"max-image-preview:large","max-video-preview":"max-video-preview:-1"},"canonical":"https:\/\/wproduction.sk\/en\/technologies\/software\/atem-software-control\/","og_locale":"en_GB","og_type":"article","og_title":"Atem Software Control","og_description":"ATEM Software Control je profesion\u00e1lny softv\u00e9r ur\u010den\u00fd na ovl\u00e1danie a konfigur\u00e1ciu Blackmagic Design ATEM switcherov.","og_url":"https:\/\/wproduction.sk\/en\/technologies\/software\/atem-software-control\/","og_site_name":"W Production","article_publisher":"https:\/\/www.facebook.com\/wproduction.slovakia\/","article_modified_time":"2025-03-23T23:26:38+00:00","og_image":[{"width":1920,"height":1080,"url":"https:\/\/wproduction.sk\/wp-content\/uploads\/2025\/03\/atem-software-control-cover.jpg","type":"image\/jpeg"}],"twitter_card":"summary_large_image","twitter_misc":{"Estimated reading time":"1 minute"},"schema":{"@context":"https:\/\/schema.org","@graph":[{"@type":"WebPage","@id":"https:\/\/wproduction.sk\/technologie\/software\/atem-software-control\/","url":"https:\/\/wproduction.sk\/technologie\/software\/atem-software-control\/","name":"Atem Software Control | W Production","isPartOf":{"@id":"https:\/\/wproduction.sk\/#website"},"primaryImageOfPage":{"@id":"https:\/\/wproduction.sk\/technologie\/software\/atem-software-control\/#primaryimage"},"image":{"@id":"https:\/\/wproduction.sk\/technologie\/software\/atem-software-control\/#primaryimage"},"thumbnailUrl":"https:\/\/wproduction.sk\/wp-content\/uploads\/2025\/03\/atem-software-control-cover.jpg","datePublished":"2025-03-22T02:17:56+00:00","dateModified":"2025-03-23T23:26:38+00:00","description":"ATEM Software Control je profesion\u00e1lny softv\u00e9r ur\u010den\u00fd na ovl\u00e1danie a konfigur\u00e1ciu Blackmagic Design ATEM switcherov.","breadcrumb":{"@id":"https:\/\/wproduction.sk\/technologie\/software\/atem-software-control\/#breadcrumb"},"inLanguage":"en-GB","potentialAction":[{"@type":"ReadAction","target":["https:\/\/wproduction.sk\/technologie\/software\/atem-software-control\/"]}]},{"@type":"ImageObject","inLanguage":"en-GB","@id":"https:\/\/wproduction.sk\/technologie\/software\/atem-software-control\/#primaryimage","url":"https:\/\/wproduction.sk\/wp-content\/uploads\/2025\/03\/atem-software-control-cover.jpg","contentUrl":"https:\/\/wproduction.sk\/wp-content\/uploads\/2025\/03\/atem-software-control-cover.jpg","width":1920,"height":1080},{"@type":"BreadcrumbList","@id":"https:\/\/wproduction.sk\/technologie\/software\/atem-software-control\/#breadcrumb","itemListElement":[{"@type":"ListItem","position":1,"name":"Home","item":"https:\/\/wproduction.sk\/"},{"@type":"ListItem","position":2,"name":"Technol\u00f3gie","item":"https:\/\/wproduction.sk\/technologie\/"},{"@type":"ListItem","position":3,"name":"Software","item":"https:\/\/wproduction.sk\/technologie\/software\/"},{"@type":"ListItem","position":4,"name":"Atem Software Control"}]},{"@type":"WebSite","@id":"https:\/\/wproduction.sk\/#website","url":"https:\/\/wproduction.sk\/","name":"W Production","description":"","publisher":{"@id":"https:\/\/wproduction.sk\/#organization"},"potentialAction":[{"@type":"SearchAction","target":{"@type":"EntryPoint","urlTemplate":"https:\/\/wproduction.sk\/?s={search_term_string}"},"query-input":{"@type":"PropertyValueSpecification","valueRequired":true,"valueName":"search_term_string"}}],"inLanguage":"en-GB"},{"@type":"Organization","@id":"https:\/\/wproduction.sk\/#organization","name":"W Production s.r.o.","url":"https:\/\/wproduction.sk\/","logo":{"@type":"ImageObject","inLanguage":"en-GB","@id":"https:\/\/wproduction.sk\/#\/schema\/logo\/image\/","url":"https:\/\/wproduction.sk\/wp-content\/uploads\/2025\/03\/w-production-logo-small.jpg","contentUrl":"https:\/\/wproduction.sk\/wp-content\/uploads\/2025\/03\/w-production-logo-small.jpg","width":800,"height":800,"caption":"W Production s.r.o."},"image":{"@id":"https:\/\/wproduction.sk\/#\/schema\/logo\/image\/"},"sameAs":["https:\/\/www.facebook.com\/wproduction.slovakia\/","https:\/\/www.instagram.com\/wproduction.sk"],"description":"W Production je video-produk\u010dn\u00e1 spolo\u010dnos\u0165, ktor\u00e1 sa \u0161pecializuje na tvorbu audiovizu\u00e1lneho obsahu. Pri na\u0161ej pr\u00e1ci kladieme d\u00f4raz na kvalitu, kreativitu a technick\u00fa prec\u00edznos\u0165.","email":"info@wproduction.sk","telephone":"+421 907 093 895","legalName":"W Production s.r.o.","foundingDate":"2022-01-01","taxID":"2121635681"}]}},"_links":{"self":[{"href":"https:\/\/wproduction.sk\/en\/wp-json\/wp\/v2\/pages\/11795","targetHints":{"allow":["GET"]}}],"collection":[{"href":"https:\/\/wproduction.sk\/en\/wp-json\/wp\/v2\/pages"}],"about":[{"href":"https:\/\/wproduction.sk\/en\/wp-json\/wp\/v2\/types\/page"}],"author":[{"embeddable":true,"href":"https:\/\/wproduction.sk\/en\/wp-json\/wp\/v2\/users\/1"}],"replies":[{"embeddable":true,"href":"https:\/\/wproduction.sk\/en\/wp-json\/wp\/v2\/comments?post=11795"}],"version-history":[{"count":0,"href":"https:\/\/wproduction.sk\/en\/wp-json\/wp\/v2\/pages\/11795\/revisions"}],"up":[{"embeddable":true,"href":"https:\/\/wproduction.sk\/en\/wp-json\/wp\/v2\/pages\/10993"}],"wp:featuredmedia":[{"embeddable":true,"href":"https:\/\/wproduction.sk\/en\/wp-json\/wp\/v2\/media\/11787"}],"wp:attachment":[{"href":"https:\/\/wproduction.sk\/en\/wp-json\/wp\/v2\/media?parent=11795"}],"curies":[{"name":"wp","href":"https:\/\/api.w.org\/{rel}","templated":true}]}}