{"id":11769,"date":"2025-03-22T02:01:26","date_gmt":"2025-03-22T02:01:26","guid":{"rendered":"https:\/\/wproduction.sk\/?page_id=11769"},"modified":"2025-03-23T23:18:27","modified_gmt":"2025-03-23T23:18:27","slug":"hollyland-mars-300-pro","status":"publish","type":"page","link":"https:\/\/wproduction.sk\/en\/technologies\/wireless-systems\/hollyland-mars-300-pro\/","title":{"rendered":"Hollyland Mars 300 PRO"},"content":{"rendered":"<div data-elementor-type=\"wp-page\" data-elementor-id=\"11769\" class=\"elementor elementor-11769\" data-elementor-post-type=\"page\">\n\t\t\t\t<div class=\"elementor-element elementor-element-19e3327 elementor-page-header border-radius-section e-flex e-con-boxed e-con e-parent\" data-id=\"19e3327\" data-element_type=\"container\" data-e-type=\"container\">\n\t\t\t\t\t<div class=\"e-con-inner\">\n\t\t<div class=\"elementor-element elementor-element-f953695 e-flex e-con-boxed e-con e-child\" data-id=\"f953695\" data-element_type=\"container\" data-e-type=\"container\" data-settings=\"{&quot;background_background&quot;:&quot;classic&quot;}\">\n\t\t\t\t\t<div class=\"e-con-inner\">\n\t\t<div class=\"elementor-element elementor-element-8dd63ed e-con-full e-flex e-con e-child\" data-id=\"8dd63ed\" data-element_type=\"container\" data-e-type=\"container\">\n\t\t\t\t<div class=\"elementor-element elementor-element-bff8899 at-heading-animation at-animation-heading-style-2 elementor-widget elementor-widget-heading\" data-id=\"bff8899\" data-element_type=\"widget\" data-e-type=\"widget\" data-settings=\"{&quot;ekit_we_effect_on&quot;:&quot;none&quot;}\" data-widget_type=\"heading.default\">\n\t\t\t\t<div class=\"elementor-widget-container\">\n\t\t\t\t\t<h1 class=\"elementor-heading-title elementor-size-default\">Hollyland Mars 300 PRO<\/h1>\t\t\t\t<\/div>\n\t\t\t\t<\/div>\n\t\t\t\t<div class=\"elementor-element elementor-element-9971d97 page-header-breadcrumb elementor-invisible elementor-widget elementor-widget-elementskit-breadcrumb\" data-id=\"9971d97\" data-element_type=\"widget\" data-e-type=\"widget\" data-settings=\"{&quot;_animation&quot;:&quot;fadeInUp&quot;,&quot;ekit_we_effect_on&quot;:&quot;none&quot;}\" data-widget_type=\"elementskit-breadcrumb.default\">\n\t\t\t\t<div class=\"elementor-widget-container\">\n\t\t\t\t\t<div class=\"ekit-wid-con\" ><ol class=\"ekit-breadcrumb\"><li class=\"ekit_breadcrumbs_start\"><a href=\"https:\/\/wproduction.sk\/en\/\">Home<\/a><\/li> <li class=\"brd_sep\"> &raquo; <\/li> <li><a href=\"https:\/\/wproduction.sk\/en\/technologies\/\" title=\"Technologies\">Technologies<\/a><\/li> <li class=\"brd_sep\"> &raquo; <\/li> <li><a href=\"https:\/\/wproduction.sk\/en\/technologies\/wireless-systems\/\" title=\"Wireless systems\">Wireless systems<\/a><\/li> <li class=\"brd_sep\"> &raquo; <\/li>  <li>Hollyland Mars 300 PRO<\/li><\/ol><\/div>\t\t\t\t<\/div>\n\t\t\t\t<\/div>\n\t\t\t\t<\/div>\n\t\t\t\t\t<\/div>\n\t\t\t\t<\/div>\n\t\t\t\t\t<\/div>\n\t\t\t\t<\/div>\n\t\t<div class=\"elementor-element elementor-element-016c4bd e-flex e-con-boxed e-con e-parent\" data-id=\"016c4bd\" data-element_type=\"container\" data-e-type=\"container\">\n\t\t\t\t\t<div class=\"e-con-inner\">\n\t\t<div class=\"elementor-element elementor-element-2cbfa30 e-con-full e-flex e-con e-child\" data-id=\"2cbfa30\" data-element_type=\"container\" data-e-type=\"container\">\n\t\t\t\t<div class=\"elementor-element elementor-element-315ebfb at-image-animation at-animation-image-none elementor-widget elementor-widget-image\" data-id=\"315ebfb\" data-element_type=\"widget\" data-e-type=\"widget\" data-settings=\"{&quot;ekit_we_effect_on&quot;:&quot;none&quot;}\" data-widget_type=\"image.default\">\n\t\t\t\t<div class=\"elementor-widget-container\">\n\t\t\t\t\t\t\t\t\t\t\t\t\t\t\t\t<a href=\"https:\/\/wproduction.sk\/wp-content\/uploads\/2025\/03\/hollyland-mars-300-pro-cover.jpg\" data-elementor-open-lightbox=\"yes\" data-elementor-lightbox-title=\"hollyland-mars-300-pro-cover\" data-e-action-hash=\"#elementor-action%3Aaction%3Dlightbox%26settings%3DeyJpZCI6MTE3NTgsInVybCI6Imh0dHBzOlwvXC93cHJvZHVjdGlvbi5za1wvd3AtY29udGVudFwvdXBsb2Fkc1wvMjAyNVwvMDNcL2hvbGx5bGFuZC1tYXJzLTMwMC1wcm8tY292ZXIuanBnIn0%3D\">\n\t\t\t\t\t\t\t<img fetchpriority=\"high\" decoding=\"async\" width=\"1920\" height=\"1080\" src=\"https:\/\/wproduction.sk\/wp-content\/uploads\/2025\/03\/hollyland-mars-300-pro-cover.jpg\" class=\"attachment-full size-full wp-image-11758\" alt=\"\" srcset=\"https:\/\/wproduction.sk\/wp-content\/uploads\/2025\/03\/hollyland-mars-300-pro-cover.jpg 1920w, https:\/\/wproduction.sk\/wp-content\/uploads\/2025\/03\/hollyland-mars-300-pro-cover-300x169.jpg 300w, https:\/\/wproduction.sk\/wp-content\/uploads\/2025\/03\/hollyland-mars-300-pro-cover-1024x576.jpg 1024w, https:\/\/wproduction.sk\/wp-content\/uploads\/2025\/03\/hollyland-mars-300-pro-cover-768x432.jpg 768w, https:\/\/wproduction.sk\/wp-content\/uploads\/2025\/03\/hollyland-mars-300-pro-cover-1536x864.jpg 1536w, https:\/\/wproduction.sk\/wp-content\/uploads\/2025\/03\/hollyland-mars-300-pro-cover-18x10.jpg 18w\" sizes=\"(max-width: 1920px) 100vw, 1920px\" \/>\t\t\t\t\t\t\t\t<\/a>\n\t\t\t\t\t\t\t\t\t\t\t\t\t\t\t<\/div>\n\t\t\t\t<\/div>\n\t\t\t\t<\/div>\n\t\t<div class=\"elementor-element elementor-element-988a776 e-con-full e-flex e-con e-child\" data-id=\"988a776\" data-element_type=\"container\" data-e-type=\"container\">\n\t\t\t\t<div class=\"elementor-element elementor-element-2f67547 at-heading-animation at-animation-heading-none elementor-widget elementor-widget-heading\" data-id=\"2f67547\" data-element_type=\"widget\" data-e-type=\"widget\" data-settings=\"{&quot;ekit_we_effect_on&quot;:&quot;none&quot;}\" data-widget_type=\"heading.default\">\n\t\t\t\t<div class=\"elementor-widget-container\">\n\t\t\t\t\t<h2 class=\"elementor-heading-title elementor-size-default\">Hollyland Mars 300 PRO is a compact wireless video transmitter designed for filmmakers and production teams. It offers stable transmission in Full HD 1080p quality over a distance of up to 90 meters with low latency. Both the transmitter and receiver are equipped with HDMI ports and the option for powering via NP-F batteries or USB-C. It supports monitoring on mobile devices via Wi-Fi, providing flexibility during shooting. With its lightweight construction and reliable signal, it's ideal for dynamic film productions and live streaming.<\/h2>\t\t\t\t<\/div>\n\t\t\t\t<\/div>\n\t\t\t\t<\/div>\n\t\t\t\t\t<\/div>\n\t\t\t\t<\/div>\n\t\t<div class=\"elementor-element elementor-element-d02a1a6 border-radius-section e-flex e-con-boxed e-con e-parent\" data-id=\"d02a1a6\" data-element_type=\"container\" data-e-type=\"container\" data-settings=\"{&quot;background_background&quot;:&quot;classic&quot;}\">\n\t\t\t\t\t<div class=\"e-con-inner\">\n\t\t<div class=\"elementor-element elementor-element-63e1853 e-flex e-con-boxed e-con e-child\" data-id=\"63e1853\" data-element_type=\"container\" data-e-type=\"container\" data-settings=\"{&quot;background_background&quot;:&quot;classic&quot;}\">\n\t\t\t\t\t<div class=\"e-con-inner\">\n\t\t<div class=\"elementor-element elementor-element-f150048 e-con-full e-flex e-con e-child\" data-id=\"f150048\" data-element_type=\"container\" data-e-type=\"container\">\n\t\t<div class=\"elementor-element elementor-element-f00826c e-con-full e-flex e-con e-child\" data-id=\"f00826c\" data-element_type=\"container\" data-e-type=\"container\">\n\t\t\t\t<div class=\"elementor-element elementor-element-1672fe2 section-title at-heading-animation at-animation-heading-none elementor-invisible elementor-widget elementor-widget-heading\" data-id=\"1672fe2\" data-element_type=\"widget\" data-e-type=\"widget\" data-settings=\"{&quot;_animation&quot;:&quot;fadeInUp&quot;,&quot;ekit_we_effect_on&quot;:&quot;none&quot;}\" data-widget_type=\"heading.default\">\n\t\t\t\t<div class=\"elementor-widget-container\">\n\t\t\t\t\t<h3 class=\"elementor-heading-title elementor-size-default\">Technical specifications<\/h3>\t\t\t\t<\/div>\n\t\t\t\t<\/div>\n\t\t\t\t<\/div>\n\t\t\t\t<\/div>\n\t\t<div class=\"elementor-element elementor-element-6278f44 e-con-full e-flex elementor-invisible e-con e-child\" data-id=\"6278f44\" data-element_type=\"container\" data-e-type=\"container\" data-settings=\"{&quot;animation&quot;:&quot;fadeInUp&quot;}\">\n\t\t\t\t<div class=\"elementor-element elementor-element-d369ef5 elementor-widget elementor-widget-text-editor\" data-id=\"d369ef5\" data-element_type=\"widget\" data-e-type=\"widget\" data-settings=\"{&quot;ekit_we_effect_on&quot;:&quot;none&quot;}\" data-widget_type=\"text-editor.default\">\n\t\t\t\t<div class=\"elementor-widget-container\">\n\t\t\t\t\t\t\t\t\t<p class=\"p1\"><span class=\"s1\"><b>Transmission distance:<\/b> Up to 90 m (line of sight)<\/span><\/p><p class=\"p1\"><span class=\"s1\"><b>Latency:<\/b> &lt; 0.1 seconds<\/span><\/p><p class=\"p1\"><span class=\"s1\"><b>Inputs:<\/b> 1\u00d7 HDMI (on the transmitter)<\/span><\/p><p class=\"p1\"><span class=\"s1\"><b>Outputs:<\/b> 1\u00d7 HDMI (on the receiver)<\/span><\/p><p class=\"p1\"><span class=\"s1\"><b>Supported resolutions:<\/b> Up to 1080p60<\/span><\/p><p class=\"p1\"><span class=\"s1\"><b>Connection support:<\/b> 1 transmitter can be paired with 1 receiver and 1 mobile device via Wi-Fi<\/span><\/p>\t\t\t\t\t\t\t\t<\/div>\n\t\t\t\t<\/div>\n\t\t\t\t<\/div>\n\t\t<div class=\"elementor-element elementor-element-e4c7c40 e-con-full e-flex elementor-invisible e-con e-child\" data-id=\"e4c7c40\" data-element_type=\"container\" data-e-type=\"container\" data-settings=\"{&quot;animation&quot;:&quot;fadeInUp&quot;}\">\n\t\t\t\t<div class=\"elementor-element elementor-element-d98d071 elementor-widget elementor-widget-text-editor\" data-id=\"d98d071\" data-element_type=\"widget\" data-e-type=\"widget\" data-settings=\"{&quot;ekit_we_effect_on&quot;:&quot;none&quot;}\" data-widget_type=\"text-editor.default\">\n\t\t\t\t<div class=\"elementor-widget-container\">\n\t\t\t\t\t\t\t\t\t<p class=\"p1\"><span class=\"s1\"><b>Frequency range:<\/b> 5 GHz<\/span><\/p><p class=\"p1\"><span class=\"s1\"><b>Power supply:<\/b> NP-F batteries or USB-C (5V-12V)<\/span><\/p><p class=\"p1\"><span class=\"s1\"><b>Display:<\/b> OLED display for settings and status<\/span><\/p><p class=\"p1\"><span class=\"s1\"><b>Dimensions:<\/b> 99 \u00d7 65 \u00d7 26 mm (transmitter\/receiver)<\/span><\/p><p class=\"p1\"><span class=\"s1\"><b>Weight:<\/b> 190 g<\/span><\/p>\t\t\t\t\t\t\t\t<\/div>\n\t\t\t\t<\/div>\n\t\t\t\t<\/div>\n\t\t\t\t\t<\/div>\n\t\t\t\t<\/div>\n\t\t\t\t\t<\/div>\n\t\t\t\t<\/div>\n\t\t\t\t<\/div>","protected":false},"excerpt":{"rendered":"<p>Domov Hollyland Mars 300 PRO je kompaktn\u00fd bezdr\u00f4tov\u00fd video [&hellip;]<\/p>","protected":false},"author":1,"featured_media":11758,"parent":11130,"menu_order":0,"comment_status":"closed","ping_status":"closed","template":"elementor_header_footer","meta":{"footnotes":""},"class_list":["post-11769","page","type-page","status-publish","has-post-thumbnail","hentry"],"yoast_head":"<!-- This site is optimized with the Yoast SEO Premium plugin v27.0 (Yoast SEO v27.4) - https:\/\/yoast.com\/product\/yoast-seo-premium-wordpress\/ -->\n<title>Hollyland Mars 300 PRO | W Production<\/title>\n<meta name=\"description\" content=\"Hollyland Mars 300 PRO je kompaktn\u00fd bezdr\u00f4tov\u00fd video vysiela\u010d ur\u010den\u00fd pre film\u00e1rov a produk\u010dn\u00e9 t\u00edmy.\" \/>\n<meta name=\"robots\" content=\"index, follow, max-snippet:-1, max-image-preview:large, max-video-preview:-1\" \/>\n<link rel=\"canonical\" href=\"https:\/\/wproduction.sk\/en\/technologies\/wireless-systems\/hollyland-mars-300-pro\/\" \/>\n<meta property=\"og:locale\" content=\"en_GB\" \/>\n<meta property=\"og:type\" content=\"article\" \/>\n<meta property=\"og:title\" content=\"Hollyland Mars 300 PRO\" \/>\n<meta property=\"og:description\" content=\"Hollyland Mars 300 PRO je kompaktn\u00fd bezdr\u00f4tov\u00fd video vysiela\u010d ur\u010den\u00fd pre film\u00e1rov a produk\u010dn\u00e9 t\u00edmy.\" \/>\n<meta property=\"og:url\" content=\"https:\/\/wproduction.sk\/en\/technologies\/wireless-systems\/hollyland-mars-300-pro\/\" \/>\n<meta property=\"og:site_name\" content=\"W Production\" \/>\n<meta property=\"article:publisher\" content=\"https:\/\/www.facebook.com\/wproduction.slovakia\/\" \/>\n<meta property=\"article:modified_time\" content=\"2025-03-23T23:18:27+00:00\" \/>\n<meta property=\"og:image\" content=\"https:\/\/wproduction.sk\/wp-content\/uploads\/2025\/03\/hollyland-mars-300-pro-cover.jpg\" \/>\n\t<meta property=\"og:image:width\" content=\"1920\" \/>\n\t<meta property=\"og:image:height\" content=\"1080\" \/>\n\t<meta property=\"og:image:type\" content=\"image\/jpeg\" \/>\n<meta name=\"twitter:card\" content=\"summary_large_image\" \/>\n<meta name=\"twitter:label1\" content=\"Estimated reading time\" \/>\n\t<meta name=\"twitter:data1\" content=\"2 minutes\" \/>\n<script type=\"application\/ld+json\" class=\"yoast-schema-graph\">{\"@context\":\"https:\\\/\\\/schema.org\",\"@graph\":[{\"@type\":\"WebPage\",\"@id\":\"https:\\\/\\\/wproduction.sk\\\/technologie\\\/bezdrotove-systemy\\\/hollyland-mars-300-pro\\\/\",\"url\":\"https:\\\/\\\/wproduction.sk\\\/technologie\\\/bezdrotove-systemy\\\/hollyland-mars-300-pro\\\/\",\"name\":\"Hollyland Mars 300 PRO | W Production\",\"isPartOf\":{\"@id\":\"https:\\\/\\\/wproduction.sk\\\/#website\"},\"primaryImageOfPage\":{\"@id\":\"https:\\\/\\\/wproduction.sk\\\/technologie\\\/bezdrotove-systemy\\\/hollyland-mars-300-pro\\\/#primaryimage\"},\"image\":{\"@id\":\"https:\\\/\\\/wproduction.sk\\\/technologie\\\/bezdrotove-systemy\\\/hollyland-mars-300-pro\\\/#primaryimage\"},\"thumbnailUrl\":\"https:\\\/\\\/wproduction.sk\\\/wp-content\\\/uploads\\\/2025\\\/03\\\/hollyland-mars-300-pro-cover.jpg\",\"datePublished\":\"2025-03-22T02:01:26+00:00\",\"dateModified\":\"2025-03-23T23:18:27+00:00\",\"description\":\"Hollyland Mars 300 PRO je kompaktn\u00fd bezdr\u00f4tov\u00fd video vysiela\u010d ur\u010den\u00fd pre film\u00e1rov a produk\u010dn\u00e9 t\u00edmy.\",\"breadcrumb\":{\"@id\":\"https:\\\/\\\/wproduction.sk\\\/technologie\\\/bezdrotove-systemy\\\/hollyland-mars-300-pro\\\/#breadcrumb\"},\"inLanguage\":\"en-GB\",\"potentialAction\":[{\"@type\":\"ReadAction\",\"target\":[\"https:\\\/\\\/wproduction.sk\\\/technologie\\\/bezdrotove-systemy\\\/hollyland-mars-300-pro\\\/\"]}]},{\"@type\":\"ImageObject\",\"inLanguage\":\"en-GB\",\"@id\":\"https:\\\/\\\/wproduction.sk\\\/technologie\\\/bezdrotove-systemy\\\/hollyland-mars-300-pro\\\/#primaryimage\",\"url\":\"https:\\\/\\\/wproduction.sk\\\/wp-content\\\/uploads\\\/2025\\\/03\\\/hollyland-mars-300-pro-cover.jpg\",\"contentUrl\":\"https:\\\/\\\/wproduction.sk\\\/wp-content\\\/uploads\\\/2025\\\/03\\\/hollyland-mars-300-pro-cover.jpg\",\"width\":1920,\"height\":1080},{\"@type\":\"BreadcrumbList\",\"@id\":\"https:\\\/\\\/wproduction.sk\\\/technologie\\\/bezdrotove-systemy\\\/hollyland-mars-300-pro\\\/#breadcrumb\",\"itemListElement\":[{\"@type\":\"ListItem\",\"position\":1,\"name\":\"Home\",\"item\":\"https:\\\/\\\/wproduction.sk\\\/\"},{\"@type\":\"ListItem\",\"position\":2,\"name\":\"Technol\u00f3gie\",\"item\":\"https:\\\/\\\/wproduction.sk\\\/technologie\\\/\"},{\"@type\":\"ListItem\",\"position\":3,\"name\":\"Bezdr\u00f4tov\u00e9 syst\u00e9my\",\"item\":\"https:\\\/\\\/wproduction.sk\\\/technologie\\\/bezdrotove-systemy\\\/\"},{\"@type\":\"ListItem\",\"position\":4,\"name\":\"Hollyland Mars 300 PRO\"}]},{\"@type\":\"WebSite\",\"@id\":\"https:\\\/\\\/wproduction.sk\\\/#website\",\"url\":\"https:\\\/\\\/wproduction.sk\\\/\",\"name\":\"W Production\",\"description\":\"\",\"publisher\":{\"@id\":\"https:\\\/\\\/wproduction.sk\\\/#organization\"},\"potentialAction\":[{\"@type\":\"SearchAction\",\"target\":{\"@type\":\"EntryPoint\",\"urlTemplate\":\"https:\\\/\\\/wproduction.sk\\\/?s={search_term_string}\"},\"query-input\":{\"@type\":\"PropertyValueSpecification\",\"valueRequired\":true,\"valueName\":\"search_term_string\"}}],\"inLanguage\":\"en-GB\"},{\"@type\":\"Organization\",\"@id\":\"https:\\\/\\\/wproduction.sk\\\/#organization\",\"name\":\"W Production s.r.o.\",\"url\":\"https:\\\/\\\/wproduction.sk\\\/\",\"logo\":{\"@type\":\"ImageObject\",\"inLanguage\":\"en-GB\",\"@id\":\"https:\\\/\\\/wproduction.sk\\\/#\\\/schema\\\/logo\\\/image\\\/\",\"url\":\"https:\\\/\\\/wproduction.sk\\\/wp-content\\\/uploads\\\/2025\\\/03\\\/w-production-logo-small.jpg\",\"contentUrl\":\"https:\\\/\\\/wproduction.sk\\\/wp-content\\\/uploads\\\/2025\\\/03\\\/w-production-logo-small.jpg\",\"width\":800,\"height\":800,\"caption\":\"W Production s.r.o.\"},\"image\":{\"@id\":\"https:\\\/\\\/wproduction.sk\\\/#\\\/schema\\\/logo\\\/image\\\/\"},\"sameAs\":[\"https:\\\/\\\/www.facebook.com\\\/wproduction.slovakia\\\/\",\"https:\\\/\\\/www.instagram.com\\\/wproduction.sk\"],\"description\":\"W Production je video-produk\u010dn\u00e1 spolo\u010dnos\u0165, ktor\u00e1 sa \u0161pecializuje na tvorbu audiovizu\u00e1lneho obsahu. Pri na\u0161ej pr\u00e1ci kladieme d\u00f4raz na kvalitu, kreativitu a technick\u00fa prec\u00edznos\u0165.\",\"email\":\"info@wproduction.sk\",\"telephone\":\"+421 907 093 895\",\"legalName\":\"W Production s.r.o.\",\"foundingDate\":\"2022-01-01\",\"taxID\":\"2121635681\"}]}<\/script>\n<!-- \/ Yoast SEO Premium plugin. -->","yoast_head_json":{"title":"Hollyland Mars 300 PRO | W Production","description":"Hollyland Mars 300 PRO je kompaktn\u00fd bezdr\u00f4tov\u00fd video vysiela\u010d ur\u010den\u00fd pre film\u00e1rov a produk\u010dn\u00e9 t\u00edmy.","robots":{"index":"index","follow":"follow","max-snippet":"max-snippet:-1","max-image-preview":"max-image-preview:large","max-video-preview":"max-video-preview:-1"},"canonical":"https:\/\/wproduction.sk\/en\/technologies\/wireless-systems\/hollyland-mars-300-pro\/","og_locale":"en_GB","og_type":"article","og_title":"Hollyland Mars 300 PRO","og_description":"Hollyland Mars 300 PRO je kompaktn\u00fd bezdr\u00f4tov\u00fd video vysiela\u010d ur\u010den\u00fd pre film\u00e1rov a produk\u010dn\u00e9 t\u00edmy.","og_url":"https:\/\/wproduction.sk\/en\/technologies\/wireless-systems\/hollyland-mars-300-pro\/","og_site_name":"W Production","article_publisher":"https:\/\/www.facebook.com\/wproduction.slovakia\/","article_modified_time":"2025-03-23T23:18:27+00:00","og_image":[{"width":1920,"height":1080,"url":"https:\/\/wproduction.sk\/wp-content\/uploads\/2025\/03\/hollyland-mars-300-pro-cover.jpg","type":"image\/jpeg"}],"twitter_card":"summary_large_image","twitter_misc":{"Estimated reading time":"2 minutes"},"schema":{"@context":"https:\/\/schema.org","@graph":[{"@type":"WebPage","@id":"https:\/\/wproduction.sk\/technologie\/bezdrotove-systemy\/hollyland-mars-300-pro\/","url":"https:\/\/wproduction.sk\/technologie\/bezdrotove-systemy\/hollyland-mars-300-pro\/","name":"Hollyland Mars 300 PRO | W Production","isPartOf":{"@id":"https:\/\/wproduction.sk\/#website"},"primaryImageOfPage":{"@id":"https:\/\/wproduction.sk\/technologie\/bezdrotove-systemy\/hollyland-mars-300-pro\/#primaryimage"},"image":{"@id":"https:\/\/wproduction.sk\/technologie\/bezdrotove-systemy\/hollyland-mars-300-pro\/#primaryimage"},"thumbnailUrl":"https:\/\/wproduction.sk\/wp-content\/uploads\/2025\/03\/hollyland-mars-300-pro-cover.jpg","datePublished":"2025-03-22T02:01:26+00:00","dateModified":"2025-03-23T23:18:27+00:00","description":"Hollyland Mars 300 PRO je kompaktn\u00fd bezdr\u00f4tov\u00fd video vysiela\u010d ur\u010den\u00fd pre film\u00e1rov a produk\u010dn\u00e9 t\u00edmy.","breadcrumb":{"@id":"https:\/\/wproduction.sk\/technologie\/bezdrotove-systemy\/hollyland-mars-300-pro\/#breadcrumb"},"inLanguage":"en-GB","potentialAction":[{"@type":"ReadAction","target":["https:\/\/wproduction.sk\/technologie\/bezdrotove-systemy\/hollyland-mars-300-pro\/"]}]},{"@type":"ImageObject","inLanguage":"en-GB","@id":"https:\/\/wproduction.sk\/technologie\/bezdrotove-systemy\/hollyland-mars-300-pro\/#primaryimage","url":"https:\/\/wproduction.sk\/wp-content\/uploads\/2025\/03\/hollyland-mars-300-pro-cover.jpg","contentUrl":"https:\/\/wproduction.sk\/wp-content\/uploads\/2025\/03\/hollyland-mars-300-pro-cover.jpg","width":1920,"height":1080},{"@type":"BreadcrumbList","@id":"https:\/\/wproduction.sk\/technologie\/bezdrotove-systemy\/hollyland-mars-300-pro\/#breadcrumb","itemListElement":[{"@type":"ListItem","position":1,"name":"Home","item":"https:\/\/wproduction.sk\/"},{"@type":"ListItem","position":2,"name":"Technol\u00f3gie","item":"https:\/\/wproduction.sk\/technologie\/"},{"@type":"ListItem","position":3,"name":"Bezdr\u00f4tov\u00e9 syst\u00e9my","item":"https:\/\/wproduction.sk\/technologie\/bezdrotove-systemy\/"},{"@type":"ListItem","position":4,"name":"Hollyland Mars 300 PRO"}]},{"@type":"WebSite","@id":"https:\/\/wproduction.sk\/#website","url":"https:\/\/wproduction.sk\/","name":"W Production","description":"","publisher":{"@id":"https:\/\/wproduction.sk\/#organization"},"potentialAction":[{"@type":"SearchAction","target":{"@type":"EntryPoint","urlTemplate":"https:\/\/wproduction.sk\/?s={search_term_string}"},"query-input":{"@type":"PropertyValueSpecification","valueRequired":true,"valueName":"search_term_string"}}],"inLanguage":"en-GB"},{"@type":"Organization","@id":"https:\/\/wproduction.sk\/#organization","name":"W Production s.r.o.","url":"https:\/\/wproduction.sk\/","logo":{"@type":"ImageObject","inLanguage":"en-GB","@id":"https:\/\/wproduction.sk\/#\/schema\/logo\/image\/","url":"https:\/\/wproduction.sk\/wp-content\/uploads\/2025\/03\/w-production-logo-small.jpg","contentUrl":"https:\/\/wproduction.sk\/wp-content\/uploads\/2025\/03\/w-production-logo-small.jpg","width":800,"height":800,"caption":"W Production s.r.o."},"image":{"@id":"https:\/\/wproduction.sk\/#\/schema\/logo\/image\/"},"sameAs":["https:\/\/www.facebook.com\/wproduction.slovakia\/","https:\/\/www.instagram.com\/wproduction.sk"],"description":"W Production je video-produk\u010dn\u00e1 spolo\u010dnos\u0165, ktor\u00e1 sa \u0161pecializuje na tvorbu audiovizu\u00e1lneho obsahu. Pri na\u0161ej pr\u00e1ci kladieme d\u00f4raz na kvalitu, kreativitu a technick\u00fa prec\u00edznos\u0165.","email":"info@wproduction.sk","telephone":"+421 907 093 895","legalName":"W Production s.r.o.","foundingDate":"2022-01-01","taxID":"2121635681"}]}},"_links":{"self":[{"href":"https:\/\/wproduction.sk\/en\/wp-json\/wp\/v2\/pages\/11769","targetHints":{"allow":["GET"]}}],"collection":[{"href":"https:\/\/wproduction.sk\/en\/wp-json\/wp\/v2\/pages"}],"about":[{"href":"https:\/\/wproduction.sk\/en\/wp-json\/wp\/v2\/types\/page"}],"author":[{"embeddable":true,"href":"https:\/\/wproduction.sk\/en\/wp-json\/wp\/v2\/users\/1"}],"replies":[{"embeddable":true,"href":"https:\/\/wproduction.sk\/en\/wp-json\/wp\/v2\/comments?post=11769"}],"version-history":[{"count":0,"href":"https:\/\/wproduction.sk\/en\/wp-json\/wp\/v2\/pages\/11769\/revisions"}],"up":[{"embeddable":true,"href":"https:\/\/wproduction.sk\/en\/wp-json\/wp\/v2\/pages\/11130"}],"wp:featuredmedia":[{"embeddable":true,"href":"https:\/\/wproduction.sk\/en\/wp-json\/wp\/v2\/media\/11758"}],"wp:attachment":[{"href":"https:\/\/wproduction.sk\/en\/wp-json\/wp\/v2\/media?parent=11769"}],"curies":[{"name":"wp","href":"https:\/\/api.w.org\/{rel}","templated":true}]}}